{"id":8006,"date":"2024-08-13T11:07:18","date_gmt":"2024-08-13T11:07:18","guid":{"rendered":"https:\/\/www.usp-research.com\/terms-conditions\/"},"modified":"2025-04-11T14:34:37","modified_gmt":"2025-04-11T14:34:37","slug":"algemene-voorwaarden","status":"publish","type":"page","link":"https:\/\/www.usp-research.com\/nl\/algemene-voorwaarden\/","title":{"rendered":"Algemene Voorwaarden"},"content":{"rendered":"<p><b>Artikel 1 \u2013 Algemeen<\/b><b><br \/>\n<\/b><b><br \/>\n<\/b>Deze algemene voorwaarden zijn van toepassing op alle opdrachten van opdrachtgevers die door USP Marketing Consultancy B.V. (\u2018USP\u2019) worden geaccepteerd.<\/p>\n<p><b>Artikel 2 \u2013 Opdrachtaanvaarding<\/b><\/p>\n<p>[1] USP verricht in opdracht exclusieve onderzoeken en multi-cli\u00ebnt onderzoeken.<\/p>\n<p>[2] Voordat door USP een opdracht tot het verrichten van een exclusief onderzoek wordt geaccepteerd, wordt door USP een onderzoeksvoorstel uitgebracht. Dit onderzoeksvoorstel omvat: een probleemstelling, de onderzoeksvragen, een plan van aanpak, een tijdspad (tijdsbeslag) en de onderzoekskosten.<br \/>\n[3] Het onderzoeksvoorstel is gebaseerd op de informatie die door de opdrachtgever aan USP is verstrekt. De opdrachtgever garandeert dat alle voor het opstellen van het onderzoeksvoorstel relevante informatie aan USP ter beschikking is gesteld.<\/p>\n<p>[4] Het onderzoeksvoorstel wordt door de opdrachtgever geaccepteerd door ondertekening. Met deze ondertekening geeft de opdrachtgever opdracht tot het verrichten van een exclusief onderzoek.<\/p>\n<p>[5] Een opdrachtgever geeft opdracht voor een multi-cli\u00ebntonderzoek door via het inschrijfformulier van USP aan te geven dat hij deelneemt aan het onderzoek. USP voert dit onderzoek mede ten behoeve van de opdrachtgever uit.<\/p>\n<p><b>Artikel 3 \u2013 Uitvoering en rapportering<\/b><\/p>\n<p>[1] USP spant zich in om opdrachten naar beste inzicht en vermogen uit te voeren. USP rapporteert aan de opdrachtgever de uitkomsten van haar onderzoek, eveneens haar adviezen en conclusies gebaseerd op de uitkomsten van haar onderzoek. De resultaten van toepassing en gebruik van de conclusies, adviezen en uitkomsten van onderzoek van USP zijn van velerlei factoren afhankelijk die buiten de invloedssfeer van USP vallen. USP heeft geen betrokkenheid bij en geen enkele verantwoordelijkheid voor de toepassing en het gebruik van de conclusies, adviezen en uitkomsten van onderzoek of de daarmee behaalde resultaten.<\/p>\n<p>[2] Tijdens de uitvoering van een exclusieve opdracht kan blijken dat bij de uitvoering van de opdracht van het onderzoeksvoorstel moet worden afgeweken om de opdracht naar beste inzicht en vermogen te kunnen uitvoeren. USP voert in dat geval overleg met de opdrachtgever. De uitvoering van de opdracht wordt hervat zodra de opdrachtgever conform artikel 1 een gewijzigd onderzoeksvoorstel heeft geaccepteerd. USP is niet verplicht en kan niet worden verplicht de opdracht ongewijzigd uit te voeren.<\/p>\n<p>[3] De opdrachtgever garandeert dat alle documenten en gegevens die USP nodig heeft om conform de overeengekomen planning een exclusieve opdracht uit te voeren, tijdig aan USP ter beschikking worden gesteld. Bovendien garandeert de opdrachtgever de beschikbaarheid van de bij de werkzaamheden betrokken medewerkers van opdrachtgever conform de overeengekomen planning.<\/p>\n<p>[4] De opdrachtgever betrekt geen derden bij de uitvoering van een opdracht, tenzij dat schriftelijk is overeengekomen met USP.<\/p>\n<p>[5] USP kan de samenstelling van haar onderzoeksteam gedurende de uitvoering van een opdracht wijzigen, indien zij dit noodzakelijk acht.<\/p>\n<p>[6] USP heeft het recht zonder overleg met de opdrachtgever derden (\u2018hulppersonen\u2019) \u00a0in te schakelen bij de uitvoering van opdrachten.<\/p>\n<p>[7] <span data-teams=\"true\">Indien het aantal projecturen de oorspronkelijke schatting met meer dan 10% overschrijdt als gevolg van aanvullende verzoeken, zijn wij genoodzaakt de extra gemaakte kosten in rekening te brengen. Wij zullen dit altijd met u bespreken om transparantie en wederzijdse overeenstemming te waarborgen.<\/span><\/p>\n<p><b>Artikel 4 \u2013 Kosten \u00a0en betaling<\/b><\/p>\n<p>[1] USP verricht werkzaamheden ter uitvoering van opdrachten tegen vergoeding van de kosten van onderzoek. De kosten van onderzoek worden in het onderzoeksvoorstel of inschrijfformulier van USP genoemd en worden door de opdrachtgever bij het geven van een opdracht conform artikel 1 geaccepteerd.<\/p>\n<p>[2] De door USP gehanteerde kosten van onderzoek zijn exclusief reis- en verblijfkosten, kopieerkosten, aanschafkosten van literatuur, gemaakt ten behoeve van de uitvoering van de opdracht, en BTW. Deze kosten (nader gespecificeerd) en BTW moeten door de opdrachtgever aan USP worden vergoed en worden door USP aan de opdrachtgever in rekening gebracht tezamen met de verschuldigde kosten van onderzoek.<\/p>\n<p>[3] USP factureert 50% bij aanvaarding van het voorstel en 50% na voltooiing van de opdracht voor projecten onder de \u20ac 50.000. Bij projecten met een projectwaarde van meer dan \u20ac 50.000, factureert USP 50% bij aanvaarding van het voorstel, 25% tijdens het project en 25% na voltooiing van de opdracht. USP kan bedingen dat een ander percentage van de kosten van onderzoek op voorhand worden voldaan.<\/p>\n<p>[4] Alle facturen van USP moeten binnen 21 dagen door de opdrachtgever zijn voldaan.<br \/>\nIndien na het verstrijken van deze termijn door USP nog geen (volledige) betaling is ontvangen, is de opdrachtgever in verzuim en is deze een rente verschuldigd gelijk aan de wettelijke handelsrente.<br \/>\nIndien USP genoodzaakt is haar opdrachtgever voor de tweede keer aan te manen, is zij gerechtigd een bedrag ad. \u20ac 25,00 aan administratiekosten bij de opdrachtgever in rekening te brengen.<br \/>\nAlle door USP gemaakte kosten, zoals proceskosten, buitengerechtelijke en gerechtelijke kosten, daaronder begrepen de kosten voor juridische bijstand, gerechtsdeurwaarders en incassobureaus, gemaakt in verband met te late betalingen, komen ten laste van de opdrachtgever. De buitengerechtelijke kosten worden gesteld op ten minste 15% van het factuurbedrag(en) met een minimum van \u20ac 120,00<\/p>\n<p><b>Artikel 5 \u2013 (Tussentijdse) be\u00ebindiging<\/b><\/p>\n<p>[1] USP heeft het recht de uitvoering van een opdracht direct tussentijds te be\u00ebindigen indien een geval van artikel 3 lid [3] zich voordoet en de opdrachtgever het gewijzigde onderzoeksvoorstel niet (conform artikel 1) accepteert. USP heeft ook het recht de uitvoering van een opdracht direct tussentijds te be\u00ebindigen als de opdrachtgever niet voldoet aan artikel 3 lid [4].<\/p>\n<p>[2] USP en opdrachtgever hebben het recht de uitvoering van een opdracht direct tussentijds te be\u00ebindigen indien de ander toerekenbaar tekortschiet in de nakoming van (\u00e9\u00e9n van) zijn verplichtingen en\/of de ander in staat van faillissement of in surs\u00e9ance van betaling geraakt, dan wel faillissement of surs\u00e9ance van betaling aanvraagt.<br \/>\n[3] Bij elke tussentijdse be\u00ebindiging van de uitvoering van een opdracht is de opdrachtgever verplicht de tot het moment van de be\u00ebindiging aan USP verschuldigde kosten van onderzoek en overige kosten te voldoen.<\/p>\n<p>[4] De (uitvoering van een) opdracht is be\u00ebindigd als het eindrapport in definitieve vorm is toegezonden door USP aan de opdrachtgever en \u2013 indien dat is overeengekomen \u2013 de presentatie daarvan door USP heeft plaatsgevonden.<\/p>\n<p><b>Artikel 6 \u2013 Intellectuele eigendomsrechten<\/b><\/p>\n<p>[1] USP is exclusief rechthebbende op alle intellectuele eigendomsrechten (waaronder mede begrepen, doch daartoe niet beperkt: auteursrechten, databankrechten, merkrechten, octrooirechten en handelsnaamrechten) met betrekking tot onderzoeksvoorstellen, (tussentijdse) rapportages en andere stukken afkomstig van USP.<\/p>\n<p>[2] Het verrichten door USP van werkzaamheden voor de opdrachtgever ter uitvoering van een opdracht, houdt niet in dat de intellectuele eigendomsrechten met betrekking tot deze werkzaamheden of resultaten daarvan, toekomen aan of gelicentieerd worden aan de opdrachtgever. Deze intellectuele eigendomsrechten blijven volledig bij USP berusten, tenzij uitdrukkelijk en schriftelijk anders is overeengekomen. Voor het geval een opdrachtgever is aan te merken als openbare macht in de zin van artikel 15b Auteurswet 1912, zal deze opdrachtgever ervoor zorgdragen dat het auteursrecht uitdrukkelijk wordt voorbehouden zodat USP zich kan blijven verzetten tegen verdere openbaarmaking en\/of verveelvoudiging.<\/p>\n<p>[3] De opdrachtgever zal onderzoeksvoorstellen, (tussentijdse) rapportages en andere stukken van USP niet zonder uitdrukkelijke en schriftelijke toestemming van USP geheel of gedeeltelijk verveelvoudigen en\/of aan derden ter beschikking stellen en\/of anderszins openbaar maken.<\/p>\n<p>[4] De opdrachtgever zal tot \u00e9\u00e9n jaar na afloop van het project \/ ontvangen van diensten medewerkers van USP Marketing Consultancy niet benaderen voor een functie bij de eigen organisatie \/ dochterondernemingen zonder voorafgaande schriftelijke toestemming van USP Marketing Consultancy.<\/p>\n<p><b>Artikel 7 \u2013 Geheimhouding<\/b><\/p>\n<p>[1] USP verplicht zich voor het geval dat zij met de opdrachtgever overeenkomt dat USP een exclusief onderzoek verricht, tot geheimhouding van alle informatie en gegevens die zij in het kader van de (uitvoering van de) opdracht van de opdrachtgever ontvangt. USP zal haar (tussentijdse) rapportages in dergelijke onderzoeken alleen ter beschikking stellen aan de opdrachtgever. Indien USP op grond van de wet gedwongen wordt de bedoelde informatie en gegevens te verstrekken, vervalt deze geheimhouding.<\/p>\n<p>[2] Indien USP en de opdrachtgever overeenkomen dat USP een multi-cli\u00ebnt onderzoek verricht dan geldt de voorgaande verplichting tot geheimhouding (lid [1]), niet.<\/p>\n<p>[3] De opdrachtgever zal zonder uitdrukkelijke en schriftelijke toestemming van USP geen mededelingen doen aan derden over de werkwijze en aanpak van USP in het kader van (de uitvoering van) opdrachten.<\/p>\n<p><b>Artikel 8 \u2013 Aansprakelijkheid<\/b><\/p>\n<p>[1] USP is niet aansprakelijk voor enige schade die het directe of indirecte gevolg is van haar werkzaamheden, tenzij sprake is van grove schuld of opzet van USP. In alle gevallen is aansprakelijkheid van USP beperkt tot een bedrag dat gelijk is aan de som van de factuurbedragen van alle terzake van de uitvoering van de betreffende opdracht door USP aan de opdrachtgever verzonden facturen.<\/p>\n<p>[2] De opdrachtgever vrijwaart USP voor alle aanspraken van derden tot vergoeding van elke schade die het directe of indirecte gevolg is van haar werkzaamheden.<\/p>\n<p><b>Artikel 9 \u2013 Meerdere opdrachtgevers<\/b><\/p>\n<p>In het geval dat meerdere opdrachtgevers gezamenlijk een opdracht aan USP geven tot het verrichten van een exclusief onderzoek, is elke opdrachtgever hoofdelijk gehouden aan de verplichtingen jegens USP te voldoen en worden garanties geacht door elke opdrachtgever afzonderlijk te zijn gegeven. Elke omstandigheid of rechtsmiddel dat USP kan tegenwerpen aan \u00e9\u00e9n van de opdrachtgevers, kan zij ook aan de andere opdrachtgever(s) tegenwerpen.<\/p>\n<p>&nbsp;<\/p>\n","protected":false},"excerpt":{"rendered":"<p>Artikel 1 \u2013 Algemeen Deze algemene voorwaarden zijn van toepassing op alle opdrachten van opdrachtgevers die door USP Marketing Consultancy B.V. (\u2018USP\u2019) worden geaccepteerd. Artikel 2 \u2013 Opdrachtaanvaarding [1] USP verricht in opdracht exclusieve onderzoeken en multi-cli\u00ebnt onderzoeken. [2] Voordat door USP een opdracht tot het verrichten van een exclusief onderzoek wordt geaccepteerd, wordt door [&hellip;]<\/p>\n","protected":false},"author":1,"featured_media":0,"parent":0,"menu_order":30,"comment_status":"closed","ping_status":"closed","template":"tpl-privacy-policy.php","meta":{"_acf_changed":false,"footnotes":""},"class_list":["post-8006","page","type-page","status-publish","hentry"],"acf":[],"yoast_head":"<!-- This site is optimized with the Yoast SEO plugin v27.0 - https:\/\/yoast.com\/product\/yoast-seo-wordpress\/ -->\n<title>Algemene Voorwaarden - Usp<\/title>\n<meta name=\"robots\" content=\"index, follow, max-snippet:-1, max-image-preview:large, max-video-preview:-1\" \/>\n<meta property=\"og:locale\" content=\"nl_NL\" \/>\n<meta property=\"og:type\" content=\"article\" \/>\n<meta property=\"og:title\" content=\"Algemene Voorwaarden - Usp\" \/>\n<meta property=\"og:description\" content=\"Artikel 1 \u2013 Algemeen Deze algemene voorwaarden zijn van toepassing op alle opdrachten van opdrachtgevers die door USP Marketing Consultancy B.V. (\u2018USP\u2019) worden geaccepteerd. Artikel 2 \u2013 Opdrachtaanvaarding [1] USP verricht in opdracht exclusieve onderzoeken en multi-cli\u00ebnt onderzoeken. [2] Voordat door USP een opdracht tot het verrichten van een exclusief onderzoek wordt geaccepteerd, wordt door [&hellip;]\" \/>\n<meta property=\"og:url\" content=\"https:\/\/www.usp-research.com\/nl\/algemene-voorwaarden\/\" \/>\n<meta property=\"og:site_name\" content=\"Usp\" \/>\n<meta property=\"article:modified_time\" content=\"2025-04-11T14:34:37+00:00\" \/>\n<meta name=\"twitter:card\" content=\"summary_large_image\" \/>\n<meta name=\"twitter:label1\" content=\"Geschatte leestijd\" \/>\n\t<meta name=\"twitter:data1\" content=\"7 minuten\" \/>\n<script type=\"application\/ld+json\" class=\"yoast-schema-graph\">{\"@context\":\"https:\/\/schema.org\",\"@graph\":[{\"@type\":\"WebPage\",\"@id\":\"https:\/\/www.usp-research.com\/nl\/algemene-voorwaarden\/\",\"url\":\"https:\/\/www.usp-research.com\/nl\/algemene-voorwaarden\/\",\"name\":\"Algemene Voorwaarden - Usp\",\"isPartOf\":{\"@id\":\"https:\/\/www.usp-research.com\/#website\"},\"datePublished\":\"2024-08-13T11:07:18+00:00\",\"dateModified\":\"2025-04-11T14:34:37+00:00\",\"breadcrumb\":{\"@id\":\"https:\/\/www.usp-research.com\/nl\/algemene-voorwaarden\/#breadcrumb\"},\"inLanguage\":\"nl-NL\",\"potentialAction\":[{\"@type\":\"ReadAction\",\"target\":[\"https:\/\/www.usp-research.com\/nl\/algemene-voorwaarden\/\"]}]},{\"@type\":\"BreadcrumbList\",\"@id\":\"https:\/\/www.usp-research.com\/nl\/algemene-voorwaarden\/#breadcrumb\",\"itemListElement\":[{\"@type\":\"ListItem\",\"position\":1,\"name\":\"Home\",\"item\":\"https:\/\/www.usp-research.com\/nl\/\"},{\"@type\":\"ListItem\",\"position\":2,\"name\":\"Algemene Voorwaarden\"}]},{\"@type\":\"WebSite\",\"@id\":\"https:\/\/www.usp-research.com\/#website\",\"url\":\"https:\/\/www.usp-research.com\/\",\"name\":\"Usp\",\"description\":\"\",\"publisher\":{\"@id\":\"https:\/\/www.usp-research.com\/#organization\"},\"potentialAction\":[{\"@type\":\"SearchAction\",\"target\":{\"@type\":\"EntryPoint\",\"urlTemplate\":\"https:\/\/www.usp-research.com\/?s={search_term_string}\"},\"query-input\":{\"@type\":\"PropertyValueSpecification\",\"valueRequired\":true,\"valueName\":\"search_term_string\"}}],\"inLanguage\":\"nl-NL\"},{\"@type\":\"Organization\",\"@id\":\"https:\/\/www.usp-research.com\/#organization\",\"name\":\"USP Marketing Consultancy\",\"alternateName\":\"USP Research\",\"url\":\"https:\/\/www.usp-research.com\/\",\"logo\":{\"@type\":\"ImageObject\",\"inLanguage\":\"nl-NL\",\"@id\":\"https:\/\/www.usp-research.com\/#\/schema\/logo\/image\/\",\"url\":\"https:\/\/www.usp-research.com\/wp-content\/uploads\/2024\/02\/usp-marketing-logo.png\",\"contentUrl\":\"https:\/\/www.usp-research.com\/wp-content\/uploads\/2024\/02\/usp-marketing-logo.png\",\"width\":600,\"height\":315,\"caption\":\"USP Marketing Consultancy\"},\"image\":{\"@id\":\"https:\/\/www.usp-research.com\/#\/schema\/logo\/image\/\"},\"sameAs\":[\"https:\/\/www.linkedin.com\/company\/usp-marketing-consultancy\/\",\"https:\/\/www.youtube.com\/@marketingconsultancy\"]}]}<\/script>\n<!-- \/ Yoast SEO plugin. -->","yoast_head_json":{"title":"Algemene Voorwaarden - Usp","robots":{"index":"index","follow":"follow","max-snippet":"max-snippet:-1","max-image-preview":"max-image-preview:large","max-video-preview":"max-video-preview:-1"},"og_locale":"nl_NL","og_type":"article","og_title":"Algemene Voorwaarden - Usp","og_description":"Artikel 1 \u2013 Algemeen Deze algemene voorwaarden zijn van toepassing op alle opdrachten van opdrachtgevers die door USP Marketing Consultancy B.V. (\u2018USP\u2019) worden geaccepteerd. Artikel 2 \u2013 Opdrachtaanvaarding [1] USP verricht in opdracht exclusieve onderzoeken en multi-cli\u00ebnt onderzoeken. [2] Voordat door USP een opdracht tot het verrichten van een exclusief onderzoek wordt geaccepteerd, wordt door [&hellip;]","og_url":"https:\/\/www.usp-research.com\/nl\/algemene-voorwaarden\/","og_site_name":"Usp","article_modified_time":"2025-04-11T14:34:37+00:00","twitter_card":"summary_large_image","twitter_misc":{"Geschatte leestijd":"7 minuten"},"schema":{"@context":"https:\/\/schema.org","@graph":[{"@type":"WebPage","@id":"https:\/\/www.usp-research.com\/nl\/algemene-voorwaarden\/","url":"https:\/\/www.usp-research.com\/nl\/algemene-voorwaarden\/","name":"Algemene Voorwaarden - Usp","isPartOf":{"@id":"https:\/\/www.usp-research.com\/#website"},"datePublished":"2024-08-13T11:07:18+00:00","dateModified":"2025-04-11T14:34:37+00:00","breadcrumb":{"@id":"https:\/\/www.usp-research.com\/nl\/algemene-voorwaarden\/#breadcrumb"},"inLanguage":"nl-NL","potentialAction":[{"@type":"ReadAction","target":["https:\/\/www.usp-research.com\/nl\/algemene-voorwaarden\/"]}]},{"@type":"BreadcrumbList","@id":"https:\/\/www.usp-research.com\/nl\/algemene-voorwaarden\/#breadcrumb","itemListElement":[{"@type":"ListItem","position":1,"name":"Home","item":"https:\/\/www.usp-research.com\/nl\/"},{"@type":"ListItem","position":2,"name":"Algemene Voorwaarden"}]},{"@type":"WebSite","@id":"https:\/\/www.usp-research.com\/#website","url":"https:\/\/www.usp-research.com\/","name":"Usp","description":"","publisher":{"@id":"https:\/\/www.usp-research.com\/#organization"},"potentialAction":[{"@type":"SearchAction","target":{"@type":"EntryPoint","urlTemplate":"https:\/\/www.usp-research.com\/?s={search_term_string}"},"query-input":{"@type":"PropertyValueSpecification","valueRequired":true,"valueName":"search_term_string"}}],"inLanguage":"nl-NL"},{"@type":"Organization","@id":"https:\/\/www.usp-research.com\/#organization","name":"USP Marketing Consultancy","alternateName":"USP Research","url":"https:\/\/www.usp-research.com\/","logo":{"@type":"ImageObject","inLanguage":"nl-NL","@id":"https:\/\/www.usp-research.com\/#\/schema\/logo\/image\/","url":"https:\/\/www.usp-research.com\/wp-content\/uploads\/2024\/02\/usp-marketing-logo.png","contentUrl":"https:\/\/www.usp-research.com\/wp-content\/uploads\/2024\/02\/usp-marketing-logo.png","width":600,"height":315,"caption":"USP Marketing Consultancy"},"image":{"@id":"https:\/\/www.usp-research.com\/#\/schema\/logo\/image\/"},"sameAs":["https:\/\/www.linkedin.com\/company\/usp-marketing-consultancy\/","https:\/\/www.youtube.com\/@marketingconsultancy"]}]}},"_links":{"self":[{"href":"https:\/\/www.usp-research.com\/nl\/wp-json\/wp\/v2\/pages\/8006","targetHints":{"allow":["GET"]}}],"collection":[{"href":"https:\/\/www.usp-research.com\/nl\/wp-json\/wp\/v2\/pages"}],"about":[{"href":"https:\/\/www.usp-research.com\/nl\/wp-json\/wp\/v2\/types\/page"}],"author":[{"embeddable":true,"href":"https:\/\/www.usp-research.com\/nl\/wp-json\/wp\/v2\/users\/1"}],"replies":[{"embeddable":true,"href":"https:\/\/www.usp-research.com\/nl\/wp-json\/wp\/v2\/comments?post=8006"}],"version-history":[{"count":7,"href":"https:\/\/www.usp-research.com\/nl\/wp-json\/wp\/v2\/pages\/8006\/revisions"}],"predecessor-version":[{"id":13669,"href":"https:\/\/www.usp-research.com\/nl\/wp-json\/wp\/v2\/pages\/8006\/revisions\/13669"}],"wp:attachment":[{"href":"https:\/\/www.usp-research.com\/nl\/wp-json\/wp\/v2\/media?parent=8006"}],"curies":[{"name":"wp","href":"https:\/\/api.w.org\/{rel}","templated":true}]}}