{"id":16649,"date":"2026-02-04T08:38:34","date_gmt":"2026-02-04T08:38:34","guid":{"rendered":"https:\/\/www.usp-research.com\/?page_id=16649"},"modified":"2026-03-03T10:43:14","modified_gmt":"2026-03-03T10:43:14","slug":"schulungsbedarf-q4-2023-2","status":"publish","type":"page","link":"https:\/\/www.usp-research.com\/de\/fertige-berichte\/europaeischer-shk-installationsmonitor\/schulungsbedarf-q4-2023-2\/","title":{"rendered":"Schulungsbedarf Q4 2025"},"content":{"rendered":"","protected":false},"excerpt":{"rendered":"<p>Dieser Bericht untersucht den Schulungsbedarf von Installateuren, sowohl digital als auch pers\u00f6nlich. Der vollst\u00e4ndige Bericht deckt alle wichtigen Schulungsbed\u00fcrfnisse und -aspekte ab und bietet einen umfassenden \u00dcberblick \u00fcber die Gesch\u00e4ftsentwicklung im Installationssektor in wichtigen europ\u00e4ischen L\u00e4ndern. <\/p>\n","protected":false},"author":9,"featured_media":16658,"parent":10439,"menu_order":245,"comment_status":"closed","ping_status":"closed","template":"tpl-market-reports-single.php","meta":{"_acf_changed":false,"footnotes":""},"class_list":["post-16649","page","type-page","status-publish","has-post-thumbnail","hentry"],"acf":[],"yoast_head":"<!-- This site is optimized with the Yoast SEO plugin v27.0 - https:\/\/yoast.com\/product\/yoast-seo-wordpress\/ -->\n<title>Ausbildungsbedarf in den Bereichen HLK und Sanit\u00e4r (EU): Q4 2025 Bericht | USP<\/title>\n<meta name=\"description\" content=\"Ermitteln Sie den Schulungsbedarf f\u00fcr europ\u00e4ische Fachkr\u00e4fte im Bereich HLK und Sanit\u00e4r (USP: Mechanical Installation Monitor - Q4 2025).\" \/>\n<meta name=\"robots\" content=\"index, follow, max-snippet:-1, max-image-preview:large, max-video-preview:-1\" \/>\n<meta property=\"og:locale\" content=\"de_DE\" \/>\n<meta property=\"og:type\" content=\"article\" \/>\n<meta property=\"og:title\" content=\"Ausbildungsbedarf in den Bereichen HLK und Sanit\u00e4r (EU): Q4 2025 Bericht | USP\" \/>\n<meta property=\"og:description\" content=\"Ermitteln Sie den Schulungsbedarf f\u00fcr europ\u00e4ische Fachkr\u00e4fte im Bereich HLK und Sanit\u00e4r (USP: Mechanical Installation Monitor - Q4 2025).\" \/>\n<meta property=\"og:url\" content=\"https:\/\/www.usp-research.com\/de\/fertige-berichte\/europaeischer-shk-installationsmonitor\/schulungsbedarf-q4-2023-2\/\" \/>\n<meta property=\"og:site_name\" content=\"Usp\" \/>\n<meta property=\"article:modified_time\" content=\"2026-03-03T10:43:14+00:00\" \/>\n<meta property=\"og:image\" content=\"https:\/\/www.usp-research.com\/wp-content\/uploads\/2026\/02\/Screenshot-2026-02-04-092429.png\" \/>\n\t<meta property=\"og:image:width\" content=\"1063\" \/>\n\t<meta property=\"og:image:height\" content=\"597\" \/>\n\t<meta property=\"og:image:type\" content=\"image\/png\" \/>\n<meta name=\"twitter:card\" content=\"summary_large_image\" \/>\n<script type=\"application\/ld+json\" class=\"yoast-schema-graph\">{\"@context\":\"https:\/\/schema.org\",\"@graph\":[{\"@type\":\"WebPage\",\"@id\":\"https:\/\/www.usp-research.com\/de\/fertige-berichte\/europaeischer-shk-installationsmonitor\/schulungsbedarf-q4-2023-2\/\",\"url\":\"https:\/\/www.usp-research.com\/de\/fertige-berichte\/europaeischer-shk-installationsmonitor\/schulungsbedarf-q4-2023-2\/\",\"name\":\"Ausbildungsbedarf in den Bereichen HLK und Sanit\u00e4r (EU): Q4 2025 Bericht | USP\",\"isPartOf\":{\"@id\":\"https:\/\/www.usp-research.com\/#website\"},\"primaryImageOfPage\":{\"@id\":\"https:\/\/www.usp-research.com\/de\/fertige-berichte\/europaeischer-shk-installationsmonitor\/schulungsbedarf-q4-2023-2\/#primaryimage\"},\"image\":{\"@id\":\"https:\/\/www.usp-research.com\/de\/fertige-berichte\/europaeischer-shk-installationsmonitor\/schulungsbedarf-q4-2023-2\/#primaryimage\"},\"thumbnailUrl\":\"https:\/\/www.usp-research.com\/wp-content\/uploads\/2026\/02\/Screenshot-2026-02-04-092429.png\",\"datePublished\":\"2026-02-04T08:38:34+00:00\",\"dateModified\":\"2026-03-03T10:43:14+00:00\",\"description\":\"Ermitteln Sie den Schulungsbedarf f\u00fcr europ\u00e4ische Fachkr\u00e4fte im Bereich HLK und Sanit\u00e4r (USP: Mechanical Installation Monitor - Q4 2025).\",\"breadcrumb\":{\"@id\":\"https:\/\/www.usp-research.com\/de\/fertige-berichte\/europaeischer-shk-installationsmonitor\/schulungsbedarf-q4-2023-2\/#breadcrumb\"},\"inLanguage\":\"de\",\"potentialAction\":[{\"@type\":\"ReadAction\",\"target\":[\"https:\/\/www.usp-research.com\/de\/fertige-berichte\/europaeischer-shk-installationsmonitor\/schulungsbedarf-q4-2023-2\/\"]}]},{\"@type\":\"ImageObject\",\"inLanguage\":\"de\",\"@id\":\"https:\/\/www.usp-research.com\/de\/fertige-berichte\/europaeischer-shk-installationsmonitor\/schulungsbedarf-q4-2023-2\/#primaryimage\",\"url\":\"https:\/\/www.usp-research.com\/wp-content\/uploads\/2026\/02\/Screenshot-2026-02-04-092429.png\",\"contentUrl\":\"https:\/\/www.usp-research.com\/wp-content\/uploads\/2026\/02\/Screenshot-2026-02-04-092429.png\",\"width\":1063,\"height\":597},{\"@type\":\"BreadcrumbList\",\"@id\":\"https:\/\/www.usp-research.com\/de\/fertige-berichte\/europaeischer-shk-installationsmonitor\/schulungsbedarf-q4-2023-2\/#breadcrumb\",\"itemListElement\":[{\"@type\":\"ListItem\",\"position\":1,\"name\":\"Home\",\"item\":\"https:\/\/www.usp-research.com\/de\/\"},{\"@type\":\"ListItem\",\"position\":2,\"name\":\"Fertige Berichte\",\"item\":\"https:\/\/www.usp-research.com\/de\/fertige-berichte\/\"},{\"@type\":\"ListItem\",\"position\":3,\"name\":\"Europ\u00e4ischer SHK-Installationsmonitor\",\"item\":\"https:\/\/www.usp-research.com\/de\/fertige-berichte\/europaeischer-shk-installationsmonitor\/\"},{\"@type\":\"ListItem\",\"position\":4,\"name\":\"Schulungsbedarf Q4 2025\"}]},{\"@type\":\"WebSite\",\"@id\":\"https:\/\/www.usp-research.com\/#website\",\"url\":\"https:\/\/www.usp-research.com\/\",\"name\":\"Usp\",\"description\":\"\",\"publisher\":{\"@id\":\"https:\/\/www.usp-research.com\/#organization\"},\"potentialAction\":[{\"@type\":\"SearchAction\",\"target\":{\"@type\":\"EntryPoint\",\"urlTemplate\":\"https:\/\/www.usp-research.com\/?s={search_term_string}\"},\"query-input\":{\"@type\":\"PropertyValueSpecification\",\"valueRequired\":true,\"valueName\":\"search_term_string\"}}],\"inLanguage\":\"de\"},{\"@type\":\"Organization\",\"@id\":\"https:\/\/www.usp-research.com\/#organization\",\"name\":\"USP Marketing Consultancy\",\"alternateName\":\"USP Research\",\"url\":\"https:\/\/www.usp-research.com\/\",\"logo\":{\"@type\":\"ImageObject\",\"inLanguage\":\"de\",\"@id\":\"https:\/\/www.usp-research.com\/#\/schema\/logo\/image\/\",\"url\":\"https:\/\/www.usp-research.com\/wp-content\/uploads\/2024\/02\/usp-marketing-logo.png\",\"contentUrl\":\"https:\/\/www.usp-research.com\/wp-content\/uploads\/2024\/02\/usp-marketing-logo.png\",\"width\":600,\"height\":315,\"caption\":\"USP Marketing Consultancy\"},\"image\":{\"@id\":\"https:\/\/www.usp-research.com\/#\/schema\/logo\/image\/\"},\"sameAs\":[\"https:\/\/www.linkedin.com\/company\/usp-marketing-consultancy\/\",\"https:\/\/www.youtube.com\/@marketingconsultancy\"]}]}<\/script>\n<!-- \/ Yoast SEO plugin. -->","yoast_head_json":{"title":"Ausbildungsbedarf in den Bereichen HLK und Sanit\u00e4r (EU): Q4 2025 Bericht | USP","description":"Ermitteln Sie den Schulungsbedarf f\u00fcr europ\u00e4ische Fachkr\u00e4fte im Bereich HLK und Sanit\u00e4r (USP: Mechanical Installation Monitor - Q4 2025).","robots":{"index":"index","follow":"follow","max-snippet":"max-snippet:-1","max-image-preview":"max-image-preview:large","max-video-preview":"max-video-preview:-1"},"og_locale":"de_DE","og_type":"article","og_title":"Ausbildungsbedarf in den Bereichen HLK und Sanit\u00e4r (EU): Q4 2025 Bericht | USP","og_description":"Ermitteln Sie den Schulungsbedarf f\u00fcr europ\u00e4ische Fachkr\u00e4fte im Bereich HLK und Sanit\u00e4r (USP: Mechanical Installation Monitor - Q4 2025).","og_url":"https:\/\/www.usp-research.com\/de\/fertige-berichte\/europaeischer-shk-installationsmonitor\/schulungsbedarf-q4-2023-2\/","og_site_name":"Usp","article_modified_time":"2026-03-03T10:43:14+00:00","og_image":[{"width":1063,"height":597,"url":"https:\/\/www.usp-research.com\/wp-content\/uploads\/2026\/02\/Screenshot-2026-02-04-092429.png","type":"image\/png"}],"twitter_card":"summary_large_image","schema":{"@context":"https:\/\/schema.org","@graph":[{"@type":"WebPage","@id":"https:\/\/www.usp-research.com\/de\/fertige-berichte\/europaeischer-shk-installationsmonitor\/schulungsbedarf-q4-2023-2\/","url":"https:\/\/www.usp-research.com\/de\/fertige-berichte\/europaeischer-shk-installationsmonitor\/schulungsbedarf-q4-2023-2\/","name":"Ausbildungsbedarf in den Bereichen HLK und Sanit\u00e4r (EU): Q4 2025 Bericht | USP","isPartOf":{"@id":"https:\/\/www.usp-research.com\/#website"},"primaryImageOfPage":{"@id":"https:\/\/www.usp-research.com\/de\/fertige-berichte\/europaeischer-shk-installationsmonitor\/schulungsbedarf-q4-2023-2\/#primaryimage"},"image":{"@id":"https:\/\/www.usp-research.com\/de\/fertige-berichte\/europaeischer-shk-installationsmonitor\/schulungsbedarf-q4-2023-2\/#primaryimage"},"thumbnailUrl":"https:\/\/www.usp-research.com\/wp-content\/uploads\/2026\/02\/Screenshot-2026-02-04-092429.png","datePublished":"2026-02-04T08:38:34+00:00","dateModified":"2026-03-03T10:43:14+00:00","description":"Ermitteln Sie den Schulungsbedarf f\u00fcr europ\u00e4ische Fachkr\u00e4fte im Bereich HLK und Sanit\u00e4r (USP: Mechanical Installation Monitor - Q4 2025).","breadcrumb":{"@id":"https:\/\/www.usp-research.com\/de\/fertige-berichte\/europaeischer-shk-installationsmonitor\/schulungsbedarf-q4-2023-2\/#breadcrumb"},"inLanguage":"de","potentialAction":[{"@type":"ReadAction","target":["https:\/\/www.usp-research.com\/de\/fertige-berichte\/europaeischer-shk-installationsmonitor\/schulungsbedarf-q4-2023-2\/"]}]},{"@type":"ImageObject","inLanguage":"de","@id":"https:\/\/www.usp-research.com\/de\/fertige-berichte\/europaeischer-shk-installationsmonitor\/schulungsbedarf-q4-2023-2\/#primaryimage","url":"https:\/\/www.usp-research.com\/wp-content\/uploads\/2026\/02\/Screenshot-2026-02-04-092429.png","contentUrl":"https:\/\/www.usp-research.com\/wp-content\/uploads\/2026\/02\/Screenshot-2026-02-04-092429.png","width":1063,"height":597},{"@type":"BreadcrumbList","@id":"https:\/\/www.usp-research.com\/de\/fertige-berichte\/europaeischer-shk-installationsmonitor\/schulungsbedarf-q4-2023-2\/#breadcrumb","itemListElement":[{"@type":"ListItem","position":1,"name":"Home","item":"https:\/\/www.usp-research.com\/de\/"},{"@type":"ListItem","position":2,"name":"Fertige Berichte","item":"https:\/\/www.usp-research.com\/de\/fertige-berichte\/"},{"@type":"ListItem","position":3,"name":"Europ\u00e4ischer SHK-Installationsmonitor","item":"https:\/\/www.usp-research.com\/de\/fertige-berichte\/europaeischer-shk-installationsmonitor\/"},{"@type":"ListItem","position":4,"name":"Schulungsbedarf Q4 2025"}]},{"@type":"WebSite","@id":"https:\/\/www.usp-research.com\/#website","url":"https:\/\/www.usp-research.com\/","name":"Usp","description":"","publisher":{"@id":"https:\/\/www.usp-research.com\/#organization"},"potentialAction":[{"@type":"SearchAction","target":{"@type":"EntryPoint","urlTemplate":"https:\/\/www.usp-research.com\/?s={search_term_string}"},"query-input":{"@type":"PropertyValueSpecification","valueRequired":true,"valueName":"search_term_string"}}],"inLanguage":"de"},{"@type":"Organization","@id":"https:\/\/www.usp-research.com\/#organization","name":"USP Marketing Consultancy","alternateName":"USP Research","url":"https:\/\/www.usp-research.com\/","logo":{"@type":"ImageObject","inLanguage":"de","@id":"https:\/\/www.usp-research.com\/#\/schema\/logo\/image\/","url":"https:\/\/www.usp-research.com\/wp-content\/uploads\/2024\/02\/usp-marketing-logo.png","contentUrl":"https:\/\/www.usp-research.com\/wp-content\/uploads\/2024\/02\/usp-marketing-logo.png","width":600,"height":315,"caption":"USP Marketing Consultancy"},"image":{"@id":"https:\/\/www.usp-research.com\/#\/schema\/logo\/image\/"},"sameAs":["https:\/\/www.linkedin.com\/company\/usp-marketing-consultancy\/","https:\/\/www.youtube.com\/@marketingconsultancy"]}]}},"_links":{"self":[{"href":"https:\/\/www.usp-research.com\/de\/wp-json\/wp\/v2\/pages\/16649","targetHints":{"allow":["GET"]}}],"collection":[{"href":"https:\/\/www.usp-research.com\/de\/wp-json\/wp\/v2\/pages"}],"about":[{"href":"https:\/\/www.usp-research.com\/de\/wp-json\/wp\/v2\/types\/page"}],"author":[{"embeddable":true,"href":"https:\/\/www.usp-research.com\/de\/wp-json\/wp\/v2\/users\/9"}],"replies":[{"embeddable":true,"href":"https:\/\/www.usp-research.com\/de\/wp-json\/wp\/v2\/comments?post=16649"}],"version-history":[{"count":2,"href":"https:\/\/www.usp-research.com\/de\/wp-json\/wp\/v2\/pages\/16649\/revisions"}],"predecessor-version":[{"id":16731,"href":"https:\/\/www.usp-research.com\/de\/wp-json\/wp\/v2\/pages\/16649\/revisions\/16731"}],"up":[{"embeddable":true,"href":"https:\/\/www.usp-research.com\/de\/wp-json\/wp\/v2\/pages\/10439"}],"wp:featuredmedia":[{"embeddable":true,"href":"https:\/\/www.usp-research.com\/de\/wp-json\/wp\/v2\/media\/16658"}],"wp:attachment":[{"href":"https:\/\/www.usp-research.com\/de\/wp-json\/wp\/v2\/media?parent=16649"}],"curies":[{"name":"wp","href":"https:\/\/api.w.org\/{rel}","templated":true}]}}