{"id":16602,"date":"2026-01-07T14:22:17","date_gmt":"2026-01-07T14:22:17","guid":{"rendered":"https:\/\/www.usp-research.com\/?page_id=16602"},"modified":"2026-03-03T10:42:45","modified_gmt":"2026-03-03T10:42:45","slug":"bim-q3-2023-2","status":"publish","type":"page","link":"https:\/\/www.usp-research.com\/de\/fertige-berichte\/europaeischer-elektroinstallationsmonitor\/bim-q3-2023-2\/","title":{"rendered":"BIM und digitale Werkzeuge Q4 2025"},"content":{"rendered":"","protected":false},"excerpt":{"rendered":"<p>Dieser Bericht bietet einen umfassenden \u00dcberblick \u00fcber den Status der BIM-Anpassung bei Elektroinstallateuren in Europa. In dem Bericht finden Sie Informationen \u00fcber die europ\u00e4ischen L\u00e4nder, in denen BIM von den Installateuren am meisten und am wenigsten genutzt wird, sowie Details \u00fcber die Arten von Projekten, bei denen BIM \u00fcberwiegend eingesetzt wird, und die mit BIM-bezogenen Projekten erzielten Einnahmen.   <\/p>\n","protected":false},"author":9,"featured_media":16611,"parent":10189,"menu_order":179,"comment_status":"closed","ping_status":"closed","template":"tpl-market-reports-single.php","meta":{"_acf_changed":false,"footnotes":""},"class_list":["post-16602","page","type-page","status-publish","has-post-thumbnail","hentry"],"acf":[],"yoast_head":"<!-- This site is optimized with the Yoast SEO plugin v27.0 - https:\/\/yoast.com\/product\/yoast-seo-wordpress\/ -->\n<title>BIM-Adoption unter Elektroinstallateuren: Q4 2025 Bericht | USP<\/title>\n<meta name=\"description\" content=\"Untersuchen Sie die BIM-Einf\u00fchrungsraten und Projekttypen unter europ\u00e4ischen Elektroinstallateuren und den erzielten Umsatz (USP Q4 2025 Report)\" \/>\n<meta name=\"robots\" content=\"index, follow, max-snippet:-1, max-image-preview:large, max-video-preview:-1\" \/>\n<meta property=\"og:locale\" content=\"de_DE\" \/>\n<meta property=\"og:type\" content=\"article\" \/>\n<meta property=\"og:title\" content=\"BIM-Adoption unter Elektroinstallateuren: Q4 2025 Bericht | USP\" \/>\n<meta property=\"og:description\" content=\"Untersuchen Sie die BIM-Einf\u00fchrungsraten und Projekttypen unter europ\u00e4ischen Elektroinstallateuren und den erzielten Umsatz (USP Q4 2025 Report)\" \/>\n<meta property=\"og:url\" content=\"https:\/\/www.usp-research.com\/de\/fertige-berichte\/europaeischer-elektroinstallationsmonitor\/bim-q3-2023-2\/\" \/>\n<meta property=\"og:site_name\" content=\"Usp\" \/>\n<meta property=\"article:modified_time\" content=\"2026-03-03T10:42:45+00:00\" \/>\n<meta property=\"og:image\" content=\"https:\/\/www.usp-research.com\/wp-content\/uploads\/2026\/01\/Screenshot-2026-01-07-150403.png\" \/>\n\t<meta property=\"og:image:width\" content=\"1434\" \/>\n\t<meta property=\"og:image:height\" content=\"808\" \/>\n\t<meta property=\"og:image:type\" content=\"image\/png\" \/>\n<meta name=\"twitter:card\" content=\"summary_large_image\" \/>\n<meta name=\"twitter:label1\" content=\"Gesch\u00e4tzte Lesezeit\" \/>\n\t<meta name=\"twitter:data1\" content=\"1\u00a0Minute\" \/>\n<script type=\"application\/ld+json\" class=\"yoast-schema-graph\">{\"@context\":\"https:\/\/schema.org\",\"@graph\":[{\"@type\":\"WebPage\",\"@id\":\"https:\/\/www.usp-research.com\/de\/fertige-berichte\/europaeischer-elektroinstallationsmonitor\/bim-q3-2023-2\/\",\"url\":\"https:\/\/www.usp-research.com\/de\/fertige-berichte\/europaeischer-elektroinstallationsmonitor\/bim-q3-2023-2\/\",\"name\":\"BIM-Adoption unter Elektroinstallateuren: Q4 2025 Bericht | USP\",\"isPartOf\":{\"@id\":\"https:\/\/www.usp-research.com\/#website\"},\"primaryImageOfPage\":{\"@id\":\"https:\/\/www.usp-research.com\/de\/fertige-berichte\/europaeischer-elektroinstallationsmonitor\/bim-q3-2023-2\/#primaryimage\"},\"image\":{\"@id\":\"https:\/\/www.usp-research.com\/de\/fertige-berichte\/europaeischer-elektroinstallationsmonitor\/bim-q3-2023-2\/#primaryimage\"},\"thumbnailUrl\":\"https:\/\/www.usp-research.com\/wp-content\/uploads\/2026\/01\/Screenshot-2026-01-07-150403.png\",\"datePublished\":\"2026-01-07T14:22:17+00:00\",\"dateModified\":\"2026-03-03T10:42:45+00:00\",\"description\":\"Untersuchen Sie die BIM-Einf\u00fchrungsraten und Projekttypen unter europ\u00e4ischen Elektroinstallateuren und den erzielten Umsatz (USP Q4 2025 Report)\",\"breadcrumb\":{\"@id\":\"https:\/\/www.usp-research.com\/de\/fertige-berichte\/europaeischer-elektroinstallationsmonitor\/bim-q3-2023-2\/#breadcrumb\"},\"inLanguage\":\"de\",\"potentialAction\":[{\"@type\":\"ReadAction\",\"target\":[\"https:\/\/www.usp-research.com\/de\/fertige-berichte\/europaeischer-elektroinstallationsmonitor\/bim-q3-2023-2\/\"]}]},{\"@type\":\"ImageObject\",\"inLanguage\":\"de\",\"@id\":\"https:\/\/www.usp-research.com\/de\/fertige-berichte\/europaeischer-elektroinstallationsmonitor\/bim-q3-2023-2\/#primaryimage\",\"url\":\"https:\/\/www.usp-research.com\/wp-content\/uploads\/2026\/01\/Screenshot-2026-01-07-150403.png\",\"contentUrl\":\"https:\/\/www.usp-research.com\/wp-content\/uploads\/2026\/01\/Screenshot-2026-01-07-150403.png\",\"width\":1434,\"height\":808},{\"@type\":\"BreadcrumbList\",\"@id\":\"https:\/\/www.usp-research.com\/de\/fertige-berichte\/europaeischer-elektroinstallationsmonitor\/bim-q3-2023-2\/#breadcrumb\",\"itemListElement\":[{\"@type\":\"ListItem\",\"position\":1,\"name\":\"Home\",\"item\":\"https:\/\/www.usp-research.com\/de\/\"},{\"@type\":\"ListItem\",\"position\":2,\"name\":\"Fertige Berichte\",\"item\":\"https:\/\/www.usp-research.com\/de\/fertige-berichte\/\"},{\"@type\":\"ListItem\",\"position\":3,\"name\":\"Europ\u00e4ischer Elektroinstallationsmonitor\",\"item\":\"https:\/\/www.usp-research.com\/de\/fertige-berichte\/europaeischer-elektroinstallationsmonitor\/\"},{\"@type\":\"ListItem\",\"position\":4,\"name\":\"BIM und digitale Werkzeuge Q4 2025\"}]},{\"@type\":\"WebSite\",\"@id\":\"https:\/\/www.usp-research.com\/#website\",\"url\":\"https:\/\/www.usp-research.com\/\",\"name\":\"Usp\",\"description\":\"\",\"publisher\":{\"@id\":\"https:\/\/www.usp-research.com\/#organization\"},\"potentialAction\":[{\"@type\":\"SearchAction\",\"target\":{\"@type\":\"EntryPoint\",\"urlTemplate\":\"https:\/\/www.usp-research.com\/?s={search_term_string}\"},\"query-input\":{\"@type\":\"PropertyValueSpecification\",\"valueRequired\":true,\"valueName\":\"search_term_string\"}}],\"inLanguage\":\"de\"},{\"@type\":\"Organization\",\"@id\":\"https:\/\/www.usp-research.com\/#organization\",\"name\":\"USP Marketing Consultancy\",\"alternateName\":\"USP Research\",\"url\":\"https:\/\/www.usp-research.com\/\",\"logo\":{\"@type\":\"ImageObject\",\"inLanguage\":\"de\",\"@id\":\"https:\/\/www.usp-research.com\/#\/schema\/logo\/image\/\",\"url\":\"https:\/\/www.usp-research.com\/wp-content\/uploads\/2024\/02\/usp-marketing-logo.png\",\"contentUrl\":\"https:\/\/www.usp-research.com\/wp-content\/uploads\/2024\/02\/usp-marketing-logo.png\",\"width\":600,\"height\":315,\"caption\":\"USP Marketing Consultancy\"},\"image\":{\"@id\":\"https:\/\/www.usp-research.com\/#\/schema\/logo\/image\/\"},\"sameAs\":[\"https:\/\/www.linkedin.com\/company\/usp-marketing-consultancy\/\",\"https:\/\/www.youtube.com\/@marketingconsultancy\"]}]}<\/script>\n<!-- \/ Yoast SEO plugin. -->","yoast_head_json":{"title":"BIM-Adoption unter Elektroinstallateuren: Q4 2025 Bericht | USP","description":"Untersuchen Sie die BIM-Einf\u00fchrungsraten und Projekttypen unter europ\u00e4ischen Elektroinstallateuren und den erzielten Umsatz (USP Q4 2025 Report)","robots":{"index":"index","follow":"follow","max-snippet":"max-snippet:-1","max-image-preview":"max-image-preview:large","max-video-preview":"max-video-preview:-1"},"og_locale":"de_DE","og_type":"article","og_title":"BIM-Adoption unter Elektroinstallateuren: Q4 2025 Bericht | USP","og_description":"Untersuchen Sie die BIM-Einf\u00fchrungsraten und Projekttypen unter europ\u00e4ischen Elektroinstallateuren und den erzielten Umsatz (USP Q4 2025 Report)","og_url":"https:\/\/www.usp-research.com\/de\/fertige-berichte\/europaeischer-elektroinstallationsmonitor\/bim-q3-2023-2\/","og_site_name":"Usp","article_modified_time":"2026-03-03T10:42:45+00:00","og_image":[{"width":1434,"height":808,"url":"https:\/\/www.usp-research.com\/wp-content\/uploads\/2026\/01\/Screenshot-2026-01-07-150403.png","type":"image\/png"}],"twitter_card":"summary_large_image","twitter_misc":{"Gesch\u00e4tzte Lesezeit":"1\u00a0Minute"},"schema":{"@context":"https:\/\/schema.org","@graph":[{"@type":"WebPage","@id":"https:\/\/www.usp-research.com\/de\/fertige-berichte\/europaeischer-elektroinstallationsmonitor\/bim-q3-2023-2\/","url":"https:\/\/www.usp-research.com\/de\/fertige-berichte\/europaeischer-elektroinstallationsmonitor\/bim-q3-2023-2\/","name":"BIM-Adoption unter Elektroinstallateuren: Q4 2025 Bericht | USP","isPartOf":{"@id":"https:\/\/www.usp-research.com\/#website"},"primaryImageOfPage":{"@id":"https:\/\/www.usp-research.com\/de\/fertige-berichte\/europaeischer-elektroinstallationsmonitor\/bim-q3-2023-2\/#primaryimage"},"image":{"@id":"https:\/\/www.usp-research.com\/de\/fertige-berichte\/europaeischer-elektroinstallationsmonitor\/bim-q3-2023-2\/#primaryimage"},"thumbnailUrl":"https:\/\/www.usp-research.com\/wp-content\/uploads\/2026\/01\/Screenshot-2026-01-07-150403.png","datePublished":"2026-01-07T14:22:17+00:00","dateModified":"2026-03-03T10:42:45+00:00","description":"Untersuchen Sie die BIM-Einf\u00fchrungsraten und Projekttypen unter europ\u00e4ischen Elektroinstallateuren und den erzielten Umsatz (USP Q4 2025 Report)","breadcrumb":{"@id":"https:\/\/www.usp-research.com\/de\/fertige-berichte\/europaeischer-elektroinstallationsmonitor\/bim-q3-2023-2\/#breadcrumb"},"inLanguage":"de","potentialAction":[{"@type":"ReadAction","target":["https:\/\/www.usp-research.com\/de\/fertige-berichte\/europaeischer-elektroinstallationsmonitor\/bim-q3-2023-2\/"]}]},{"@type":"ImageObject","inLanguage":"de","@id":"https:\/\/www.usp-research.com\/de\/fertige-berichte\/europaeischer-elektroinstallationsmonitor\/bim-q3-2023-2\/#primaryimage","url":"https:\/\/www.usp-research.com\/wp-content\/uploads\/2026\/01\/Screenshot-2026-01-07-150403.png","contentUrl":"https:\/\/www.usp-research.com\/wp-content\/uploads\/2026\/01\/Screenshot-2026-01-07-150403.png","width":1434,"height":808},{"@type":"BreadcrumbList","@id":"https:\/\/www.usp-research.com\/de\/fertige-berichte\/europaeischer-elektroinstallationsmonitor\/bim-q3-2023-2\/#breadcrumb","itemListElement":[{"@type":"ListItem","position":1,"name":"Home","item":"https:\/\/www.usp-research.com\/de\/"},{"@type":"ListItem","position":2,"name":"Fertige Berichte","item":"https:\/\/www.usp-research.com\/de\/fertige-berichte\/"},{"@type":"ListItem","position":3,"name":"Europ\u00e4ischer Elektroinstallationsmonitor","item":"https:\/\/www.usp-research.com\/de\/fertige-berichte\/europaeischer-elektroinstallationsmonitor\/"},{"@type":"ListItem","position":4,"name":"BIM und digitale Werkzeuge Q4 2025"}]},{"@type":"WebSite","@id":"https:\/\/www.usp-research.com\/#website","url":"https:\/\/www.usp-research.com\/","name":"Usp","description":"","publisher":{"@id":"https:\/\/www.usp-research.com\/#organization"},"potentialAction":[{"@type":"SearchAction","target":{"@type":"EntryPoint","urlTemplate":"https:\/\/www.usp-research.com\/?s={search_term_string}"},"query-input":{"@type":"PropertyValueSpecification","valueRequired":true,"valueName":"search_term_string"}}],"inLanguage":"de"},{"@type":"Organization","@id":"https:\/\/www.usp-research.com\/#organization","name":"USP Marketing Consultancy","alternateName":"USP Research","url":"https:\/\/www.usp-research.com\/","logo":{"@type":"ImageObject","inLanguage":"de","@id":"https:\/\/www.usp-research.com\/#\/schema\/logo\/image\/","url":"https:\/\/www.usp-research.com\/wp-content\/uploads\/2024\/02\/usp-marketing-logo.png","contentUrl":"https:\/\/www.usp-research.com\/wp-content\/uploads\/2024\/02\/usp-marketing-logo.png","width":600,"height":315,"caption":"USP Marketing Consultancy"},"image":{"@id":"https:\/\/www.usp-research.com\/#\/schema\/logo\/image\/"},"sameAs":["https:\/\/www.linkedin.com\/company\/usp-marketing-consultancy\/","https:\/\/www.youtube.com\/@marketingconsultancy"]}]}},"_links":{"self":[{"href":"https:\/\/www.usp-research.com\/de\/wp-json\/wp\/v2\/pages\/16602","targetHints":{"allow":["GET"]}}],"collection":[{"href":"https:\/\/www.usp-research.com\/de\/wp-json\/wp\/v2\/pages"}],"about":[{"href":"https:\/\/www.usp-research.com\/de\/wp-json\/wp\/v2\/types\/page"}],"author":[{"embeddable":true,"href":"https:\/\/www.usp-research.com\/de\/wp-json\/wp\/v2\/users\/9"}],"replies":[{"embeddable":true,"href":"https:\/\/www.usp-research.com\/de\/wp-json\/wp\/v2\/comments?post=16602"}],"version-history":[{"count":2,"href":"https:\/\/www.usp-research.com\/de\/wp-json\/wp\/v2\/pages\/16602\/revisions"}],"predecessor-version":[{"id":16726,"href":"https:\/\/www.usp-research.com\/de\/wp-json\/wp\/v2\/pages\/16602\/revisions\/16726"}],"up":[{"embeddable":true,"href":"https:\/\/www.usp-research.com\/de\/wp-json\/wp\/v2\/pages\/10189"}],"wp:featuredmedia":[{"embeddable":true,"href":"https:\/\/www.usp-research.com\/de\/wp-json\/wp\/v2\/media\/16611"}],"wp:attachment":[{"href":"https:\/\/www.usp-research.com\/de\/wp-json\/wp\/v2\/media?parent=16602"}],"curies":[{"name":"wp","href":"https:\/\/api.w.org\/{rel}","templated":true}]}}