{"id":12869,"date":"2025-03-13T09:17:05","date_gmt":"2025-03-13T09:17:05","guid":{"rendered":"https:\/\/www.usp-research.com\/?page_id=12869"},"modified":"2025-04-09T09:35:35","modified_gmt":"2025-04-09T09:35:35","slug":"europaischer-nachhaltigkeitsmonitor-2024","status":"publish","type":"page","link":"https:\/\/www.usp-research.com\/de\/sektoren\/europaischer-nachhaltigkeitsmonitor-2024\/","title":{"rendered":"Europ\u00e4ischer Nachhaltigkeitsmonitor 2024"},"content":{"rendered":"","protected":false},"excerpt":{"rendered":"<p>Dieser Bericht bietet tiefgehende Einblicke, die auf der Triangulation von wichtigen Marktdaten und Informationen sowie Daten aus den wichtigsten Monitoren von USP Marketing Consultancy basieren, die j\u00e4hrlich durchgef\u00fchrt werden. Der Fokus dieses Berichts liegt auf den wichtigsten Akteuren der Bauindustrie, n\u00e4mlich Architekten, Bauunternehmern sowie Elektro- und SHK-Installateuren in Gro\u00dfbritannien, den Niederlanden, Belgien, Deutschland, Polen, Frankreich, Italien und Spanien.<\/p>\n","protected":false},"author":9,"featured_media":12872,"parent":10410,"menu_order":24,"comment_status":"closed","ping_status":"closed","template":"tpl-market-reports-single.php","meta":{"_acf_changed":false,"footnotes":""},"class_list":["post-12869","page","type-page","status-publish","has-post-thumbnail","hentry"],"acf":[],"yoast_head":"<!-- This site is optimized with the Yoast SEO plugin v27.0 - https:\/\/yoast.com\/product\/yoast-seo-wordpress\/ -->\n<title>Europ\u00e4ischer Nachhaltigkeitsbericht 2024<\/title>\n<meta name=\"description\" content=\"Entdecken Sie den Europ\u00e4ischen Nachhaltigkeitsbericht 2024, eine umfassende Analyse nachhaltiger Praktiken und Richtlinien, die die Zukunft Europas pr\u00e4gen. Bleiben Sie informiert.\" \/>\n<meta name=\"robots\" content=\"index, follow, max-snippet:-1, max-image-preview:large, max-video-preview:-1\" \/>\n<meta property=\"og:locale\" content=\"de_DE\" \/>\n<meta property=\"og:type\" content=\"article\" \/>\n<meta property=\"og:title\" content=\"Europ\u00e4ischer Nachhaltigkeitsbericht 2024\" \/>\n<meta property=\"og:description\" content=\"Entdecken Sie den Europ\u00e4ischen Nachhaltigkeitsbericht 2024, eine umfassende Analyse nachhaltiger Praktiken und Richtlinien, die die Zukunft Europas pr\u00e4gen. Bleiben Sie informiert.\" \/>\n<meta property=\"og:url\" content=\"https:\/\/www.usp-research.com\/de\/sektoren\/europaischer-nachhaltigkeitsmonitor-2024\/\" \/>\n<meta property=\"og:site_name\" content=\"Usp\" \/>\n<meta property=\"article:modified_time\" content=\"2025-04-09T09:35:35+00:00\" \/>\n<meta property=\"og:image\" content=\"https:\/\/www.usp-research.com\/wp-content\/uploads\/2025\/03\/Screenshot-2025-03-13-100738.jpg\" \/>\n\t<meta property=\"og:image:width\" content=\"1275\" \/>\n\t<meta property=\"og:image:height\" content=\"714\" \/>\n\t<meta property=\"og:image:type\" content=\"image\/jpeg\" \/>\n<meta name=\"twitter:card\" content=\"summary_large_image\" \/>\n<meta name=\"twitter:label1\" content=\"Gesch\u00e4tzte Lesezeit\" \/>\n\t<meta name=\"twitter:data1\" content=\"1\u00a0Minute\" \/>\n<script type=\"application\/ld+json\" class=\"yoast-schema-graph\">{\"@context\":\"https:\/\/schema.org\",\"@graph\":[{\"@type\":\"WebPage\",\"@id\":\"https:\/\/www.usp-research.com\/de\/sektoren\/europaischer-nachhaltigkeitsmonitor-2024\/\",\"url\":\"https:\/\/www.usp-research.com\/de\/sektoren\/europaischer-nachhaltigkeitsmonitor-2024\/\",\"name\":\"Europ\u00e4ischer Nachhaltigkeitsbericht 2024\",\"isPartOf\":{\"@id\":\"https:\/\/www.usp-research.com\/#website\"},\"primaryImageOfPage\":{\"@id\":\"https:\/\/www.usp-research.com\/de\/sektoren\/europaischer-nachhaltigkeitsmonitor-2024\/#primaryimage\"},\"image\":{\"@id\":\"https:\/\/www.usp-research.com\/de\/sektoren\/europaischer-nachhaltigkeitsmonitor-2024\/#primaryimage\"},\"thumbnailUrl\":\"https:\/\/www.usp-research.com\/wp-content\/uploads\/2025\/03\/Screenshot-2025-03-13-100738.jpg\",\"datePublished\":\"2025-03-13T09:17:05+00:00\",\"dateModified\":\"2025-04-09T09:35:35+00:00\",\"description\":\"Entdecken Sie den Europ\u00e4ischen Nachhaltigkeitsbericht 2024, eine umfassende Analyse nachhaltiger Praktiken und Richtlinien, die die Zukunft Europas pr\u00e4gen. Bleiben Sie informiert.\",\"breadcrumb\":{\"@id\":\"https:\/\/www.usp-research.com\/de\/sektoren\/europaischer-nachhaltigkeitsmonitor-2024\/#breadcrumb\"},\"inLanguage\":\"de\",\"potentialAction\":[{\"@type\":\"ReadAction\",\"target\":[\"https:\/\/www.usp-research.com\/de\/sektoren\/europaischer-nachhaltigkeitsmonitor-2024\/\"]}]},{\"@type\":\"ImageObject\",\"inLanguage\":\"de\",\"@id\":\"https:\/\/www.usp-research.com\/de\/sektoren\/europaischer-nachhaltigkeitsmonitor-2024\/#primaryimage\",\"url\":\"https:\/\/www.usp-research.com\/wp-content\/uploads\/2025\/03\/Screenshot-2025-03-13-100738.jpg\",\"contentUrl\":\"https:\/\/www.usp-research.com\/wp-content\/uploads\/2025\/03\/Screenshot-2025-03-13-100738.jpg\",\"width\":1275,\"height\":714},{\"@type\":\"BreadcrumbList\",\"@id\":\"https:\/\/www.usp-research.com\/de\/sektoren\/europaischer-nachhaltigkeitsmonitor-2024\/#breadcrumb\",\"itemListElement\":[{\"@type\":\"ListItem\",\"position\":1,\"name\":\"Home\",\"item\":\"https:\/\/www.usp-research.com\/de\/\"},{\"@type\":\"ListItem\",\"position\":2,\"name\":\"Sektoren\",\"item\":\"https:\/\/www.usp-research.com\/de\/sektoren\/\"},{\"@type\":\"ListItem\",\"position\":3,\"name\":\"Europ\u00e4ischer Nachhaltigkeitsmonitor 2024\"}]},{\"@type\":\"WebSite\",\"@id\":\"https:\/\/www.usp-research.com\/#website\",\"url\":\"https:\/\/www.usp-research.com\/\",\"name\":\"Usp\",\"description\":\"\",\"publisher\":{\"@id\":\"https:\/\/www.usp-research.com\/#organization\"},\"potentialAction\":[{\"@type\":\"SearchAction\",\"target\":{\"@type\":\"EntryPoint\",\"urlTemplate\":\"https:\/\/www.usp-research.com\/?s={search_term_string}\"},\"query-input\":{\"@type\":\"PropertyValueSpecification\",\"valueRequired\":true,\"valueName\":\"search_term_string\"}}],\"inLanguage\":\"de\"},{\"@type\":\"Organization\",\"@id\":\"https:\/\/www.usp-research.com\/#organization\",\"name\":\"USP Marketing Consultancy\",\"alternateName\":\"USP Research\",\"url\":\"https:\/\/www.usp-research.com\/\",\"logo\":{\"@type\":\"ImageObject\",\"inLanguage\":\"de\",\"@id\":\"https:\/\/www.usp-research.com\/#\/schema\/logo\/image\/\",\"url\":\"https:\/\/www.usp-research.com\/wp-content\/uploads\/2024\/02\/usp-marketing-logo.png\",\"contentUrl\":\"https:\/\/www.usp-research.com\/wp-content\/uploads\/2024\/02\/usp-marketing-logo.png\",\"width\":600,\"height\":315,\"caption\":\"USP Marketing Consultancy\"},\"image\":{\"@id\":\"https:\/\/www.usp-research.com\/#\/schema\/logo\/image\/\"},\"sameAs\":[\"https:\/\/www.linkedin.com\/company\/usp-marketing-consultancy\/\",\"https:\/\/www.youtube.com\/@marketingconsultancy\"]}]}<\/script>\n<!-- \/ Yoast SEO plugin. -->","yoast_head_json":{"title":"Europ\u00e4ischer Nachhaltigkeitsbericht 2024","description":"Entdecken Sie den Europ\u00e4ischen Nachhaltigkeitsbericht 2024, eine umfassende Analyse nachhaltiger Praktiken und Richtlinien, die die Zukunft Europas pr\u00e4gen. Bleiben Sie informiert.","robots":{"index":"index","follow":"follow","max-snippet":"max-snippet:-1","max-image-preview":"max-image-preview:large","max-video-preview":"max-video-preview:-1"},"og_locale":"de_DE","og_type":"article","og_title":"Europ\u00e4ischer Nachhaltigkeitsbericht 2024","og_description":"Entdecken Sie den Europ\u00e4ischen Nachhaltigkeitsbericht 2024, eine umfassende Analyse nachhaltiger Praktiken und Richtlinien, die die Zukunft Europas pr\u00e4gen. Bleiben Sie informiert.","og_url":"https:\/\/www.usp-research.com\/de\/sektoren\/europaischer-nachhaltigkeitsmonitor-2024\/","og_site_name":"Usp","article_modified_time":"2025-04-09T09:35:35+00:00","og_image":[{"width":1275,"height":714,"url":"https:\/\/www.usp-research.com\/wp-content\/uploads\/2025\/03\/Screenshot-2025-03-13-100738.jpg","type":"image\/jpeg"}],"twitter_card":"summary_large_image","twitter_misc":{"Gesch\u00e4tzte Lesezeit":"1\u00a0Minute"},"schema":{"@context":"https:\/\/schema.org","@graph":[{"@type":"WebPage","@id":"https:\/\/www.usp-research.com\/de\/sektoren\/europaischer-nachhaltigkeitsmonitor-2024\/","url":"https:\/\/www.usp-research.com\/de\/sektoren\/europaischer-nachhaltigkeitsmonitor-2024\/","name":"Europ\u00e4ischer Nachhaltigkeitsbericht 2024","isPartOf":{"@id":"https:\/\/www.usp-research.com\/#website"},"primaryImageOfPage":{"@id":"https:\/\/www.usp-research.com\/de\/sektoren\/europaischer-nachhaltigkeitsmonitor-2024\/#primaryimage"},"image":{"@id":"https:\/\/www.usp-research.com\/de\/sektoren\/europaischer-nachhaltigkeitsmonitor-2024\/#primaryimage"},"thumbnailUrl":"https:\/\/www.usp-research.com\/wp-content\/uploads\/2025\/03\/Screenshot-2025-03-13-100738.jpg","datePublished":"2025-03-13T09:17:05+00:00","dateModified":"2025-04-09T09:35:35+00:00","description":"Entdecken Sie den Europ\u00e4ischen Nachhaltigkeitsbericht 2024, eine umfassende Analyse nachhaltiger Praktiken und Richtlinien, die die Zukunft Europas pr\u00e4gen. Bleiben Sie informiert.","breadcrumb":{"@id":"https:\/\/www.usp-research.com\/de\/sektoren\/europaischer-nachhaltigkeitsmonitor-2024\/#breadcrumb"},"inLanguage":"de","potentialAction":[{"@type":"ReadAction","target":["https:\/\/www.usp-research.com\/de\/sektoren\/europaischer-nachhaltigkeitsmonitor-2024\/"]}]},{"@type":"ImageObject","inLanguage":"de","@id":"https:\/\/www.usp-research.com\/de\/sektoren\/europaischer-nachhaltigkeitsmonitor-2024\/#primaryimage","url":"https:\/\/www.usp-research.com\/wp-content\/uploads\/2025\/03\/Screenshot-2025-03-13-100738.jpg","contentUrl":"https:\/\/www.usp-research.com\/wp-content\/uploads\/2025\/03\/Screenshot-2025-03-13-100738.jpg","width":1275,"height":714},{"@type":"BreadcrumbList","@id":"https:\/\/www.usp-research.com\/de\/sektoren\/europaischer-nachhaltigkeitsmonitor-2024\/#breadcrumb","itemListElement":[{"@type":"ListItem","position":1,"name":"Home","item":"https:\/\/www.usp-research.com\/de\/"},{"@type":"ListItem","position":2,"name":"Sektoren","item":"https:\/\/www.usp-research.com\/de\/sektoren\/"},{"@type":"ListItem","position":3,"name":"Europ\u00e4ischer Nachhaltigkeitsmonitor 2024"}]},{"@type":"WebSite","@id":"https:\/\/www.usp-research.com\/#website","url":"https:\/\/www.usp-research.com\/","name":"Usp","description":"","publisher":{"@id":"https:\/\/www.usp-research.com\/#organization"},"potentialAction":[{"@type":"SearchAction","target":{"@type":"EntryPoint","urlTemplate":"https:\/\/www.usp-research.com\/?s={search_term_string}"},"query-input":{"@type":"PropertyValueSpecification","valueRequired":true,"valueName":"search_term_string"}}],"inLanguage":"de"},{"@type":"Organization","@id":"https:\/\/www.usp-research.com\/#organization","name":"USP Marketing Consultancy","alternateName":"USP Research","url":"https:\/\/www.usp-research.com\/","logo":{"@type":"ImageObject","inLanguage":"de","@id":"https:\/\/www.usp-research.com\/#\/schema\/logo\/image\/","url":"https:\/\/www.usp-research.com\/wp-content\/uploads\/2024\/02\/usp-marketing-logo.png","contentUrl":"https:\/\/www.usp-research.com\/wp-content\/uploads\/2024\/02\/usp-marketing-logo.png","width":600,"height":315,"caption":"USP Marketing Consultancy"},"image":{"@id":"https:\/\/www.usp-research.com\/#\/schema\/logo\/image\/"},"sameAs":["https:\/\/www.linkedin.com\/company\/usp-marketing-consultancy\/","https:\/\/www.youtube.com\/@marketingconsultancy"]}]}},"_links":{"self":[{"href":"https:\/\/www.usp-research.com\/de\/wp-json\/wp\/v2\/pages\/12869","targetHints":{"allow":["GET"]}}],"collection":[{"href":"https:\/\/www.usp-research.com\/de\/wp-json\/wp\/v2\/pages"}],"about":[{"href":"https:\/\/www.usp-research.com\/de\/wp-json\/wp\/v2\/types\/page"}],"author":[{"embeddable":true,"href":"https:\/\/www.usp-research.com\/de\/wp-json\/wp\/v2\/users\/9"}],"replies":[{"embeddable":true,"href":"https:\/\/www.usp-research.com\/de\/wp-json\/wp\/v2\/comments?post=12869"}],"version-history":[{"count":4,"href":"https:\/\/www.usp-research.com\/de\/wp-json\/wp\/v2\/pages\/12869\/revisions"}],"predecessor-version":[{"id":13640,"href":"https:\/\/www.usp-research.com\/de\/wp-json\/wp\/v2\/pages\/12869\/revisions\/13640"}],"up":[{"embeddable":true,"href":"https:\/\/www.usp-research.com\/de\/wp-json\/wp\/v2\/pages\/10410"}],"wp:featuredmedia":[{"embeddable":true,"href":"https:\/\/www.usp-research.com\/de\/wp-json\/wp\/v2\/media\/12872"}],"wp:attachment":[{"href":"https:\/\/www.usp-research.com\/de\/wp-json\/wp\/v2\/media?parent=12869"}],"curies":[{"name":"wp","href":"https:\/\/api.w.org\/{rel}","templated":true}]}}