{"id":12626,"date":"2024-08-19T14:51:37","date_gmt":"2024-08-19T14:51:37","guid":{"rendered":"https:\/\/www.usp-research.com\/?page_id=12626"},"modified":"2025-04-09T07:48:21","modified_gmt":"2025-04-09T07:48:21","slug":"zukunft-des-bauwesens-q2-2024-2","status":"publish","type":"page","link":"https:\/\/www.usp-research.com\/de\/fertige-berichte\/europaeisches-architekturbarometer\/zukunft-des-bauwesens-q2-2024-2\/","title":{"rendered":"Zukunft des Bauwesens Q2 2024"},"content":{"rendered":"","protected":false},"excerpt":{"rendered":"<p>Erforschen Sie die sich entwickelnde Zukunft im Bausektor unter europ\u00e4ischen Architekten im zweiten Quartal 2024. Tauchen Sie ein in die Faktoren, die Materialpr\u00e4ferenzen beeinflussen, und die Auswirkungen auf die Bau\u00e4sthetik und Nachhaltigkeit.<\/p>\n","protected":false},"author":9,"featured_media":10587,"parent":10559,"menu_order":91,"comment_status":"closed","ping_status":"closed","template":"tpl-market-reports-single.php","meta":{"_acf_changed":false,"footnotes":""},"class_list":["post-12626","page","type-page","status-publish","has-post-thumbnail","hentry"],"acf":[],"yoast_head":"<!-- This site is optimized with the Yoast SEO plugin v27.0 - https:\/\/yoast.com\/product\/yoast-seo-wordpress\/ -->\n<title>Zukunft des Bauwesens 2024 \u2013 Bericht der Bauindustrie<\/title>\n<meta name=\"description\" content=\"Entdecken Sie die neuesten Bautrends in Europa. Erhalten Sie Einblicke in Materialpr\u00e4ferenzen und Nachhaltigkeit.\" \/>\n<meta name=\"robots\" content=\"index, follow, max-snippet:-1, max-image-preview:large, max-video-preview:-1\" \/>\n<meta property=\"og:locale\" content=\"de_DE\" \/>\n<meta property=\"og:type\" content=\"article\" \/>\n<meta property=\"og:title\" content=\"Zukunft des Bauwesens 2024 \u2013 Bericht der Bauindustrie\" \/>\n<meta property=\"og:description\" content=\"Entdecken Sie die neuesten Bautrends in Europa. Erhalten Sie Einblicke in Materialpr\u00e4ferenzen und Nachhaltigkeit.\" \/>\n<meta property=\"og:url\" content=\"https:\/\/www.usp-research.com\/de\/fertige-berichte\/europaeisches-architekturbarometer\/zukunft-des-bauwesens-q2-2024-2\/\" \/>\n<meta property=\"og:site_name\" content=\"Usp\" \/>\n<meta property=\"article:modified_time\" content=\"2025-04-09T07:48:21+00:00\" \/>\n<meta property=\"og:image\" content=\"https:\/\/www.usp-research.com\/wp-content\/uploads\/2024\/09\/Screenshot-2024-09-05-112053.jpg\" \/>\n\t<meta property=\"og:image:width\" content=\"1666\" \/>\n\t<meta property=\"og:image:height\" content=\"913\" \/>\n\t<meta property=\"og:image:type\" content=\"image\/jpeg\" \/>\n<meta name=\"twitter:card\" content=\"summary_large_image\" \/>\n<meta name=\"twitter:label1\" content=\"Gesch\u00e4tzte Lesezeit\" \/>\n\t<meta name=\"twitter:data1\" content=\"1\u00a0Minute\" \/>\n<script type=\"application\/ld+json\" class=\"yoast-schema-graph\">{\"@context\":\"https:\/\/schema.org\",\"@graph\":[{\"@type\":\"WebPage\",\"@id\":\"https:\/\/www.usp-research.com\/de\/fertige-berichte\/europaeisches-architekturbarometer\/zukunft-des-bauwesens-q2-2024-2\/\",\"url\":\"https:\/\/www.usp-research.com\/de\/fertige-berichte\/europaeisches-architekturbarometer\/zukunft-des-bauwesens-q2-2024-2\/\",\"name\":\"Zukunft des Bauwesens 2024 \u2013 Bericht der Bauindustrie\",\"isPartOf\":{\"@id\":\"https:\/\/www.usp-research.com\/#website\"},\"primaryImageOfPage\":{\"@id\":\"https:\/\/www.usp-research.com\/de\/fertige-berichte\/europaeisches-architekturbarometer\/zukunft-des-bauwesens-q2-2024-2\/#primaryimage\"},\"image\":{\"@id\":\"https:\/\/www.usp-research.com\/de\/fertige-berichte\/europaeisches-architekturbarometer\/zukunft-des-bauwesens-q2-2024-2\/#primaryimage\"},\"thumbnailUrl\":\"https:\/\/www.usp-research.com\/wp-content\/uploads\/2024\/09\/Screenshot-2024-09-05-112053.jpg\",\"datePublished\":\"2024-08-19T14:51:37+00:00\",\"dateModified\":\"2025-04-09T07:48:21+00:00\",\"description\":\"Entdecken Sie die neuesten Bautrends in Europa. Erhalten Sie Einblicke in Materialpr\u00e4ferenzen und Nachhaltigkeit.\",\"breadcrumb\":{\"@id\":\"https:\/\/www.usp-research.com\/de\/fertige-berichte\/europaeisches-architekturbarometer\/zukunft-des-bauwesens-q2-2024-2\/#breadcrumb\"},\"inLanguage\":\"de\",\"potentialAction\":[{\"@type\":\"ReadAction\",\"target\":[\"https:\/\/www.usp-research.com\/de\/fertige-berichte\/europaeisches-architekturbarometer\/zukunft-des-bauwesens-q2-2024-2\/\"]}]},{\"@type\":\"ImageObject\",\"inLanguage\":\"de\",\"@id\":\"https:\/\/www.usp-research.com\/de\/fertige-berichte\/europaeisches-architekturbarometer\/zukunft-des-bauwesens-q2-2024-2\/#primaryimage\",\"url\":\"https:\/\/www.usp-research.com\/wp-content\/uploads\/2024\/09\/Screenshot-2024-09-05-112053.jpg\",\"contentUrl\":\"https:\/\/www.usp-research.com\/wp-content\/uploads\/2024\/09\/Screenshot-2024-09-05-112053.jpg\",\"width\":1666,\"height\":913},{\"@type\":\"BreadcrumbList\",\"@id\":\"https:\/\/www.usp-research.com\/de\/fertige-berichte\/europaeisches-architekturbarometer\/zukunft-des-bauwesens-q2-2024-2\/#breadcrumb\",\"itemListElement\":[{\"@type\":\"ListItem\",\"position\":1,\"name\":\"Home\",\"item\":\"https:\/\/www.usp-research.com\/de\/\"},{\"@type\":\"ListItem\",\"position\":2,\"name\":\"Fertige Berichte\",\"item\":\"https:\/\/www.usp-research.com\/de\/fertige-berichte\/\"},{\"@type\":\"ListItem\",\"position\":3,\"name\":\"Europ\u00e4isches Architekturbarometer\",\"item\":\"https:\/\/www.usp-research.com\/de\/fertige-berichte\/europaeisches-architekturbarometer\/\"},{\"@type\":\"ListItem\",\"position\":4,\"name\":\"Zukunft des Bauwesens Q2 2024\"}]},{\"@type\":\"WebSite\",\"@id\":\"https:\/\/www.usp-research.com\/#website\",\"url\":\"https:\/\/www.usp-research.com\/\",\"name\":\"Usp\",\"description\":\"\",\"publisher\":{\"@id\":\"https:\/\/www.usp-research.com\/#organization\"},\"potentialAction\":[{\"@type\":\"SearchAction\",\"target\":{\"@type\":\"EntryPoint\",\"urlTemplate\":\"https:\/\/www.usp-research.com\/?s={search_term_string}\"},\"query-input\":{\"@type\":\"PropertyValueSpecification\",\"valueRequired\":true,\"valueName\":\"search_term_string\"}}],\"inLanguage\":\"de\"},{\"@type\":\"Organization\",\"@id\":\"https:\/\/www.usp-research.com\/#organization\",\"name\":\"USP Marketing Consultancy\",\"alternateName\":\"USP Research\",\"url\":\"https:\/\/www.usp-research.com\/\",\"logo\":{\"@type\":\"ImageObject\",\"inLanguage\":\"de\",\"@id\":\"https:\/\/www.usp-research.com\/#\/schema\/logo\/image\/\",\"url\":\"https:\/\/www.usp-research.com\/wp-content\/uploads\/2024\/02\/usp-marketing-logo.png\",\"contentUrl\":\"https:\/\/www.usp-research.com\/wp-content\/uploads\/2024\/02\/usp-marketing-logo.png\",\"width\":600,\"height\":315,\"caption\":\"USP Marketing Consultancy\"},\"image\":{\"@id\":\"https:\/\/www.usp-research.com\/#\/schema\/logo\/image\/\"},\"sameAs\":[\"https:\/\/www.linkedin.com\/company\/usp-marketing-consultancy\/\",\"https:\/\/www.youtube.com\/@marketingconsultancy\"]}]}<\/script>\n<!-- \/ Yoast SEO plugin. -->","yoast_head_json":{"title":"Zukunft des Bauwesens 2024 \u2013 Bericht der Bauindustrie","description":"Entdecken Sie die neuesten Bautrends in Europa. Erhalten Sie Einblicke in Materialpr\u00e4ferenzen und Nachhaltigkeit.","robots":{"index":"index","follow":"follow","max-snippet":"max-snippet:-1","max-image-preview":"max-image-preview:large","max-video-preview":"max-video-preview:-1"},"og_locale":"de_DE","og_type":"article","og_title":"Zukunft des Bauwesens 2024 \u2013 Bericht der Bauindustrie","og_description":"Entdecken Sie die neuesten Bautrends in Europa. Erhalten Sie Einblicke in Materialpr\u00e4ferenzen und Nachhaltigkeit.","og_url":"https:\/\/www.usp-research.com\/de\/fertige-berichte\/europaeisches-architekturbarometer\/zukunft-des-bauwesens-q2-2024-2\/","og_site_name":"Usp","article_modified_time":"2025-04-09T07:48:21+00:00","og_image":[{"width":1666,"height":913,"url":"https:\/\/www.usp-research.com\/wp-content\/uploads\/2024\/09\/Screenshot-2024-09-05-112053.jpg","type":"image\/jpeg"}],"twitter_card":"summary_large_image","twitter_misc":{"Gesch\u00e4tzte Lesezeit":"1\u00a0Minute"},"schema":{"@context":"https:\/\/schema.org","@graph":[{"@type":"WebPage","@id":"https:\/\/www.usp-research.com\/de\/fertige-berichte\/europaeisches-architekturbarometer\/zukunft-des-bauwesens-q2-2024-2\/","url":"https:\/\/www.usp-research.com\/de\/fertige-berichte\/europaeisches-architekturbarometer\/zukunft-des-bauwesens-q2-2024-2\/","name":"Zukunft des Bauwesens 2024 \u2013 Bericht der Bauindustrie","isPartOf":{"@id":"https:\/\/www.usp-research.com\/#website"},"primaryImageOfPage":{"@id":"https:\/\/www.usp-research.com\/de\/fertige-berichte\/europaeisches-architekturbarometer\/zukunft-des-bauwesens-q2-2024-2\/#primaryimage"},"image":{"@id":"https:\/\/www.usp-research.com\/de\/fertige-berichte\/europaeisches-architekturbarometer\/zukunft-des-bauwesens-q2-2024-2\/#primaryimage"},"thumbnailUrl":"https:\/\/www.usp-research.com\/wp-content\/uploads\/2024\/09\/Screenshot-2024-09-05-112053.jpg","datePublished":"2024-08-19T14:51:37+00:00","dateModified":"2025-04-09T07:48:21+00:00","description":"Entdecken Sie die neuesten Bautrends in Europa. Erhalten Sie Einblicke in Materialpr\u00e4ferenzen und Nachhaltigkeit.","breadcrumb":{"@id":"https:\/\/www.usp-research.com\/de\/fertige-berichte\/europaeisches-architekturbarometer\/zukunft-des-bauwesens-q2-2024-2\/#breadcrumb"},"inLanguage":"de","potentialAction":[{"@type":"ReadAction","target":["https:\/\/www.usp-research.com\/de\/fertige-berichte\/europaeisches-architekturbarometer\/zukunft-des-bauwesens-q2-2024-2\/"]}]},{"@type":"ImageObject","inLanguage":"de","@id":"https:\/\/www.usp-research.com\/de\/fertige-berichte\/europaeisches-architekturbarometer\/zukunft-des-bauwesens-q2-2024-2\/#primaryimage","url":"https:\/\/www.usp-research.com\/wp-content\/uploads\/2024\/09\/Screenshot-2024-09-05-112053.jpg","contentUrl":"https:\/\/www.usp-research.com\/wp-content\/uploads\/2024\/09\/Screenshot-2024-09-05-112053.jpg","width":1666,"height":913},{"@type":"BreadcrumbList","@id":"https:\/\/www.usp-research.com\/de\/fertige-berichte\/europaeisches-architekturbarometer\/zukunft-des-bauwesens-q2-2024-2\/#breadcrumb","itemListElement":[{"@type":"ListItem","position":1,"name":"Home","item":"https:\/\/www.usp-research.com\/de\/"},{"@type":"ListItem","position":2,"name":"Fertige Berichte","item":"https:\/\/www.usp-research.com\/de\/fertige-berichte\/"},{"@type":"ListItem","position":3,"name":"Europ\u00e4isches Architekturbarometer","item":"https:\/\/www.usp-research.com\/de\/fertige-berichte\/europaeisches-architekturbarometer\/"},{"@type":"ListItem","position":4,"name":"Zukunft des Bauwesens Q2 2024"}]},{"@type":"WebSite","@id":"https:\/\/www.usp-research.com\/#website","url":"https:\/\/www.usp-research.com\/","name":"Usp","description":"","publisher":{"@id":"https:\/\/www.usp-research.com\/#organization"},"potentialAction":[{"@type":"SearchAction","target":{"@type":"EntryPoint","urlTemplate":"https:\/\/www.usp-research.com\/?s={search_term_string}"},"query-input":{"@type":"PropertyValueSpecification","valueRequired":true,"valueName":"search_term_string"}}],"inLanguage":"de"},{"@type":"Organization","@id":"https:\/\/www.usp-research.com\/#organization","name":"USP Marketing Consultancy","alternateName":"USP Research","url":"https:\/\/www.usp-research.com\/","logo":{"@type":"ImageObject","inLanguage":"de","@id":"https:\/\/www.usp-research.com\/#\/schema\/logo\/image\/","url":"https:\/\/www.usp-research.com\/wp-content\/uploads\/2024\/02\/usp-marketing-logo.png","contentUrl":"https:\/\/www.usp-research.com\/wp-content\/uploads\/2024\/02\/usp-marketing-logo.png","width":600,"height":315,"caption":"USP Marketing Consultancy"},"image":{"@id":"https:\/\/www.usp-research.com\/#\/schema\/logo\/image\/"},"sameAs":["https:\/\/www.linkedin.com\/company\/usp-marketing-consultancy\/","https:\/\/www.youtube.com\/@marketingconsultancy"]}]}},"_links":{"self":[{"href":"https:\/\/www.usp-research.com\/de\/wp-json\/wp\/v2\/pages\/12626","targetHints":{"allow":["GET"]}}],"collection":[{"href":"https:\/\/www.usp-research.com\/de\/wp-json\/wp\/v2\/pages"}],"about":[{"href":"https:\/\/www.usp-research.com\/de\/wp-json\/wp\/v2\/types\/page"}],"author":[{"embeddable":true,"href":"https:\/\/www.usp-research.com\/de\/wp-json\/wp\/v2\/users\/9"}],"replies":[{"embeddable":true,"href":"https:\/\/www.usp-research.com\/de\/wp-json\/wp\/v2\/comments?post=12626"}],"version-history":[{"count":2,"href":"https:\/\/www.usp-research.com\/de\/wp-json\/wp\/v2\/pages\/12626\/revisions"}],"predecessor-version":[{"id":13588,"href":"https:\/\/www.usp-research.com\/de\/wp-json\/wp\/v2\/pages\/12626\/revisions\/13588"}],"up":[{"embeddable":true,"href":"https:\/\/www.usp-research.com\/de\/wp-json\/wp\/v2\/pages\/10559"}],"wp:featuredmedia":[{"embeddable":true,"href":"https:\/\/www.usp-research.com\/de\/wp-json\/wp\/v2\/media\/10587"}],"wp:attachment":[{"href":"https:\/\/www.usp-research.com\/de\/wp-json\/wp\/v2\/media?parent=12626"}],"curies":[{"name":"wp","href":"https:\/\/api.w.org\/{rel}","templated":true}]}}