{"id":12135,"date":"2025-02-11T13:20:45","date_gmt":"2025-02-11T13:20:45","guid":{"rendered":"https:\/\/www.usp-research.com\/?page_id=12135"},"modified":"2025-04-09T09:16:41","modified_gmt":"2025-04-09T09:16:41","slug":"digitalisation-and-bim-h2-2024","status":"publish","type":"page","link":"https:\/\/www.usp-research.com\/de\/fertige-berichte\/bauunternehmermonitor\/digitalisation-and-bim-h2-2024\/","title":{"rendered":"Digitalisierung und BIM H2 2024"},"content":{"rendered":"","protected":false},"excerpt":{"rendered":"<p>auchen Sie ein in die digitale Transformation von Bauunternehmen im zweiten Halbjahr 2024, mit besonderem Fokus auf die Einf\u00fchrung von Building Information Modeling (BIM). Entdecken Sie die Vorteile, Herausforderungen und Pr\u00e4ferenzen, die die digitale Landschaft im Bausektor pr\u00e4gen.<\/p>\n","protected":false},"author":9,"featured_media":12158,"parent":10699,"menu_order":378,"comment_status":"closed","ping_status":"closed","template":"tpl-market-reports-single.php","meta":{"_acf_changed":false,"footnotes":""},"class_list":["post-12135","page","type-page","status-publish","has-post-thumbnail","hentry"],"acf":[],"yoast_head":"<!-- This site is optimized with the Yoast SEO plugin v27.0 - https:\/\/yoast.com\/product\/yoast-seo-wordpress\/ -->\n<title>Digitalization &amp; BIM Adoption in Construction: H2 2024 Report - Usp<\/title>\n<meta name=\"description\" content=\"Explore the H2 2024 Report on Digitalization and BIM Adoption in Construction. Discover insights, trends, and strategies shaping the future of the industry.\" \/>\n<meta name=\"robots\" content=\"index, follow, max-snippet:-1, max-image-preview:large, max-video-preview:-1\" \/>\n<meta property=\"og:locale\" content=\"de_DE\" \/>\n<meta property=\"og:type\" content=\"article\" \/>\n<meta property=\"og:title\" content=\"Digitalization &amp; BIM Adoption in Construction: H2 2024 Report - Usp\" \/>\n<meta property=\"og:description\" content=\"Explore the H2 2024 Report on Digitalization and BIM Adoption in Construction. Discover insights, trends, and strategies shaping the future of the industry.\" \/>\n<meta property=\"og:url\" content=\"https:\/\/www.usp-research.com\/de\/fertige-berichte\/bauunternehmermonitor\/digitalisation-and-bim-h2-2024\/\" \/>\n<meta property=\"og:site_name\" content=\"Usp\" \/>\n<meta property=\"article:modified_time\" content=\"2025-04-09T09:16:41+00:00\" \/>\n<meta property=\"og:image\" content=\"https:\/\/www.usp-research.com\/wp-content\/uploads\/2025\/02\/Screenshot-2025-02-11-142103.jpg\" \/>\n\t<meta property=\"og:image:width\" content=\"1403\" \/>\n\t<meta property=\"og:image:height\" content=\"787\" \/>\n\t<meta property=\"og:image:type\" content=\"image\/jpeg\" \/>\n<meta name=\"twitter:card\" content=\"summary_large_image\" \/>\n<meta name=\"twitter:label1\" content=\"Gesch\u00e4tzte Lesezeit\" \/>\n\t<meta name=\"twitter:data1\" content=\"1\u00a0Minute\" \/>\n<script type=\"application\/ld+json\" class=\"yoast-schema-graph\">{\"@context\":\"https:\/\/schema.org\",\"@graph\":[{\"@type\":\"WebPage\",\"@id\":\"https:\/\/www.usp-research.com\/de\/fertige-berichte\/bauunternehmermonitor\/digitalisation-and-bim-h2-2024\/\",\"url\":\"https:\/\/www.usp-research.com\/de\/fertige-berichte\/bauunternehmermonitor\/digitalisation-and-bim-h2-2024\/\",\"name\":\"Digitalization & BIM Adoption in Construction: H2 2024 Report - Usp\",\"isPartOf\":{\"@id\":\"https:\/\/www.usp-research.com\/#website\"},\"primaryImageOfPage\":{\"@id\":\"https:\/\/www.usp-research.com\/de\/fertige-berichte\/bauunternehmermonitor\/digitalisation-and-bim-h2-2024\/#primaryimage\"},\"image\":{\"@id\":\"https:\/\/www.usp-research.com\/de\/fertige-berichte\/bauunternehmermonitor\/digitalisation-and-bim-h2-2024\/#primaryimage\"},\"thumbnailUrl\":\"https:\/\/www.usp-research.com\/wp-content\/uploads\/2025\/02\/Screenshot-2025-02-11-142103.jpg\",\"datePublished\":\"2025-02-11T13:20:45+00:00\",\"dateModified\":\"2025-04-09T09:16:41+00:00\",\"description\":\"Explore the H2 2024 Report on Digitalization and BIM Adoption in Construction. Discover insights, trends, and strategies shaping the future of the industry.\",\"breadcrumb\":{\"@id\":\"https:\/\/www.usp-research.com\/de\/fertige-berichte\/bauunternehmermonitor\/digitalisation-and-bim-h2-2024\/#breadcrumb\"},\"inLanguage\":\"de\",\"potentialAction\":[{\"@type\":\"ReadAction\",\"target\":[\"https:\/\/www.usp-research.com\/de\/fertige-berichte\/bauunternehmermonitor\/digitalisation-and-bim-h2-2024\/\"]}]},{\"@type\":\"ImageObject\",\"inLanguage\":\"de\",\"@id\":\"https:\/\/www.usp-research.com\/de\/fertige-berichte\/bauunternehmermonitor\/digitalisation-and-bim-h2-2024\/#primaryimage\",\"url\":\"https:\/\/www.usp-research.com\/wp-content\/uploads\/2025\/02\/Screenshot-2025-02-11-142103.jpg\",\"contentUrl\":\"https:\/\/www.usp-research.com\/wp-content\/uploads\/2025\/02\/Screenshot-2025-02-11-142103.jpg\",\"width\":1403,\"height\":787},{\"@type\":\"BreadcrumbList\",\"@id\":\"https:\/\/www.usp-research.com\/de\/fertige-berichte\/bauunternehmermonitor\/digitalisation-and-bim-h2-2024\/#breadcrumb\",\"itemListElement\":[{\"@type\":\"ListItem\",\"position\":1,\"name\":\"Home\",\"item\":\"https:\/\/www.usp-research.com\/de\/\"},{\"@type\":\"ListItem\",\"position\":2,\"name\":\"Fertige Berichte\",\"item\":\"https:\/\/www.usp-research.com\/de\/fertige-berichte\/\"},{\"@type\":\"ListItem\",\"position\":3,\"name\":\"Bauunternehmermonitor\",\"item\":\"https:\/\/www.usp-research.com\/de\/fertige-berichte\/bauunternehmermonitor\/\"},{\"@type\":\"ListItem\",\"position\":4,\"name\":\"Digitalisierung und BIM H2 2024\"}]},{\"@type\":\"WebSite\",\"@id\":\"https:\/\/www.usp-research.com\/#website\",\"url\":\"https:\/\/www.usp-research.com\/\",\"name\":\"Usp\",\"description\":\"\",\"publisher\":{\"@id\":\"https:\/\/www.usp-research.com\/#organization\"},\"potentialAction\":[{\"@type\":\"SearchAction\",\"target\":{\"@type\":\"EntryPoint\",\"urlTemplate\":\"https:\/\/www.usp-research.com\/?s={search_term_string}\"},\"query-input\":{\"@type\":\"PropertyValueSpecification\",\"valueRequired\":true,\"valueName\":\"search_term_string\"}}],\"inLanguage\":\"de\"},{\"@type\":\"Organization\",\"@id\":\"https:\/\/www.usp-research.com\/#organization\",\"name\":\"USP Marketing Consultancy\",\"alternateName\":\"USP Research\",\"url\":\"https:\/\/www.usp-research.com\/\",\"logo\":{\"@type\":\"ImageObject\",\"inLanguage\":\"de\",\"@id\":\"https:\/\/www.usp-research.com\/#\/schema\/logo\/image\/\",\"url\":\"https:\/\/www.usp-research.com\/wp-content\/uploads\/2024\/02\/usp-marketing-logo.png\",\"contentUrl\":\"https:\/\/www.usp-research.com\/wp-content\/uploads\/2024\/02\/usp-marketing-logo.png\",\"width\":600,\"height\":315,\"caption\":\"USP Marketing Consultancy\"},\"image\":{\"@id\":\"https:\/\/www.usp-research.com\/#\/schema\/logo\/image\/\"},\"sameAs\":[\"https:\/\/www.linkedin.com\/company\/usp-marketing-consultancy\/\",\"https:\/\/www.youtube.com\/@marketingconsultancy\"]}]}<\/script>\n<!-- \/ Yoast SEO plugin. -->","yoast_head_json":{"title":"Digitalization & BIM Adoption in Construction: H2 2024 Report - Usp","description":"Explore the H2 2024 Report on Digitalization and BIM Adoption in Construction. Discover insights, trends, and strategies shaping the future of the industry.","robots":{"index":"index","follow":"follow","max-snippet":"max-snippet:-1","max-image-preview":"max-image-preview:large","max-video-preview":"max-video-preview:-1"},"og_locale":"de_DE","og_type":"article","og_title":"Digitalization & BIM Adoption in Construction: H2 2024 Report - Usp","og_description":"Explore the H2 2024 Report on Digitalization and BIM Adoption in Construction. Discover insights, trends, and strategies shaping the future of the industry.","og_url":"https:\/\/www.usp-research.com\/de\/fertige-berichte\/bauunternehmermonitor\/digitalisation-and-bim-h2-2024\/","og_site_name":"Usp","article_modified_time":"2025-04-09T09:16:41+00:00","og_image":[{"width":1403,"height":787,"url":"https:\/\/www.usp-research.com\/wp-content\/uploads\/2025\/02\/Screenshot-2025-02-11-142103.jpg","type":"image\/jpeg"}],"twitter_card":"summary_large_image","twitter_misc":{"Gesch\u00e4tzte Lesezeit":"1\u00a0Minute"},"schema":{"@context":"https:\/\/schema.org","@graph":[{"@type":"WebPage","@id":"https:\/\/www.usp-research.com\/de\/fertige-berichte\/bauunternehmermonitor\/digitalisation-and-bim-h2-2024\/","url":"https:\/\/www.usp-research.com\/de\/fertige-berichte\/bauunternehmermonitor\/digitalisation-and-bim-h2-2024\/","name":"Digitalization & BIM Adoption in Construction: H2 2024 Report - Usp","isPartOf":{"@id":"https:\/\/www.usp-research.com\/#website"},"primaryImageOfPage":{"@id":"https:\/\/www.usp-research.com\/de\/fertige-berichte\/bauunternehmermonitor\/digitalisation-and-bim-h2-2024\/#primaryimage"},"image":{"@id":"https:\/\/www.usp-research.com\/de\/fertige-berichte\/bauunternehmermonitor\/digitalisation-and-bim-h2-2024\/#primaryimage"},"thumbnailUrl":"https:\/\/www.usp-research.com\/wp-content\/uploads\/2025\/02\/Screenshot-2025-02-11-142103.jpg","datePublished":"2025-02-11T13:20:45+00:00","dateModified":"2025-04-09T09:16:41+00:00","description":"Explore the H2 2024 Report on Digitalization and BIM Adoption in Construction. Discover insights, trends, and strategies shaping the future of the industry.","breadcrumb":{"@id":"https:\/\/www.usp-research.com\/de\/fertige-berichte\/bauunternehmermonitor\/digitalisation-and-bim-h2-2024\/#breadcrumb"},"inLanguage":"de","potentialAction":[{"@type":"ReadAction","target":["https:\/\/www.usp-research.com\/de\/fertige-berichte\/bauunternehmermonitor\/digitalisation-and-bim-h2-2024\/"]}]},{"@type":"ImageObject","inLanguage":"de","@id":"https:\/\/www.usp-research.com\/de\/fertige-berichte\/bauunternehmermonitor\/digitalisation-and-bim-h2-2024\/#primaryimage","url":"https:\/\/www.usp-research.com\/wp-content\/uploads\/2025\/02\/Screenshot-2025-02-11-142103.jpg","contentUrl":"https:\/\/www.usp-research.com\/wp-content\/uploads\/2025\/02\/Screenshot-2025-02-11-142103.jpg","width":1403,"height":787},{"@type":"BreadcrumbList","@id":"https:\/\/www.usp-research.com\/de\/fertige-berichte\/bauunternehmermonitor\/digitalisation-and-bim-h2-2024\/#breadcrumb","itemListElement":[{"@type":"ListItem","position":1,"name":"Home","item":"https:\/\/www.usp-research.com\/de\/"},{"@type":"ListItem","position":2,"name":"Fertige Berichte","item":"https:\/\/www.usp-research.com\/de\/fertige-berichte\/"},{"@type":"ListItem","position":3,"name":"Bauunternehmermonitor","item":"https:\/\/www.usp-research.com\/de\/fertige-berichte\/bauunternehmermonitor\/"},{"@type":"ListItem","position":4,"name":"Digitalisierung und BIM H2 2024"}]},{"@type":"WebSite","@id":"https:\/\/www.usp-research.com\/#website","url":"https:\/\/www.usp-research.com\/","name":"Usp","description":"","publisher":{"@id":"https:\/\/www.usp-research.com\/#organization"},"potentialAction":[{"@type":"SearchAction","target":{"@type":"EntryPoint","urlTemplate":"https:\/\/www.usp-research.com\/?s={search_term_string}"},"query-input":{"@type":"PropertyValueSpecification","valueRequired":true,"valueName":"search_term_string"}}],"inLanguage":"de"},{"@type":"Organization","@id":"https:\/\/www.usp-research.com\/#organization","name":"USP Marketing Consultancy","alternateName":"USP Research","url":"https:\/\/www.usp-research.com\/","logo":{"@type":"ImageObject","inLanguage":"de","@id":"https:\/\/www.usp-research.com\/#\/schema\/logo\/image\/","url":"https:\/\/www.usp-research.com\/wp-content\/uploads\/2024\/02\/usp-marketing-logo.png","contentUrl":"https:\/\/www.usp-research.com\/wp-content\/uploads\/2024\/02\/usp-marketing-logo.png","width":600,"height":315,"caption":"USP Marketing Consultancy"},"image":{"@id":"https:\/\/www.usp-research.com\/#\/schema\/logo\/image\/"},"sameAs":["https:\/\/www.linkedin.com\/company\/usp-marketing-consultancy\/","https:\/\/www.youtube.com\/@marketingconsultancy"]}]}},"_links":{"self":[{"href":"https:\/\/www.usp-research.com\/de\/wp-json\/wp\/v2\/pages\/12135","targetHints":{"allow":["GET"]}}],"collection":[{"href":"https:\/\/www.usp-research.com\/de\/wp-json\/wp\/v2\/pages"}],"about":[{"href":"https:\/\/www.usp-research.com\/de\/wp-json\/wp\/v2\/types\/page"}],"author":[{"embeddable":true,"href":"https:\/\/www.usp-research.com\/de\/wp-json\/wp\/v2\/users\/9"}],"replies":[{"embeddable":true,"href":"https:\/\/www.usp-research.com\/de\/wp-json\/wp\/v2\/comments?post=12135"}],"version-history":[{"count":6,"href":"https:\/\/www.usp-research.com\/de\/wp-json\/wp\/v2\/pages\/12135\/revisions"}],"predecessor-version":[{"id":13629,"href":"https:\/\/www.usp-research.com\/de\/wp-json\/wp\/v2\/pages\/12135\/revisions\/13629"}],"up":[{"embeddable":true,"href":"https:\/\/www.usp-research.com\/de\/wp-json\/wp\/v2\/pages\/10699"}],"wp:featuredmedia":[{"embeddable":true,"href":"https:\/\/www.usp-research.com\/de\/wp-json\/wp\/v2\/media\/12158"}],"wp:attachment":[{"href":"https:\/\/www.usp-research.com\/de\/wp-json\/wp\/v2\/media?parent=12135"}],"curies":[{"name":"wp","href":"https:\/\/api.w.org\/{rel}","templated":true}]}}