{"id":10739,"date":"2023-12-01T13:00:06","date_gmt":"2023-12-01T13:00:06","guid":{"rendered":"https:\/\/www.usp-research.com\/market-reports\/usp-kitchen-monitor\/"},"modified":"2025-04-09T09:18:34","modified_gmt":"2025-04-09T09:18:34","slug":"usp-kuechenmonitor","status":"publish","type":"page","link":"https:\/\/www.usp-research.com\/de\/fertige-berichte\/usp-kuechenmonitor\/","title":{"rendered":"USP K\u00fcchenmonitor"},"content":{"rendered":"","protected":false},"excerpt":{"rendered":"<p>Der Kitchen Monitor bietet wichtige Einblicke f\u00fcr Hersteller und H\u00e4ndler im K\u00fcchenmarkt, die aus einer gro\u00df angelegten Umfrage unter Verbrauchern in den Niederlanden gewonnen wurden. Die Studie liefert zus\u00e4tzlich detaillierte Erkenntnisse f\u00fcr jede Produktkategorie, wodurch der USP Kitchen Monitor zu einem \u00e4u\u00dferst wertvollen und praxisorientierten Bericht wird.<\/p>\n","protected":false},"author":5,"featured_media":10540,"parent":10153,"menu_order":386,"comment_status":"closed","ping_status":"closed","template":"tpl-market-reports-category.php","meta":{"_acf_changed":false,"footnotes":""},"class_list":["post-10739","page","type-page","status-publish","has-post-thumbnail","hentry"],"acf":[],"yoast_head":"<!-- This site is optimized with the Yoast SEO plugin v27.0 - https:\/\/yoast.com\/product\/yoast-seo-wordpress\/ -->\n<title>USP Kitchen Monitor: Verbrauchereinblicke f\u00fcr den Erfolg des niederl\u00e4ndischen K\u00fcchenmarktes | USP<\/title>\n<meta name=\"description\" content=\"Erhalten Sie Verbrauchereinblicke f\u00fcr den niederl\u00e4ndischen K\u00fcchenmarkt. Der USP-Bericht analysiert Kauftrends, Produktpr\u00e4ferenzen und mehr.\" \/>\n<meta name=\"robots\" content=\"index, follow, max-snippet:-1, max-image-preview:large, max-video-preview:-1\" \/>\n<meta property=\"og:locale\" content=\"de_DE\" \/>\n<meta property=\"og:type\" content=\"article\" \/>\n<meta property=\"og:title\" content=\"USP Kitchen Monitor: Verbrauchereinblicke f\u00fcr den Erfolg des niederl\u00e4ndischen K\u00fcchenmarktes | USP\" \/>\n<meta property=\"og:description\" content=\"Erhalten Sie Verbrauchereinblicke f\u00fcr den niederl\u00e4ndischen K\u00fcchenmarkt. Der USP-Bericht analysiert Kauftrends, Produktpr\u00e4ferenzen und mehr.\" \/>\n<meta property=\"og:url\" content=\"https:\/\/www.usp-research.com\/de\/fertige-berichte\/usp-kuechenmonitor\/\" \/>\n<meta property=\"og:site_name\" content=\"Usp\" \/>\n<meta property=\"article:modified_time\" content=\"2025-04-09T09:18:34+00:00\" \/>\n<meta property=\"og:image\" content=\"https:\/\/www.usp-research.com\/wp-content\/uploads\/2024\/02\/pexels-mark-1080721-scaled.jpg\" \/>\n\t<meta property=\"og:image:width\" content=\"2560\" \/>\n\t<meta property=\"og:image:height\" content=\"1707\" \/>\n\t<meta property=\"og:image:type\" content=\"image\/jpeg\" \/>\n<meta name=\"twitter:card\" content=\"summary_large_image\" \/>\n<meta name=\"twitter:label1\" content=\"Gesch\u00e4tzte Lesezeit\" \/>\n\t<meta name=\"twitter:data1\" content=\"1\u00a0Minute\" \/>\n<script type=\"application\/ld+json\" class=\"yoast-schema-graph\">{\"@context\":\"https:\/\/schema.org\",\"@graph\":[{\"@type\":\"WebPage\",\"@id\":\"https:\/\/www.usp-research.com\/de\/fertige-berichte\/usp-kuechenmonitor\/\",\"url\":\"https:\/\/www.usp-research.com\/de\/fertige-berichte\/usp-kuechenmonitor\/\",\"name\":\"USP Kitchen Monitor: Verbrauchereinblicke f\u00fcr den Erfolg des niederl\u00e4ndischen K\u00fcchenmarktes | USP\",\"isPartOf\":{\"@id\":\"https:\/\/www.usp-research.com\/#website\"},\"primaryImageOfPage\":{\"@id\":\"https:\/\/www.usp-research.com\/de\/fertige-berichte\/usp-kuechenmonitor\/#primaryimage\"},\"image\":{\"@id\":\"https:\/\/www.usp-research.com\/de\/fertige-berichte\/usp-kuechenmonitor\/#primaryimage\"},\"thumbnailUrl\":\"https:\/\/www.usp-research.com\/wp-content\/uploads\/2024\/02\/pexels-mark-1080721-scaled.jpg\",\"datePublished\":\"2023-12-01T13:00:06+00:00\",\"dateModified\":\"2025-04-09T09:18:34+00:00\",\"description\":\"Erhalten Sie Verbrauchereinblicke f\u00fcr den niederl\u00e4ndischen K\u00fcchenmarkt. Der USP-Bericht analysiert Kauftrends, Produktpr\u00e4ferenzen und mehr.\",\"breadcrumb\":{\"@id\":\"https:\/\/www.usp-research.com\/de\/fertige-berichte\/usp-kuechenmonitor\/#breadcrumb\"},\"inLanguage\":\"de\",\"potentialAction\":[{\"@type\":\"ReadAction\",\"target\":[\"https:\/\/www.usp-research.com\/de\/fertige-berichte\/usp-kuechenmonitor\/\"]}]},{\"@type\":\"ImageObject\",\"inLanguage\":\"de\",\"@id\":\"https:\/\/www.usp-research.com\/de\/fertige-berichte\/usp-kuechenmonitor\/#primaryimage\",\"url\":\"https:\/\/www.usp-research.com\/wp-content\/uploads\/2024\/02\/pexels-mark-1080721-scaled.jpg\",\"contentUrl\":\"https:\/\/www.usp-research.com\/wp-content\/uploads\/2024\/02\/pexels-mark-1080721-scaled.jpg\",\"width\":2560,\"height\":1707},{\"@type\":\"BreadcrumbList\",\"@id\":\"https:\/\/www.usp-research.com\/de\/fertige-berichte\/usp-kuechenmonitor\/#breadcrumb\",\"itemListElement\":[{\"@type\":\"ListItem\",\"position\":1,\"name\":\"Home\",\"item\":\"https:\/\/www.usp-research.com\/de\/\"},{\"@type\":\"ListItem\",\"position\":2,\"name\":\"Fertige Berichte\",\"item\":\"https:\/\/www.usp-research.com\/de\/fertige-berichte\/\"},{\"@type\":\"ListItem\",\"position\":3,\"name\":\"USP K\u00fcchenmonitor\"}]},{\"@type\":\"WebSite\",\"@id\":\"https:\/\/www.usp-research.com\/#website\",\"url\":\"https:\/\/www.usp-research.com\/\",\"name\":\"Usp\",\"description\":\"\",\"publisher\":{\"@id\":\"https:\/\/www.usp-research.com\/#organization\"},\"potentialAction\":[{\"@type\":\"SearchAction\",\"target\":{\"@type\":\"EntryPoint\",\"urlTemplate\":\"https:\/\/www.usp-research.com\/?s={search_term_string}\"},\"query-input\":{\"@type\":\"PropertyValueSpecification\",\"valueRequired\":true,\"valueName\":\"search_term_string\"}}],\"inLanguage\":\"de\"},{\"@type\":\"Organization\",\"@id\":\"https:\/\/www.usp-research.com\/#organization\",\"name\":\"USP Marketing Consultancy\",\"alternateName\":\"USP Research\",\"url\":\"https:\/\/www.usp-research.com\/\",\"logo\":{\"@type\":\"ImageObject\",\"inLanguage\":\"de\",\"@id\":\"https:\/\/www.usp-research.com\/#\/schema\/logo\/image\/\",\"url\":\"https:\/\/www.usp-research.com\/wp-content\/uploads\/2024\/02\/usp-marketing-logo.png\",\"contentUrl\":\"https:\/\/www.usp-research.com\/wp-content\/uploads\/2024\/02\/usp-marketing-logo.png\",\"width\":600,\"height\":315,\"caption\":\"USP Marketing Consultancy\"},\"image\":{\"@id\":\"https:\/\/www.usp-research.com\/#\/schema\/logo\/image\/\"},\"sameAs\":[\"https:\/\/www.linkedin.com\/company\/usp-marketing-consultancy\/\",\"https:\/\/www.youtube.com\/@marketingconsultancy\"]}]}<\/script>\n<!-- \/ Yoast SEO plugin. -->","yoast_head_json":{"title":"USP Kitchen Monitor: Verbrauchereinblicke f\u00fcr den Erfolg des niederl\u00e4ndischen K\u00fcchenmarktes | USP","description":"Erhalten Sie Verbrauchereinblicke f\u00fcr den niederl\u00e4ndischen K\u00fcchenmarkt. Der USP-Bericht analysiert Kauftrends, Produktpr\u00e4ferenzen und mehr.","robots":{"index":"index","follow":"follow","max-snippet":"max-snippet:-1","max-image-preview":"max-image-preview:large","max-video-preview":"max-video-preview:-1"},"og_locale":"de_DE","og_type":"article","og_title":"USP Kitchen Monitor: Verbrauchereinblicke f\u00fcr den Erfolg des niederl\u00e4ndischen K\u00fcchenmarktes | USP","og_description":"Erhalten Sie Verbrauchereinblicke f\u00fcr den niederl\u00e4ndischen K\u00fcchenmarkt. Der USP-Bericht analysiert Kauftrends, Produktpr\u00e4ferenzen und mehr.","og_url":"https:\/\/www.usp-research.com\/de\/fertige-berichte\/usp-kuechenmonitor\/","og_site_name":"Usp","article_modified_time":"2025-04-09T09:18:34+00:00","og_image":[{"width":2560,"height":1707,"url":"https:\/\/www.usp-research.com\/wp-content\/uploads\/2024\/02\/pexels-mark-1080721-scaled.jpg","type":"image\/jpeg"}],"twitter_card":"summary_large_image","twitter_misc":{"Gesch\u00e4tzte Lesezeit":"1\u00a0Minute"},"schema":{"@context":"https:\/\/schema.org","@graph":[{"@type":"WebPage","@id":"https:\/\/www.usp-research.com\/de\/fertige-berichte\/usp-kuechenmonitor\/","url":"https:\/\/www.usp-research.com\/de\/fertige-berichte\/usp-kuechenmonitor\/","name":"USP Kitchen Monitor: Verbrauchereinblicke f\u00fcr den Erfolg des niederl\u00e4ndischen K\u00fcchenmarktes | USP","isPartOf":{"@id":"https:\/\/www.usp-research.com\/#website"},"primaryImageOfPage":{"@id":"https:\/\/www.usp-research.com\/de\/fertige-berichte\/usp-kuechenmonitor\/#primaryimage"},"image":{"@id":"https:\/\/www.usp-research.com\/de\/fertige-berichte\/usp-kuechenmonitor\/#primaryimage"},"thumbnailUrl":"https:\/\/www.usp-research.com\/wp-content\/uploads\/2024\/02\/pexels-mark-1080721-scaled.jpg","datePublished":"2023-12-01T13:00:06+00:00","dateModified":"2025-04-09T09:18:34+00:00","description":"Erhalten Sie Verbrauchereinblicke f\u00fcr den niederl\u00e4ndischen K\u00fcchenmarkt. Der USP-Bericht analysiert Kauftrends, Produktpr\u00e4ferenzen und mehr.","breadcrumb":{"@id":"https:\/\/www.usp-research.com\/de\/fertige-berichte\/usp-kuechenmonitor\/#breadcrumb"},"inLanguage":"de","potentialAction":[{"@type":"ReadAction","target":["https:\/\/www.usp-research.com\/de\/fertige-berichte\/usp-kuechenmonitor\/"]}]},{"@type":"ImageObject","inLanguage":"de","@id":"https:\/\/www.usp-research.com\/de\/fertige-berichte\/usp-kuechenmonitor\/#primaryimage","url":"https:\/\/www.usp-research.com\/wp-content\/uploads\/2024\/02\/pexels-mark-1080721-scaled.jpg","contentUrl":"https:\/\/www.usp-research.com\/wp-content\/uploads\/2024\/02\/pexels-mark-1080721-scaled.jpg","width":2560,"height":1707},{"@type":"BreadcrumbList","@id":"https:\/\/www.usp-research.com\/de\/fertige-berichte\/usp-kuechenmonitor\/#breadcrumb","itemListElement":[{"@type":"ListItem","position":1,"name":"Home","item":"https:\/\/www.usp-research.com\/de\/"},{"@type":"ListItem","position":2,"name":"Fertige Berichte","item":"https:\/\/www.usp-research.com\/de\/fertige-berichte\/"},{"@type":"ListItem","position":3,"name":"USP K\u00fcchenmonitor"}]},{"@type":"WebSite","@id":"https:\/\/www.usp-research.com\/#website","url":"https:\/\/www.usp-research.com\/","name":"Usp","description":"","publisher":{"@id":"https:\/\/www.usp-research.com\/#organization"},"potentialAction":[{"@type":"SearchAction","target":{"@type":"EntryPoint","urlTemplate":"https:\/\/www.usp-research.com\/?s={search_term_string}"},"query-input":{"@type":"PropertyValueSpecification","valueRequired":true,"valueName":"search_term_string"}}],"inLanguage":"de"},{"@type":"Organization","@id":"https:\/\/www.usp-research.com\/#organization","name":"USP Marketing Consultancy","alternateName":"USP Research","url":"https:\/\/www.usp-research.com\/","logo":{"@type":"ImageObject","inLanguage":"de","@id":"https:\/\/www.usp-research.com\/#\/schema\/logo\/image\/","url":"https:\/\/www.usp-research.com\/wp-content\/uploads\/2024\/02\/usp-marketing-logo.png","contentUrl":"https:\/\/www.usp-research.com\/wp-content\/uploads\/2024\/02\/usp-marketing-logo.png","width":600,"height":315,"caption":"USP Marketing Consultancy"},"image":{"@id":"https:\/\/www.usp-research.com\/#\/schema\/logo\/image\/"},"sameAs":["https:\/\/www.linkedin.com\/company\/usp-marketing-consultancy\/","https:\/\/www.youtube.com\/@marketingconsultancy"]}]}},"_links":{"self":[{"href":"https:\/\/www.usp-research.com\/de\/wp-json\/wp\/v2\/pages\/10739","targetHints":{"allow":["GET"]}}],"collection":[{"href":"https:\/\/www.usp-research.com\/de\/wp-json\/wp\/v2\/pages"}],"about":[{"href":"https:\/\/www.usp-research.com\/de\/wp-json\/wp\/v2\/types\/page"}],"author":[{"embeddable":true,"href":"https:\/\/www.usp-research.com\/de\/wp-json\/wp\/v2\/users\/5"}],"replies":[{"embeddable":true,"href":"https:\/\/www.usp-research.com\/de\/wp-json\/wp\/v2\/comments?post=10739"}],"version-history":[{"count":5,"href":"https:\/\/www.usp-research.com\/de\/wp-json\/wp\/v2\/pages\/10739\/revisions"}],"predecessor-version":[{"id":13630,"href":"https:\/\/www.usp-research.com\/de\/wp-json\/wp\/v2\/pages\/10739\/revisions\/13630"}],"up":[{"embeddable":true,"href":"https:\/\/www.usp-research.com\/de\/wp-json\/wp\/v2\/pages\/10153"}],"wp:featuredmedia":[{"embeddable":true,"href":"https:\/\/www.usp-research.com\/de\/wp-json\/wp\/v2\/media\/10540"}],"wp:attachment":[{"href":"https:\/\/www.usp-research.com\/de\/wp-json\/wp\/v2\/media?parent=10739"}],"curies":[{"name":"wp","href":"https:\/\/api.w.org\/{rel}","templated":true}]}}