{"id":10732,"date":"2024-08-22T14:03:13","date_gmt":"2024-08-22T14:03:13","guid":{"rendered":"https:\/\/www.usp-research.com\/market-reports\/contractor-monitor\/prefab-h1-2024\/"},"modified":"2025-04-09T08:53:00","modified_gmt":"2025-04-09T08:53:00","slug":"fertigteilbau-h1-2024","status":"publish","type":"page","link":"https:\/\/www.usp-research.com\/de\/fertige-berichte\/bauunternehmermonitor\/fertigteilbau-h1-2024\/","title":{"rendered":"Fertigteilbau H1 2024"},"content":{"rendered":"","protected":false},"excerpt":{"rendered":"<p>Entdecken Sie die Akzeptanzrate und die Vorteile der Fertigteilbauweise bei europ\u00e4ischen Bauunternehmen im ersten Halbjahr 2024. Verstehen Sie die treibenden Kr\u00e4fte hinter dem Einsatz von Fertigteilbau und dessen Einfluss auf die Projektergebnisse sowie auf Kosteneinsparungen.<\/p>\n","protected":false},"author":9,"featured_media":10734,"parent":10699,"menu_order":371,"comment_status":"closed","ping_status":"closed","template":"tpl-market-reports-single.php","meta":{"_acf_changed":false,"footnotes":""},"class_list":["post-10732","page","type-page","status-publish","has-post-thumbnail","hentry"],"acf":[],"yoast_head":"<!-- This site is optimized with the Yoast SEO plugin v27.0 - https:\/\/yoast.com\/product\/yoast-seo-wordpress\/ -->\n<title>Marktbericht f\u00fcr Fertigh\u00e4user H1 2024 | USP-Marktforschung<\/title>\n<meta name=\"description\" content=\"Entdecken Sie die wichtigsten Erkenntnisse zur Verwendung von Fertigh\u00e4usern in Europa, einschlie\u00dflich der Vorteile, Herausforderungen und Akzeptanzraten nach L\u00e4ndern.\" \/>\n<meta name=\"robots\" content=\"index, follow, max-snippet:-1, max-image-preview:large, max-video-preview:-1\" \/>\n<meta property=\"og:locale\" content=\"de_DE\" \/>\n<meta property=\"og:type\" content=\"article\" \/>\n<meta property=\"og:title\" content=\"Marktbericht f\u00fcr Fertigh\u00e4user H1 2024 | USP-Marktforschung\" \/>\n<meta property=\"og:description\" content=\"Entdecken Sie die wichtigsten Erkenntnisse zur Verwendung von Fertigh\u00e4usern in Europa, einschlie\u00dflich der Vorteile, Herausforderungen und Akzeptanzraten nach L\u00e4ndern.\" \/>\n<meta property=\"og:url\" content=\"https:\/\/www.usp-research.com\/de\/fertige-berichte\/bauunternehmermonitor\/fertigteilbau-h1-2024\/\" \/>\n<meta property=\"og:site_name\" content=\"Usp\" \/>\n<meta property=\"article:modified_time\" content=\"2025-04-09T08:53:00+00:00\" \/>\n<meta property=\"og:image\" content=\"https:\/\/www.usp-research.com\/wp-content\/uploads\/2024\/08\/Screenshot-2024-08-22-151552.jpg\" \/>\n\t<meta property=\"og:image:width\" content=\"1120\" \/>\n\t<meta property=\"og:image:height\" content=\"631\" \/>\n\t<meta property=\"og:image:type\" content=\"image\/jpeg\" \/>\n<meta name=\"twitter:card\" content=\"summary_large_image\" \/>\n<meta name=\"twitter:label1\" content=\"Gesch\u00e4tzte Lesezeit\" \/>\n\t<meta name=\"twitter:data1\" content=\"1\u00a0Minute\" \/>\n<script type=\"application\/ld+json\" class=\"yoast-schema-graph\">{\"@context\":\"https:\/\/schema.org\",\"@graph\":[{\"@type\":\"WebPage\",\"@id\":\"https:\/\/www.usp-research.com\/de\/fertige-berichte\/bauunternehmermonitor\/fertigteilbau-h1-2024\/\",\"url\":\"https:\/\/www.usp-research.com\/de\/fertige-berichte\/bauunternehmermonitor\/fertigteilbau-h1-2024\/\",\"name\":\"Marktbericht f\u00fcr Fertigh\u00e4user H1 2024 | USP-Marktforschung\",\"isPartOf\":{\"@id\":\"https:\/\/www.usp-research.com\/#website\"},\"primaryImageOfPage\":{\"@id\":\"https:\/\/www.usp-research.com\/de\/fertige-berichte\/bauunternehmermonitor\/fertigteilbau-h1-2024\/#primaryimage\"},\"image\":{\"@id\":\"https:\/\/www.usp-research.com\/de\/fertige-berichte\/bauunternehmermonitor\/fertigteilbau-h1-2024\/#primaryimage\"},\"thumbnailUrl\":\"https:\/\/www.usp-research.com\/wp-content\/uploads\/2024\/08\/Screenshot-2024-08-22-151552.jpg\",\"datePublished\":\"2024-08-22T14:03:13+00:00\",\"dateModified\":\"2025-04-09T08:53:00+00:00\",\"description\":\"Entdecken Sie die wichtigsten Erkenntnisse zur Verwendung von Fertigh\u00e4usern in Europa, einschlie\u00dflich der Vorteile, Herausforderungen und Akzeptanzraten nach L\u00e4ndern.\",\"breadcrumb\":{\"@id\":\"https:\/\/www.usp-research.com\/de\/fertige-berichte\/bauunternehmermonitor\/fertigteilbau-h1-2024\/#breadcrumb\"},\"inLanguage\":\"de\",\"potentialAction\":[{\"@type\":\"ReadAction\",\"target\":[\"https:\/\/www.usp-research.com\/de\/fertige-berichte\/bauunternehmermonitor\/fertigteilbau-h1-2024\/\"]}]},{\"@type\":\"ImageObject\",\"inLanguage\":\"de\",\"@id\":\"https:\/\/www.usp-research.com\/de\/fertige-berichte\/bauunternehmermonitor\/fertigteilbau-h1-2024\/#primaryimage\",\"url\":\"https:\/\/www.usp-research.com\/wp-content\/uploads\/2024\/08\/Screenshot-2024-08-22-151552.jpg\",\"contentUrl\":\"https:\/\/www.usp-research.com\/wp-content\/uploads\/2024\/08\/Screenshot-2024-08-22-151552.jpg\",\"width\":1120,\"height\":631},{\"@type\":\"BreadcrumbList\",\"@id\":\"https:\/\/www.usp-research.com\/de\/fertige-berichte\/bauunternehmermonitor\/fertigteilbau-h1-2024\/#breadcrumb\",\"itemListElement\":[{\"@type\":\"ListItem\",\"position\":1,\"name\":\"Home\",\"item\":\"https:\/\/www.usp-research.com\/de\/\"},{\"@type\":\"ListItem\",\"position\":2,\"name\":\"Fertige Berichte\",\"item\":\"https:\/\/www.usp-research.com\/de\/fertige-berichte\/\"},{\"@type\":\"ListItem\",\"position\":3,\"name\":\"Bauunternehmermonitor\",\"item\":\"https:\/\/www.usp-research.com\/de\/fertige-berichte\/bauunternehmermonitor\/\"},{\"@type\":\"ListItem\",\"position\":4,\"name\":\"Fertigteilbau H1 2024\"}]},{\"@type\":\"WebSite\",\"@id\":\"https:\/\/www.usp-research.com\/#website\",\"url\":\"https:\/\/www.usp-research.com\/\",\"name\":\"Usp\",\"description\":\"\",\"publisher\":{\"@id\":\"https:\/\/www.usp-research.com\/#organization\"},\"potentialAction\":[{\"@type\":\"SearchAction\",\"target\":{\"@type\":\"EntryPoint\",\"urlTemplate\":\"https:\/\/www.usp-research.com\/?s={search_term_string}\"},\"query-input\":{\"@type\":\"PropertyValueSpecification\",\"valueRequired\":true,\"valueName\":\"search_term_string\"}}],\"inLanguage\":\"de\"},{\"@type\":\"Organization\",\"@id\":\"https:\/\/www.usp-research.com\/#organization\",\"name\":\"USP Marketing Consultancy\",\"alternateName\":\"USP Research\",\"url\":\"https:\/\/www.usp-research.com\/\",\"logo\":{\"@type\":\"ImageObject\",\"inLanguage\":\"de\",\"@id\":\"https:\/\/www.usp-research.com\/#\/schema\/logo\/image\/\",\"url\":\"https:\/\/www.usp-research.com\/wp-content\/uploads\/2024\/02\/usp-marketing-logo.png\",\"contentUrl\":\"https:\/\/www.usp-research.com\/wp-content\/uploads\/2024\/02\/usp-marketing-logo.png\",\"width\":600,\"height\":315,\"caption\":\"USP Marketing Consultancy\"},\"image\":{\"@id\":\"https:\/\/www.usp-research.com\/#\/schema\/logo\/image\/\"},\"sameAs\":[\"https:\/\/www.linkedin.com\/company\/usp-marketing-consultancy\/\",\"https:\/\/www.youtube.com\/@marketingconsultancy\"]}]}<\/script>\n<!-- \/ Yoast SEO plugin. -->","yoast_head_json":{"title":"Marktbericht f\u00fcr Fertigh\u00e4user H1 2024 | USP-Marktforschung","description":"Entdecken Sie die wichtigsten Erkenntnisse zur Verwendung von Fertigh\u00e4usern in Europa, einschlie\u00dflich der Vorteile, Herausforderungen und Akzeptanzraten nach L\u00e4ndern.","robots":{"index":"index","follow":"follow","max-snippet":"max-snippet:-1","max-image-preview":"max-image-preview:large","max-video-preview":"max-video-preview:-1"},"og_locale":"de_DE","og_type":"article","og_title":"Marktbericht f\u00fcr Fertigh\u00e4user H1 2024 | USP-Marktforschung","og_description":"Entdecken Sie die wichtigsten Erkenntnisse zur Verwendung von Fertigh\u00e4usern in Europa, einschlie\u00dflich der Vorteile, Herausforderungen und Akzeptanzraten nach L\u00e4ndern.","og_url":"https:\/\/www.usp-research.com\/de\/fertige-berichte\/bauunternehmermonitor\/fertigteilbau-h1-2024\/","og_site_name":"Usp","article_modified_time":"2025-04-09T08:53:00+00:00","og_image":[{"width":1120,"height":631,"url":"https:\/\/www.usp-research.com\/wp-content\/uploads\/2024\/08\/Screenshot-2024-08-22-151552.jpg","type":"image\/jpeg"}],"twitter_card":"summary_large_image","twitter_misc":{"Gesch\u00e4tzte Lesezeit":"1\u00a0Minute"},"schema":{"@context":"https:\/\/schema.org","@graph":[{"@type":"WebPage","@id":"https:\/\/www.usp-research.com\/de\/fertige-berichte\/bauunternehmermonitor\/fertigteilbau-h1-2024\/","url":"https:\/\/www.usp-research.com\/de\/fertige-berichte\/bauunternehmermonitor\/fertigteilbau-h1-2024\/","name":"Marktbericht f\u00fcr Fertigh\u00e4user H1 2024 | USP-Marktforschung","isPartOf":{"@id":"https:\/\/www.usp-research.com\/#website"},"primaryImageOfPage":{"@id":"https:\/\/www.usp-research.com\/de\/fertige-berichte\/bauunternehmermonitor\/fertigteilbau-h1-2024\/#primaryimage"},"image":{"@id":"https:\/\/www.usp-research.com\/de\/fertige-berichte\/bauunternehmermonitor\/fertigteilbau-h1-2024\/#primaryimage"},"thumbnailUrl":"https:\/\/www.usp-research.com\/wp-content\/uploads\/2024\/08\/Screenshot-2024-08-22-151552.jpg","datePublished":"2024-08-22T14:03:13+00:00","dateModified":"2025-04-09T08:53:00+00:00","description":"Entdecken Sie die wichtigsten Erkenntnisse zur Verwendung von Fertigh\u00e4usern in Europa, einschlie\u00dflich der Vorteile, Herausforderungen und Akzeptanzraten nach L\u00e4ndern.","breadcrumb":{"@id":"https:\/\/www.usp-research.com\/de\/fertige-berichte\/bauunternehmermonitor\/fertigteilbau-h1-2024\/#breadcrumb"},"inLanguage":"de","potentialAction":[{"@type":"ReadAction","target":["https:\/\/www.usp-research.com\/de\/fertige-berichte\/bauunternehmermonitor\/fertigteilbau-h1-2024\/"]}]},{"@type":"ImageObject","inLanguage":"de","@id":"https:\/\/www.usp-research.com\/de\/fertige-berichte\/bauunternehmermonitor\/fertigteilbau-h1-2024\/#primaryimage","url":"https:\/\/www.usp-research.com\/wp-content\/uploads\/2024\/08\/Screenshot-2024-08-22-151552.jpg","contentUrl":"https:\/\/www.usp-research.com\/wp-content\/uploads\/2024\/08\/Screenshot-2024-08-22-151552.jpg","width":1120,"height":631},{"@type":"BreadcrumbList","@id":"https:\/\/www.usp-research.com\/de\/fertige-berichte\/bauunternehmermonitor\/fertigteilbau-h1-2024\/#breadcrumb","itemListElement":[{"@type":"ListItem","position":1,"name":"Home","item":"https:\/\/www.usp-research.com\/de\/"},{"@type":"ListItem","position":2,"name":"Fertige Berichte","item":"https:\/\/www.usp-research.com\/de\/fertige-berichte\/"},{"@type":"ListItem","position":3,"name":"Bauunternehmermonitor","item":"https:\/\/www.usp-research.com\/de\/fertige-berichte\/bauunternehmermonitor\/"},{"@type":"ListItem","position":4,"name":"Fertigteilbau H1 2024"}]},{"@type":"WebSite","@id":"https:\/\/www.usp-research.com\/#website","url":"https:\/\/www.usp-research.com\/","name":"Usp","description":"","publisher":{"@id":"https:\/\/www.usp-research.com\/#organization"},"potentialAction":[{"@type":"SearchAction","target":{"@type":"EntryPoint","urlTemplate":"https:\/\/www.usp-research.com\/?s={search_term_string}"},"query-input":{"@type":"PropertyValueSpecification","valueRequired":true,"valueName":"search_term_string"}}],"inLanguage":"de"},{"@type":"Organization","@id":"https:\/\/www.usp-research.com\/#organization","name":"USP Marketing Consultancy","alternateName":"USP Research","url":"https:\/\/www.usp-research.com\/","logo":{"@type":"ImageObject","inLanguage":"de","@id":"https:\/\/www.usp-research.com\/#\/schema\/logo\/image\/","url":"https:\/\/www.usp-research.com\/wp-content\/uploads\/2024\/02\/usp-marketing-logo.png","contentUrl":"https:\/\/www.usp-research.com\/wp-content\/uploads\/2024\/02\/usp-marketing-logo.png","width":600,"height":315,"caption":"USP Marketing Consultancy"},"image":{"@id":"https:\/\/www.usp-research.com\/#\/schema\/logo\/image\/"},"sameAs":["https:\/\/www.linkedin.com\/company\/usp-marketing-consultancy\/","https:\/\/www.youtube.com\/@marketingconsultancy"]}]}},"_links":{"self":[{"href":"https:\/\/www.usp-research.com\/de\/wp-json\/wp\/v2\/pages\/10732","targetHints":{"allow":["GET"]}}],"collection":[{"href":"https:\/\/www.usp-research.com\/de\/wp-json\/wp\/v2\/pages"}],"about":[{"href":"https:\/\/www.usp-research.com\/de\/wp-json\/wp\/v2\/types\/page"}],"author":[{"embeddable":true,"href":"https:\/\/www.usp-research.com\/de\/wp-json\/wp\/v2\/users\/9"}],"replies":[{"embeddable":true,"href":"https:\/\/www.usp-research.com\/de\/wp-json\/wp\/v2\/comments?post=10732"}],"version-history":[{"count":7,"href":"https:\/\/www.usp-research.com\/de\/wp-json\/wp\/v2\/pages\/10732\/revisions"}],"predecessor-version":[{"id":13530,"href":"https:\/\/www.usp-research.com\/de\/wp-json\/wp\/v2\/pages\/10732\/revisions\/13530"}],"up":[{"embeddable":true,"href":"https:\/\/www.usp-research.com\/de\/wp-json\/wp\/v2\/pages\/10699"}],"wp:featuredmedia":[{"embeddable":true,"href":"https:\/\/www.usp-research.com\/de\/wp-json\/wp\/v2\/media\/10734"}],"wp:attachment":[{"href":"https:\/\/www.usp-research.com\/de\/wp-json\/wp\/v2\/media?parent=10732"}],"curies":[{"name":"wp","href":"https:\/\/api.w.org\/{rel}","templated":true}]}}