{"id":10699,"date":"2023-11-29T12:09:56","date_gmt":"2023-11-29T12:09:56","guid":{"rendered":"https:\/\/www.usp-research.com\/market-reports\/contractor-monitor\/"},"modified":"2025-04-09T09:12:28","modified_gmt":"2025-04-09T09:12:28","slug":"bauunternehmermonitor","status":"publish","type":"page","link":"https:\/\/www.usp-research.com\/de\/fertige-berichte\/bauunternehmermonitor\/","title":{"rendered":"Bauunternehmermonitor"},"content":{"rendered":"","protected":false},"excerpt":{"rendered":"<p>Umfassende Einblicke in den Zustand des Bausektors in Europa, mit dem Fokus auf europ\u00e4ische  Generalunternehmen und Bauunternehmen ab 5 Mitarbeitern. Mit diesen Berichten erhalten Sie wertvolle Erkenntnisse, um Ihre strategischen Marketingpl\u00e4ne zu sch\u00e4rfen, die interne Diskussion und Entscheidungsfindung durch faktenbasierte Informationen zu verbessern und sich besser auf m\u00f6gliche spezifische Marktforschungsthemen zu konzentrieren.<\/p>\n","protected":false},"author":5,"featured_media":9408,"parent":10153,"menu_order":367,"comment_status":"closed","ping_status":"closed","template":"tpl-market-reports-category.php","meta":{"_acf_changed":false,"footnotes":""},"class_list":["post-10699","page","type-page","status-publish","has-post-thumbnail","hentry"],"acf":[],"yoast_head":"<!-- This site is optimized with the Yoast SEO plugin v27.0 - https:\/\/yoast.com\/product\/yoast-seo-wordpress\/ -->\n<title>Contractor Monitor: Marktforschung f\u00fcr die europ\u00e4ische Bauindustrie<\/title>\n<meta name=\"description\" content=\"Erhalten Sie mit USP Contractor Monitor wertvolle Marktforschung und Erkenntnisse f\u00fcr die europ\u00e4ische Bauindustrie.\" \/>\n<meta name=\"robots\" content=\"index, follow, max-snippet:-1, max-image-preview:large, max-video-preview:-1\" \/>\n<meta property=\"og:locale\" content=\"de_DE\" \/>\n<meta property=\"og:type\" content=\"article\" \/>\n<meta property=\"og:title\" content=\"Contractor Monitor: Marktforschung f\u00fcr die europ\u00e4ische Bauindustrie\" \/>\n<meta property=\"og:description\" content=\"Erhalten Sie mit USP Contractor Monitor wertvolle Marktforschung und Erkenntnisse f\u00fcr die europ\u00e4ische Bauindustrie.\" \/>\n<meta property=\"og:url\" content=\"https:\/\/www.usp-research.com\/de\/fertige-berichte\/bauunternehmermonitor\/\" \/>\n<meta property=\"og:site_name\" content=\"Usp\" \/>\n<meta property=\"article:modified_time\" content=\"2025-04-09T09:12:28+00:00\" \/>\n<meta property=\"og:image\" content=\"https:\/\/www.usp-research.com\/wp-content\/uploads\/2024\/02\/3-700x350-1.jpg\" \/>\n\t<meta property=\"og:image:width\" content=\"700\" \/>\n\t<meta property=\"og:image:height\" content=\"350\" \/>\n\t<meta property=\"og:image:type\" content=\"image\/jpeg\" \/>\n<meta name=\"twitter:card\" content=\"summary_large_image\" \/>\n<meta name=\"twitter:label1\" content=\"Gesch\u00e4tzte Lesezeit\" \/>\n\t<meta name=\"twitter:data1\" content=\"1\u00a0Minute\" \/>\n<script type=\"application\/ld+json\" class=\"yoast-schema-graph\">{\"@context\":\"https:\/\/schema.org\",\"@graph\":[{\"@type\":\"WebPage\",\"@id\":\"https:\/\/www.usp-research.com\/de\/fertige-berichte\/bauunternehmermonitor\/\",\"url\":\"https:\/\/www.usp-research.com\/de\/fertige-berichte\/bauunternehmermonitor\/\",\"name\":\"Contractor Monitor: Marktforschung f\u00fcr die europ\u00e4ische Bauindustrie\",\"isPartOf\":{\"@id\":\"https:\/\/www.usp-research.com\/#website\"},\"primaryImageOfPage\":{\"@id\":\"https:\/\/www.usp-research.com\/de\/fertige-berichte\/bauunternehmermonitor\/#primaryimage\"},\"image\":{\"@id\":\"https:\/\/www.usp-research.com\/de\/fertige-berichte\/bauunternehmermonitor\/#primaryimage\"},\"thumbnailUrl\":\"https:\/\/www.usp-research.com\/wp-content\/uploads\/2024\/02\/3-700x350-1.jpg\",\"datePublished\":\"2023-11-29T12:09:56+00:00\",\"dateModified\":\"2025-04-09T09:12:28+00:00\",\"description\":\"Erhalten Sie mit USP Contractor Monitor wertvolle Marktforschung und Erkenntnisse f\u00fcr die europ\u00e4ische Bauindustrie.\",\"breadcrumb\":{\"@id\":\"https:\/\/www.usp-research.com\/de\/fertige-berichte\/bauunternehmermonitor\/#breadcrumb\"},\"inLanguage\":\"de\",\"potentialAction\":[{\"@type\":\"ReadAction\",\"target\":[\"https:\/\/www.usp-research.com\/de\/fertige-berichte\/bauunternehmermonitor\/\"]}]},{\"@type\":\"ImageObject\",\"inLanguage\":\"de\",\"@id\":\"https:\/\/www.usp-research.com\/de\/fertige-berichte\/bauunternehmermonitor\/#primaryimage\",\"url\":\"https:\/\/www.usp-research.com\/wp-content\/uploads\/2024\/02\/3-700x350-1.jpg\",\"contentUrl\":\"https:\/\/www.usp-research.com\/wp-content\/uploads\/2024\/02\/3-700x350-1.jpg\",\"width\":700,\"height\":350},{\"@type\":\"BreadcrumbList\",\"@id\":\"https:\/\/www.usp-research.com\/de\/fertige-berichte\/bauunternehmermonitor\/#breadcrumb\",\"itemListElement\":[{\"@type\":\"ListItem\",\"position\":1,\"name\":\"Home\",\"item\":\"https:\/\/www.usp-research.com\/de\/\"},{\"@type\":\"ListItem\",\"position\":2,\"name\":\"Fertige Berichte\",\"item\":\"https:\/\/www.usp-research.com\/de\/fertige-berichte\/\"},{\"@type\":\"ListItem\",\"position\":3,\"name\":\"Bauunternehmermonitor\"}]},{\"@type\":\"WebSite\",\"@id\":\"https:\/\/www.usp-research.com\/#website\",\"url\":\"https:\/\/www.usp-research.com\/\",\"name\":\"Usp\",\"description\":\"\",\"publisher\":{\"@id\":\"https:\/\/www.usp-research.com\/#organization\"},\"potentialAction\":[{\"@type\":\"SearchAction\",\"target\":{\"@type\":\"EntryPoint\",\"urlTemplate\":\"https:\/\/www.usp-research.com\/?s={search_term_string}\"},\"query-input\":{\"@type\":\"PropertyValueSpecification\",\"valueRequired\":true,\"valueName\":\"search_term_string\"}}],\"inLanguage\":\"de\"},{\"@type\":\"Organization\",\"@id\":\"https:\/\/www.usp-research.com\/#organization\",\"name\":\"USP Marketing Consultancy\",\"alternateName\":\"USP Research\",\"url\":\"https:\/\/www.usp-research.com\/\",\"logo\":{\"@type\":\"ImageObject\",\"inLanguage\":\"de\",\"@id\":\"https:\/\/www.usp-research.com\/#\/schema\/logo\/image\/\",\"url\":\"https:\/\/www.usp-research.com\/wp-content\/uploads\/2024\/02\/usp-marketing-logo.png\",\"contentUrl\":\"https:\/\/www.usp-research.com\/wp-content\/uploads\/2024\/02\/usp-marketing-logo.png\",\"width\":600,\"height\":315,\"caption\":\"USP Marketing Consultancy\"},\"image\":{\"@id\":\"https:\/\/www.usp-research.com\/#\/schema\/logo\/image\/\"},\"sameAs\":[\"https:\/\/www.linkedin.com\/company\/usp-marketing-consultancy\/\",\"https:\/\/www.youtube.com\/@marketingconsultancy\"]}]}<\/script>\n<!-- \/ Yoast SEO plugin. -->","yoast_head_json":{"title":"Contractor Monitor: Marktforschung f\u00fcr die europ\u00e4ische Bauindustrie","description":"Erhalten Sie mit USP Contractor Monitor wertvolle Marktforschung und Erkenntnisse f\u00fcr die europ\u00e4ische Bauindustrie.","robots":{"index":"index","follow":"follow","max-snippet":"max-snippet:-1","max-image-preview":"max-image-preview:large","max-video-preview":"max-video-preview:-1"},"og_locale":"de_DE","og_type":"article","og_title":"Contractor Monitor: Marktforschung f\u00fcr die europ\u00e4ische Bauindustrie","og_description":"Erhalten Sie mit USP Contractor Monitor wertvolle Marktforschung und Erkenntnisse f\u00fcr die europ\u00e4ische Bauindustrie.","og_url":"https:\/\/www.usp-research.com\/de\/fertige-berichte\/bauunternehmermonitor\/","og_site_name":"Usp","article_modified_time":"2025-04-09T09:12:28+00:00","og_image":[{"width":700,"height":350,"url":"https:\/\/www.usp-research.com\/wp-content\/uploads\/2024\/02\/3-700x350-1.jpg","type":"image\/jpeg"}],"twitter_card":"summary_large_image","twitter_misc":{"Gesch\u00e4tzte Lesezeit":"1\u00a0Minute"},"schema":{"@context":"https:\/\/schema.org","@graph":[{"@type":"WebPage","@id":"https:\/\/www.usp-research.com\/de\/fertige-berichte\/bauunternehmermonitor\/","url":"https:\/\/www.usp-research.com\/de\/fertige-berichte\/bauunternehmermonitor\/","name":"Contractor Monitor: Marktforschung f\u00fcr die europ\u00e4ische Bauindustrie","isPartOf":{"@id":"https:\/\/www.usp-research.com\/#website"},"primaryImageOfPage":{"@id":"https:\/\/www.usp-research.com\/de\/fertige-berichte\/bauunternehmermonitor\/#primaryimage"},"image":{"@id":"https:\/\/www.usp-research.com\/de\/fertige-berichte\/bauunternehmermonitor\/#primaryimage"},"thumbnailUrl":"https:\/\/www.usp-research.com\/wp-content\/uploads\/2024\/02\/3-700x350-1.jpg","datePublished":"2023-11-29T12:09:56+00:00","dateModified":"2025-04-09T09:12:28+00:00","description":"Erhalten Sie mit USP Contractor Monitor wertvolle Marktforschung und Erkenntnisse f\u00fcr die europ\u00e4ische Bauindustrie.","breadcrumb":{"@id":"https:\/\/www.usp-research.com\/de\/fertige-berichte\/bauunternehmermonitor\/#breadcrumb"},"inLanguage":"de","potentialAction":[{"@type":"ReadAction","target":["https:\/\/www.usp-research.com\/de\/fertige-berichte\/bauunternehmermonitor\/"]}]},{"@type":"ImageObject","inLanguage":"de","@id":"https:\/\/www.usp-research.com\/de\/fertige-berichte\/bauunternehmermonitor\/#primaryimage","url":"https:\/\/www.usp-research.com\/wp-content\/uploads\/2024\/02\/3-700x350-1.jpg","contentUrl":"https:\/\/www.usp-research.com\/wp-content\/uploads\/2024\/02\/3-700x350-1.jpg","width":700,"height":350},{"@type":"BreadcrumbList","@id":"https:\/\/www.usp-research.com\/de\/fertige-berichte\/bauunternehmermonitor\/#breadcrumb","itemListElement":[{"@type":"ListItem","position":1,"name":"Home","item":"https:\/\/www.usp-research.com\/de\/"},{"@type":"ListItem","position":2,"name":"Fertige Berichte","item":"https:\/\/www.usp-research.com\/de\/fertige-berichte\/"},{"@type":"ListItem","position":3,"name":"Bauunternehmermonitor"}]},{"@type":"WebSite","@id":"https:\/\/www.usp-research.com\/#website","url":"https:\/\/www.usp-research.com\/","name":"Usp","description":"","publisher":{"@id":"https:\/\/www.usp-research.com\/#organization"},"potentialAction":[{"@type":"SearchAction","target":{"@type":"EntryPoint","urlTemplate":"https:\/\/www.usp-research.com\/?s={search_term_string}"},"query-input":{"@type":"PropertyValueSpecification","valueRequired":true,"valueName":"search_term_string"}}],"inLanguage":"de"},{"@type":"Organization","@id":"https:\/\/www.usp-research.com\/#organization","name":"USP Marketing Consultancy","alternateName":"USP Research","url":"https:\/\/www.usp-research.com\/","logo":{"@type":"ImageObject","inLanguage":"de","@id":"https:\/\/www.usp-research.com\/#\/schema\/logo\/image\/","url":"https:\/\/www.usp-research.com\/wp-content\/uploads\/2024\/02\/usp-marketing-logo.png","contentUrl":"https:\/\/www.usp-research.com\/wp-content\/uploads\/2024\/02\/usp-marketing-logo.png","width":600,"height":315,"caption":"USP Marketing Consultancy"},"image":{"@id":"https:\/\/www.usp-research.com\/#\/schema\/logo\/image\/"},"sameAs":["https:\/\/www.linkedin.com\/company\/usp-marketing-consultancy\/","https:\/\/www.youtube.com\/@marketingconsultancy"]}]}},"_links":{"self":[{"href":"https:\/\/www.usp-research.com\/de\/wp-json\/wp\/v2\/pages\/10699","targetHints":{"allow":["GET"]}}],"collection":[{"href":"https:\/\/www.usp-research.com\/de\/wp-json\/wp\/v2\/pages"}],"about":[{"href":"https:\/\/www.usp-research.com\/de\/wp-json\/wp\/v2\/types\/page"}],"author":[{"embeddable":true,"href":"https:\/\/www.usp-research.com\/de\/wp-json\/wp\/v2\/users\/5"}],"replies":[{"embeddable":true,"href":"https:\/\/www.usp-research.com\/de\/wp-json\/wp\/v2\/comments?post=10699"}],"version-history":[{"count":7,"href":"https:\/\/www.usp-research.com\/de\/wp-json\/wp\/v2\/pages\/10699\/revisions"}],"predecessor-version":[{"id":13622,"href":"https:\/\/www.usp-research.com\/de\/wp-json\/wp\/v2\/pages\/10699\/revisions\/13622"}],"up":[{"embeddable":true,"href":"https:\/\/www.usp-research.com\/de\/wp-json\/wp\/v2\/pages\/10153"}],"wp:featuredmedia":[{"embeddable":true,"href":"https:\/\/www.usp-research.com\/de\/wp-json\/wp\/v2\/media\/9408"}],"wp:attachment":[{"href":"https:\/\/www.usp-research.com\/de\/wp-json\/wp\/v2\/media?parent=10699"}],"curies":[{"name":"wp","href":"https:\/\/api.w.org\/{rel}","templated":true}]}}