{"id":10605,"date":"2024-05-13T09:11:08","date_gmt":"2024-05-13T09:11:08","guid":{"rendered":"https:\/\/www.usp-research.com\/market-reports\/european-architectural-barometer\/trends-in-material-usage-q1-2024\/"},"modified":"2025-04-09T08:16:45","modified_gmt":"2025-04-09T08:16:45","slug":"trends-im-materialverbrauch-q1-2024","status":"publish","type":"page","link":"https:\/\/www.usp-research.com\/de\/fertige-berichte\/europaeisches-architekturbarometer\/trends-im-materialverbrauch-q1-2024\/","title":{"rendered":"Trends im Materialverbrauch Q1 2024"},"content":{"rendered":"","protected":false},"excerpt":{"rendered":"<p>Erforschen Sie, wie sich die Trends in der Materialnutzung unter europ\u00e4ischen Architekten im ersten Quartal 2024 entwickeln. Tauchen Sie ein in die Faktoren, die die Materialpr\u00e4ferenzen beeinflussen, sowie in die Auswirkungen auf die \u00c4sthetik des Bauens und die Nachhaltigkeit.<\/p>\n","protected":false},"author":9,"featured_media":10606,"parent":10559,"menu_order":295,"comment_status":"closed","ping_status":"closed","template":"tpl-market-reports-single.php","meta":{"_acf_changed":false,"footnotes":""},"class_list":["post-10605","page","type-page","status-publish","has-post-thumbnail","hentry"],"acf":[],"yoast_head":"<!-- This site is optimized with the Yoast SEO plugin v27.0 - https:\/\/yoast.com\/product\/yoast-seo-wordpress\/ -->\n<title>Trends bei der Materialverwendung durch europ\u00e4ische Architekten: Bericht zum 1. Quartal 2024 | USP<\/title>\n<meta name=\"description\" content=\"Entdecken Sie die sich entwickelnden Trends bei der Materialverwendung bei europ\u00e4ischen Architekten im ersten Quartal 2024. Informieren Sie sich \u00fcber die Faktoren und Auswirkungen, die die Materialpr\u00e4ferenzen bestimmen.\" \/>\n<meta name=\"robots\" content=\"index, follow, max-snippet:-1, max-image-preview:large, max-video-preview:-1\" \/>\n<meta property=\"og:locale\" content=\"de_DE\" \/>\n<meta property=\"og:type\" content=\"article\" \/>\n<meta property=\"og:title\" content=\"Trends bei der Materialverwendung durch europ\u00e4ische Architekten: Bericht zum 1. Quartal 2024 | USP\" \/>\n<meta property=\"og:description\" content=\"Entdecken Sie die sich entwickelnden Trends bei der Materialverwendung bei europ\u00e4ischen Architekten im ersten Quartal 2024. Informieren Sie sich \u00fcber die Faktoren und Auswirkungen, die die Materialpr\u00e4ferenzen bestimmen.\" \/>\n<meta property=\"og:url\" content=\"https:\/\/www.usp-research.com\/de\/fertige-berichte\/europaeisches-architekturbarometer\/trends-im-materialverbrauch-q1-2024\/\" \/>\n<meta property=\"og:site_name\" content=\"Usp\" \/>\n<meta property=\"article:modified_time\" content=\"2025-04-09T08:16:45+00:00\" \/>\n<meta property=\"og:image\" content=\"https:\/\/www.usp-research.com\/wp-content\/uploads\/2024\/05\/Screenshot-2024-05-08-135930.jpg\" \/>\n\t<meta property=\"og:image:width\" content=\"1432\" \/>\n\t<meta property=\"og:image:height\" content=\"667\" \/>\n\t<meta property=\"og:image:type\" content=\"image\/jpeg\" \/>\n<meta name=\"twitter:card\" content=\"summary_large_image\" \/>\n<meta name=\"twitter:label1\" content=\"Gesch\u00e4tzte Lesezeit\" \/>\n\t<meta name=\"twitter:data1\" content=\"1\u00a0Minute\" \/>\n<script type=\"application\/ld+json\" class=\"yoast-schema-graph\">{\"@context\":\"https:\/\/schema.org\",\"@graph\":[{\"@type\":\"WebPage\",\"@id\":\"https:\/\/www.usp-research.com\/de\/fertige-berichte\/europaeisches-architekturbarometer\/trends-im-materialverbrauch-q1-2024\/\",\"url\":\"https:\/\/www.usp-research.com\/de\/fertige-berichte\/europaeisches-architekturbarometer\/trends-im-materialverbrauch-q1-2024\/\",\"name\":\"Trends bei der Materialverwendung durch europ\u00e4ische Architekten: Bericht zum 1. Quartal 2024 | USP\",\"isPartOf\":{\"@id\":\"https:\/\/www.usp-research.com\/#website\"},\"primaryImageOfPage\":{\"@id\":\"https:\/\/www.usp-research.com\/de\/fertige-berichte\/europaeisches-architekturbarometer\/trends-im-materialverbrauch-q1-2024\/#primaryimage\"},\"image\":{\"@id\":\"https:\/\/www.usp-research.com\/de\/fertige-berichte\/europaeisches-architekturbarometer\/trends-im-materialverbrauch-q1-2024\/#primaryimage\"},\"thumbnailUrl\":\"https:\/\/www.usp-research.com\/wp-content\/uploads\/2024\/05\/Screenshot-2024-05-08-135930.jpg\",\"datePublished\":\"2024-05-13T09:11:08+00:00\",\"dateModified\":\"2025-04-09T08:16:45+00:00\",\"description\":\"Entdecken Sie die sich entwickelnden Trends bei der Materialverwendung bei europ\u00e4ischen Architekten im ersten Quartal 2024. Informieren Sie sich \u00fcber die Faktoren und Auswirkungen, die die Materialpr\u00e4ferenzen bestimmen.\",\"breadcrumb\":{\"@id\":\"https:\/\/www.usp-research.com\/de\/fertige-berichte\/europaeisches-architekturbarometer\/trends-im-materialverbrauch-q1-2024\/#breadcrumb\"},\"inLanguage\":\"de\",\"potentialAction\":[{\"@type\":\"ReadAction\",\"target\":[\"https:\/\/www.usp-research.com\/de\/fertige-berichte\/europaeisches-architekturbarometer\/trends-im-materialverbrauch-q1-2024\/\"]}]},{\"@type\":\"ImageObject\",\"inLanguage\":\"de\",\"@id\":\"https:\/\/www.usp-research.com\/de\/fertige-berichte\/europaeisches-architekturbarometer\/trends-im-materialverbrauch-q1-2024\/#primaryimage\",\"url\":\"https:\/\/www.usp-research.com\/wp-content\/uploads\/2024\/05\/Screenshot-2024-05-08-135930.jpg\",\"contentUrl\":\"https:\/\/www.usp-research.com\/wp-content\/uploads\/2024\/05\/Screenshot-2024-05-08-135930.jpg\",\"width\":1432,\"height\":667},{\"@type\":\"BreadcrumbList\",\"@id\":\"https:\/\/www.usp-research.com\/de\/fertige-berichte\/europaeisches-architekturbarometer\/trends-im-materialverbrauch-q1-2024\/#breadcrumb\",\"itemListElement\":[{\"@type\":\"ListItem\",\"position\":1,\"name\":\"Home\",\"item\":\"https:\/\/www.usp-research.com\/de\/\"},{\"@type\":\"ListItem\",\"position\":2,\"name\":\"Fertige Berichte\",\"item\":\"https:\/\/www.usp-research.com\/de\/fertige-berichte\/\"},{\"@type\":\"ListItem\",\"position\":3,\"name\":\"Europ\u00e4isches Architekturbarometer\",\"item\":\"https:\/\/www.usp-research.com\/de\/fertige-berichte\/europaeisches-architekturbarometer\/\"},{\"@type\":\"ListItem\",\"position\":4,\"name\":\"Trends im Materialverbrauch Q1 2024\"}]},{\"@type\":\"WebSite\",\"@id\":\"https:\/\/www.usp-research.com\/#website\",\"url\":\"https:\/\/www.usp-research.com\/\",\"name\":\"Usp\",\"description\":\"\",\"publisher\":{\"@id\":\"https:\/\/www.usp-research.com\/#organization\"},\"potentialAction\":[{\"@type\":\"SearchAction\",\"target\":{\"@type\":\"EntryPoint\",\"urlTemplate\":\"https:\/\/www.usp-research.com\/?s={search_term_string}\"},\"query-input\":{\"@type\":\"PropertyValueSpecification\",\"valueRequired\":true,\"valueName\":\"search_term_string\"}}],\"inLanguage\":\"de\"},{\"@type\":\"Organization\",\"@id\":\"https:\/\/www.usp-research.com\/#organization\",\"name\":\"USP Marketing Consultancy\",\"alternateName\":\"USP Research\",\"url\":\"https:\/\/www.usp-research.com\/\",\"logo\":{\"@type\":\"ImageObject\",\"inLanguage\":\"de\",\"@id\":\"https:\/\/www.usp-research.com\/#\/schema\/logo\/image\/\",\"url\":\"https:\/\/www.usp-research.com\/wp-content\/uploads\/2024\/02\/usp-marketing-logo.png\",\"contentUrl\":\"https:\/\/www.usp-research.com\/wp-content\/uploads\/2024\/02\/usp-marketing-logo.png\",\"width\":600,\"height\":315,\"caption\":\"USP Marketing Consultancy\"},\"image\":{\"@id\":\"https:\/\/www.usp-research.com\/#\/schema\/logo\/image\/\"},\"sameAs\":[\"https:\/\/www.linkedin.com\/company\/usp-marketing-consultancy\/\",\"https:\/\/www.youtube.com\/@marketingconsultancy\"]}]}<\/script>\n<!-- \/ Yoast SEO plugin. -->","yoast_head_json":{"title":"Trends bei der Materialverwendung durch europ\u00e4ische Architekten: Bericht zum 1. Quartal 2024 | USP","description":"Entdecken Sie die sich entwickelnden Trends bei der Materialverwendung bei europ\u00e4ischen Architekten im ersten Quartal 2024. Informieren Sie sich \u00fcber die Faktoren und Auswirkungen, die die Materialpr\u00e4ferenzen bestimmen.","robots":{"index":"index","follow":"follow","max-snippet":"max-snippet:-1","max-image-preview":"max-image-preview:large","max-video-preview":"max-video-preview:-1"},"og_locale":"de_DE","og_type":"article","og_title":"Trends bei der Materialverwendung durch europ\u00e4ische Architekten: Bericht zum 1. Quartal 2024 | USP","og_description":"Entdecken Sie die sich entwickelnden Trends bei der Materialverwendung bei europ\u00e4ischen Architekten im ersten Quartal 2024. Informieren Sie sich \u00fcber die Faktoren und Auswirkungen, die die Materialpr\u00e4ferenzen bestimmen.","og_url":"https:\/\/www.usp-research.com\/de\/fertige-berichte\/europaeisches-architekturbarometer\/trends-im-materialverbrauch-q1-2024\/","og_site_name":"Usp","article_modified_time":"2025-04-09T08:16:45+00:00","og_image":[{"width":1432,"height":667,"url":"https:\/\/www.usp-research.com\/wp-content\/uploads\/2024\/05\/Screenshot-2024-05-08-135930.jpg","type":"image\/jpeg"}],"twitter_card":"summary_large_image","twitter_misc":{"Gesch\u00e4tzte Lesezeit":"1\u00a0Minute"},"schema":{"@context":"https:\/\/schema.org","@graph":[{"@type":"WebPage","@id":"https:\/\/www.usp-research.com\/de\/fertige-berichte\/europaeisches-architekturbarometer\/trends-im-materialverbrauch-q1-2024\/","url":"https:\/\/www.usp-research.com\/de\/fertige-berichte\/europaeisches-architekturbarometer\/trends-im-materialverbrauch-q1-2024\/","name":"Trends bei der Materialverwendung durch europ\u00e4ische Architekten: Bericht zum 1. Quartal 2024 | USP","isPartOf":{"@id":"https:\/\/www.usp-research.com\/#website"},"primaryImageOfPage":{"@id":"https:\/\/www.usp-research.com\/de\/fertige-berichte\/europaeisches-architekturbarometer\/trends-im-materialverbrauch-q1-2024\/#primaryimage"},"image":{"@id":"https:\/\/www.usp-research.com\/de\/fertige-berichte\/europaeisches-architekturbarometer\/trends-im-materialverbrauch-q1-2024\/#primaryimage"},"thumbnailUrl":"https:\/\/www.usp-research.com\/wp-content\/uploads\/2024\/05\/Screenshot-2024-05-08-135930.jpg","datePublished":"2024-05-13T09:11:08+00:00","dateModified":"2025-04-09T08:16:45+00:00","description":"Entdecken Sie die sich entwickelnden Trends bei der Materialverwendung bei europ\u00e4ischen Architekten im ersten Quartal 2024. Informieren Sie sich \u00fcber die Faktoren und Auswirkungen, die die Materialpr\u00e4ferenzen bestimmen.","breadcrumb":{"@id":"https:\/\/www.usp-research.com\/de\/fertige-berichte\/europaeisches-architekturbarometer\/trends-im-materialverbrauch-q1-2024\/#breadcrumb"},"inLanguage":"de","potentialAction":[{"@type":"ReadAction","target":["https:\/\/www.usp-research.com\/de\/fertige-berichte\/europaeisches-architekturbarometer\/trends-im-materialverbrauch-q1-2024\/"]}]},{"@type":"ImageObject","inLanguage":"de","@id":"https:\/\/www.usp-research.com\/de\/fertige-berichte\/europaeisches-architekturbarometer\/trends-im-materialverbrauch-q1-2024\/#primaryimage","url":"https:\/\/www.usp-research.com\/wp-content\/uploads\/2024\/05\/Screenshot-2024-05-08-135930.jpg","contentUrl":"https:\/\/www.usp-research.com\/wp-content\/uploads\/2024\/05\/Screenshot-2024-05-08-135930.jpg","width":1432,"height":667},{"@type":"BreadcrumbList","@id":"https:\/\/www.usp-research.com\/de\/fertige-berichte\/europaeisches-architekturbarometer\/trends-im-materialverbrauch-q1-2024\/#breadcrumb","itemListElement":[{"@type":"ListItem","position":1,"name":"Home","item":"https:\/\/www.usp-research.com\/de\/"},{"@type":"ListItem","position":2,"name":"Fertige Berichte","item":"https:\/\/www.usp-research.com\/de\/fertige-berichte\/"},{"@type":"ListItem","position":3,"name":"Europ\u00e4isches Architekturbarometer","item":"https:\/\/www.usp-research.com\/de\/fertige-berichte\/europaeisches-architekturbarometer\/"},{"@type":"ListItem","position":4,"name":"Trends im Materialverbrauch Q1 2024"}]},{"@type":"WebSite","@id":"https:\/\/www.usp-research.com\/#website","url":"https:\/\/www.usp-research.com\/","name":"Usp","description":"","publisher":{"@id":"https:\/\/www.usp-research.com\/#organization"},"potentialAction":[{"@type":"SearchAction","target":{"@type":"EntryPoint","urlTemplate":"https:\/\/www.usp-research.com\/?s={search_term_string}"},"query-input":{"@type":"PropertyValueSpecification","valueRequired":true,"valueName":"search_term_string"}}],"inLanguage":"de"},{"@type":"Organization","@id":"https:\/\/www.usp-research.com\/#organization","name":"USP Marketing Consultancy","alternateName":"USP Research","url":"https:\/\/www.usp-research.com\/","logo":{"@type":"ImageObject","inLanguage":"de","@id":"https:\/\/www.usp-research.com\/#\/schema\/logo\/image\/","url":"https:\/\/www.usp-research.com\/wp-content\/uploads\/2024\/02\/usp-marketing-logo.png","contentUrl":"https:\/\/www.usp-research.com\/wp-content\/uploads\/2024\/02\/usp-marketing-logo.png","width":600,"height":315,"caption":"USP Marketing Consultancy"},"image":{"@id":"https:\/\/www.usp-research.com\/#\/schema\/logo\/image\/"},"sameAs":["https:\/\/www.linkedin.com\/company\/usp-marketing-consultancy\/","https:\/\/www.youtube.com\/@marketingconsultancy"]}]}},"_links":{"self":[{"href":"https:\/\/www.usp-research.com\/de\/wp-json\/wp\/v2\/pages\/10605","targetHints":{"allow":["GET"]}}],"collection":[{"href":"https:\/\/www.usp-research.com\/de\/wp-json\/wp\/v2\/pages"}],"about":[{"href":"https:\/\/www.usp-research.com\/de\/wp-json\/wp\/v2\/types\/page"}],"author":[{"embeddable":true,"href":"https:\/\/www.usp-research.com\/de\/wp-json\/wp\/v2\/users\/9"}],"replies":[{"embeddable":true,"href":"https:\/\/www.usp-research.com\/de\/wp-json\/wp\/v2\/comments?post=10605"}],"version-history":[{"count":10,"href":"https:\/\/www.usp-research.com\/de\/wp-json\/wp\/v2\/pages\/10605\/revisions"}],"predecessor-version":[{"id":13608,"href":"https:\/\/www.usp-research.com\/de\/wp-json\/wp\/v2\/pages\/10605\/revisions\/13608"}],"up":[{"embeddable":true,"href":"https:\/\/www.usp-research.com\/de\/wp-json\/wp\/v2\/pages\/10559"}],"wp:featuredmedia":[{"embeddable":true,"href":"https:\/\/www.usp-research.com\/de\/wp-json\/wp\/v2\/media\/10606"}],"wp:attachment":[{"href":"https:\/\/www.usp-research.com\/de\/wp-json\/wp\/v2\/media?parent=10605"}],"curies":[{"name":"wp","href":"https:\/\/api.w.org\/{rel}","templated":true}]}}