{"id":10543,"date":"2024-07-18T09:20:52","date_gmt":"2024-07-18T09:20:52","guid":{"rendered":"https:\/\/www.usp-research.com\/market-reports\/handyman-insights-monitor\/importance-of-branding-branding-funnels-2024\/"},"modified":"2025-04-08T16:07:44","modified_gmt":"2025-04-08T16:07:44","slug":"rolle-von-branding-branding-funnels-2024","status":"publish","type":"page","link":"https:\/\/www.usp-research.com\/de\/fertige-berichte\/europaeischer-handyman-monitor\/rolle-von-branding-branding-funnels-2024\/","title":{"rendered":"Rolle von Branding &#038; Branding Funnels 2024"},"content":{"rendered":"","protected":false},"excerpt":{"rendered":"<p>Dieser Bericht bietet einen umfassenden \u00dcberblick \u00fcber die Bedeutung von Branding und Branding-Trichtern mit besonderem Fokus auf europ\u00e4ische Klein-Bauhandwerker. Das Markenverhalten wird f\u00fcr jedes Land abgedeckt und zeigt Kaufkraft, Unterschiede hinsichtlich Qualit\u00e4t, Nachhaltigkeit, Online-Shopping, Innovationsgewohnheiten und Handelsmarken.<\/p>\n","protected":false},"author":9,"featured_media":10545,"parent":10536,"menu_order":77,"comment_status":"closed","ping_status":"closed","template":"tpl-market-reports-single.php","meta":{"_acf_changed":false,"footnotes":""},"class_list":["post-10543","page","type-page","status-publish","has-post-thumbnail","hentry"],"acf":[],"yoast_head":"<!-- This site is optimized with the Yoast SEO plugin v27.0 - https:\/\/yoast.com\/product\/yoast-seo-wordpress\/ -->\n<title>Bedeutung von Branding und Branding-Trichtern 2024<\/title>\n<meta name=\"description\" content=\"Entdecken Sie die Bedeutung von Branding und Branding-Trichtern im Jahr 2024. Erfahren Sie, wie effektive Branding-Strategien Ihr Unternehmen steigern und Kunden binden k\u00f6nnen.\" \/>\n<meta name=\"robots\" content=\"index, follow, max-snippet:-1, max-image-preview:large, max-video-preview:-1\" \/>\n<meta property=\"og:locale\" content=\"de_DE\" \/>\n<meta property=\"og:type\" content=\"article\" \/>\n<meta property=\"og:title\" content=\"Bedeutung von Branding und Branding-Trichtern 2024\" \/>\n<meta property=\"og:description\" content=\"Entdecken Sie die Bedeutung von Branding und Branding-Trichtern im Jahr 2024. Erfahren Sie, wie effektive Branding-Strategien Ihr Unternehmen steigern und Kunden binden k\u00f6nnen.\" \/>\n<meta property=\"og:url\" content=\"https:\/\/www.usp-research.com\/de\/fertige-berichte\/europaeischer-handyman-monitor\/rolle-von-branding-branding-funnels-2024\/\" \/>\n<meta property=\"og:site_name\" content=\"Usp\" \/>\n<meta property=\"article:modified_time\" content=\"2025-04-08T16:07:44+00:00\" \/>\n<meta property=\"og:image\" content=\"https:\/\/www.usp-research.com\/wp-content\/uploads\/2024\/10\/Screenshot-2024-10-08-091552.jpg\" \/>\n\t<meta property=\"og:image:width\" content=\"1144\" \/>\n\t<meta property=\"og:image:height\" content=\"637\" \/>\n\t<meta property=\"og:image:type\" content=\"image\/jpeg\" \/>\n<meta name=\"twitter:card\" content=\"summary_large_image\" \/>\n<meta name=\"twitter:label1\" content=\"Gesch\u00e4tzte Lesezeit\" \/>\n\t<meta name=\"twitter:data1\" content=\"1\u00a0Minute\" \/>\n<script type=\"application\/ld+json\" class=\"yoast-schema-graph\">{\"@context\":\"https:\/\/schema.org\",\"@graph\":[{\"@type\":\"WebPage\",\"@id\":\"https:\/\/www.usp-research.com\/de\/fertige-berichte\/europaeischer-handyman-monitor\/rolle-von-branding-branding-funnels-2024\/\",\"url\":\"https:\/\/www.usp-research.com\/de\/fertige-berichte\/europaeischer-handyman-monitor\/rolle-von-branding-branding-funnels-2024\/\",\"name\":\"Bedeutung von Branding und Branding-Trichtern 2024\",\"isPartOf\":{\"@id\":\"https:\/\/www.usp-research.com\/#website\"},\"primaryImageOfPage\":{\"@id\":\"https:\/\/www.usp-research.com\/de\/fertige-berichte\/europaeischer-handyman-monitor\/rolle-von-branding-branding-funnels-2024\/#primaryimage\"},\"image\":{\"@id\":\"https:\/\/www.usp-research.com\/de\/fertige-berichte\/europaeischer-handyman-monitor\/rolle-von-branding-branding-funnels-2024\/#primaryimage\"},\"thumbnailUrl\":\"https:\/\/www.usp-research.com\/wp-content\/uploads\/2024\/10\/Screenshot-2024-10-08-091552.jpg\",\"datePublished\":\"2024-07-18T09:20:52+00:00\",\"dateModified\":\"2025-04-08T16:07:44+00:00\",\"description\":\"Entdecken Sie die Bedeutung von Branding und Branding-Trichtern im Jahr 2024. Erfahren Sie, wie effektive Branding-Strategien Ihr Unternehmen steigern und Kunden binden k\u00f6nnen.\",\"breadcrumb\":{\"@id\":\"https:\/\/www.usp-research.com\/de\/fertige-berichte\/europaeischer-handyman-monitor\/rolle-von-branding-branding-funnels-2024\/#breadcrumb\"},\"inLanguage\":\"de\",\"potentialAction\":[{\"@type\":\"ReadAction\",\"target\":[\"https:\/\/www.usp-research.com\/de\/fertige-berichte\/europaeischer-handyman-monitor\/rolle-von-branding-branding-funnels-2024\/\"]}]},{\"@type\":\"ImageObject\",\"inLanguage\":\"de\",\"@id\":\"https:\/\/www.usp-research.com\/de\/fertige-berichte\/europaeischer-handyman-monitor\/rolle-von-branding-branding-funnels-2024\/#primaryimage\",\"url\":\"https:\/\/www.usp-research.com\/wp-content\/uploads\/2024\/10\/Screenshot-2024-10-08-091552.jpg\",\"contentUrl\":\"https:\/\/www.usp-research.com\/wp-content\/uploads\/2024\/10\/Screenshot-2024-10-08-091552.jpg\",\"width\":1144,\"height\":637},{\"@type\":\"BreadcrumbList\",\"@id\":\"https:\/\/www.usp-research.com\/de\/fertige-berichte\/europaeischer-handyman-monitor\/rolle-von-branding-branding-funnels-2024\/#breadcrumb\",\"itemListElement\":[{\"@type\":\"ListItem\",\"position\":1,\"name\":\"Home\",\"item\":\"https:\/\/www.usp-research.com\/de\/\"},{\"@type\":\"ListItem\",\"position\":2,\"name\":\"Fertige Berichte\",\"item\":\"https:\/\/www.usp-research.com\/de\/fertige-berichte\/\"},{\"@type\":\"ListItem\",\"position\":3,\"name\":\"Europ\u00e4ischer Handyman-Monitor\",\"item\":\"https:\/\/www.usp-research.com\/de\/fertige-berichte\/europaeischer-handyman-monitor\/\"},{\"@type\":\"ListItem\",\"position\":4,\"name\":\"Rolle von Branding &#038; Branding Funnels 2024\"}]},{\"@type\":\"WebSite\",\"@id\":\"https:\/\/www.usp-research.com\/#website\",\"url\":\"https:\/\/www.usp-research.com\/\",\"name\":\"Usp\",\"description\":\"\",\"publisher\":{\"@id\":\"https:\/\/www.usp-research.com\/#organization\"},\"potentialAction\":[{\"@type\":\"SearchAction\",\"target\":{\"@type\":\"EntryPoint\",\"urlTemplate\":\"https:\/\/www.usp-research.com\/?s={search_term_string}\"},\"query-input\":{\"@type\":\"PropertyValueSpecification\",\"valueRequired\":true,\"valueName\":\"search_term_string\"}}],\"inLanguage\":\"de\"},{\"@type\":\"Organization\",\"@id\":\"https:\/\/www.usp-research.com\/#organization\",\"name\":\"USP Marketing Consultancy\",\"alternateName\":\"USP Research\",\"url\":\"https:\/\/www.usp-research.com\/\",\"logo\":{\"@type\":\"ImageObject\",\"inLanguage\":\"de\",\"@id\":\"https:\/\/www.usp-research.com\/#\/schema\/logo\/image\/\",\"url\":\"https:\/\/www.usp-research.com\/wp-content\/uploads\/2024\/02\/usp-marketing-logo.png\",\"contentUrl\":\"https:\/\/www.usp-research.com\/wp-content\/uploads\/2024\/02\/usp-marketing-logo.png\",\"width\":600,\"height\":315,\"caption\":\"USP Marketing Consultancy\"},\"image\":{\"@id\":\"https:\/\/www.usp-research.com\/#\/schema\/logo\/image\/\"},\"sameAs\":[\"https:\/\/www.linkedin.com\/company\/usp-marketing-consultancy\/\",\"https:\/\/www.youtube.com\/@marketingconsultancy\"]}]}<\/script>\n<!-- \/ Yoast SEO plugin. -->","yoast_head_json":{"title":"Bedeutung von Branding und Branding-Trichtern 2024","description":"Entdecken Sie die Bedeutung von Branding und Branding-Trichtern im Jahr 2024. Erfahren Sie, wie effektive Branding-Strategien Ihr Unternehmen steigern und Kunden binden k\u00f6nnen.","robots":{"index":"index","follow":"follow","max-snippet":"max-snippet:-1","max-image-preview":"max-image-preview:large","max-video-preview":"max-video-preview:-1"},"og_locale":"de_DE","og_type":"article","og_title":"Bedeutung von Branding und Branding-Trichtern 2024","og_description":"Entdecken Sie die Bedeutung von Branding und Branding-Trichtern im Jahr 2024. Erfahren Sie, wie effektive Branding-Strategien Ihr Unternehmen steigern und Kunden binden k\u00f6nnen.","og_url":"https:\/\/www.usp-research.com\/de\/fertige-berichte\/europaeischer-handyman-monitor\/rolle-von-branding-branding-funnels-2024\/","og_site_name":"Usp","article_modified_time":"2025-04-08T16:07:44+00:00","og_image":[{"width":1144,"height":637,"url":"https:\/\/www.usp-research.com\/wp-content\/uploads\/2024\/10\/Screenshot-2024-10-08-091552.jpg","type":"image\/jpeg"}],"twitter_card":"summary_large_image","twitter_misc":{"Gesch\u00e4tzte Lesezeit":"1\u00a0Minute"},"schema":{"@context":"https:\/\/schema.org","@graph":[{"@type":"WebPage","@id":"https:\/\/www.usp-research.com\/de\/fertige-berichte\/europaeischer-handyman-monitor\/rolle-von-branding-branding-funnels-2024\/","url":"https:\/\/www.usp-research.com\/de\/fertige-berichte\/europaeischer-handyman-monitor\/rolle-von-branding-branding-funnels-2024\/","name":"Bedeutung von Branding und Branding-Trichtern 2024","isPartOf":{"@id":"https:\/\/www.usp-research.com\/#website"},"primaryImageOfPage":{"@id":"https:\/\/www.usp-research.com\/de\/fertige-berichte\/europaeischer-handyman-monitor\/rolle-von-branding-branding-funnels-2024\/#primaryimage"},"image":{"@id":"https:\/\/www.usp-research.com\/de\/fertige-berichte\/europaeischer-handyman-monitor\/rolle-von-branding-branding-funnels-2024\/#primaryimage"},"thumbnailUrl":"https:\/\/www.usp-research.com\/wp-content\/uploads\/2024\/10\/Screenshot-2024-10-08-091552.jpg","datePublished":"2024-07-18T09:20:52+00:00","dateModified":"2025-04-08T16:07:44+00:00","description":"Entdecken Sie die Bedeutung von Branding und Branding-Trichtern im Jahr 2024. Erfahren Sie, wie effektive Branding-Strategien Ihr Unternehmen steigern und Kunden binden k\u00f6nnen.","breadcrumb":{"@id":"https:\/\/www.usp-research.com\/de\/fertige-berichte\/europaeischer-handyman-monitor\/rolle-von-branding-branding-funnels-2024\/#breadcrumb"},"inLanguage":"de","potentialAction":[{"@type":"ReadAction","target":["https:\/\/www.usp-research.com\/de\/fertige-berichte\/europaeischer-handyman-monitor\/rolle-von-branding-branding-funnels-2024\/"]}]},{"@type":"ImageObject","inLanguage":"de","@id":"https:\/\/www.usp-research.com\/de\/fertige-berichte\/europaeischer-handyman-monitor\/rolle-von-branding-branding-funnels-2024\/#primaryimage","url":"https:\/\/www.usp-research.com\/wp-content\/uploads\/2024\/10\/Screenshot-2024-10-08-091552.jpg","contentUrl":"https:\/\/www.usp-research.com\/wp-content\/uploads\/2024\/10\/Screenshot-2024-10-08-091552.jpg","width":1144,"height":637},{"@type":"BreadcrumbList","@id":"https:\/\/www.usp-research.com\/de\/fertige-berichte\/europaeischer-handyman-monitor\/rolle-von-branding-branding-funnels-2024\/#breadcrumb","itemListElement":[{"@type":"ListItem","position":1,"name":"Home","item":"https:\/\/www.usp-research.com\/de\/"},{"@type":"ListItem","position":2,"name":"Fertige Berichte","item":"https:\/\/www.usp-research.com\/de\/fertige-berichte\/"},{"@type":"ListItem","position":3,"name":"Europ\u00e4ischer Handyman-Monitor","item":"https:\/\/www.usp-research.com\/de\/fertige-berichte\/europaeischer-handyman-monitor\/"},{"@type":"ListItem","position":4,"name":"Rolle von Branding &#038; Branding Funnels 2024"}]},{"@type":"WebSite","@id":"https:\/\/www.usp-research.com\/#website","url":"https:\/\/www.usp-research.com\/","name":"Usp","description":"","publisher":{"@id":"https:\/\/www.usp-research.com\/#organization"},"potentialAction":[{"@type":"SearchAction","target":{"@type":"EntryPoint","urlTemplate":"https:\/\/www.usp-research.com\/?s={search_term_string}"},"query-input":{"@type":"PropertyValueSpecification","valueRequired":true,"valueName":"search_term_string"}}],"inLanguage":"de"},{"@type":"Organization","@id":"https:\/\/www.usp-research.com\/#organization","name":"USP Marketing Consultancy","alternateName":"USP Research","url":"https:\/\/www.usp-research.com\/","logo":{"@type":"ImageObject","inLanguage":"de","@id":"https:\/\/www.usp-research.com\/#\/schema\/logo\/image\/","url":"https:\/\/www.usp-research.com\/wp-content\/uploads\/2024\/02\/usp-marketing-logo.png","contentUrl":"https:\/\/www.usp-research.com\/wp-content\/uploads\/2024\/02\/usp-marketing-logo.png","width":600,"height":315,"caption":"USP Marketing Consultancy"},"image":{"@id":"https:\/\/www.usp-research.com\/#\/schema\/logo\/image\/"},"sameAs":["https:\/\/www.linkedin.com\/company\/usp-marketing-consultancy\/","https:\/\/www.youtube.com\/@marketingconsultancy"]}]}},"_links":{"self":[{"href":"https:\/\/www.usp-research.com\/de\/wp-json\/wp\/v2\/pages\/10543","targetHints":{"allow":["GET"]}}],"collection":[{"href":"https:\/\/www.usp-research.com\/de\/wp-json\/wp\/v2\/pages"}],"about":[{"href":"https:\/\/www.usp-research.com\/de\/wp-json\/wp\/v2\/types\/page"}],"author":[{"embeddable":true,"href":"https:\/\/www.usp-research.com\/de\/wp-json\/wp\/v2\/users\/9"}],"replies":[{"embeddable":true,"href":"https:\/\/www.usp-research.com\/de\/wp-json\/wp\/v2\/comments?post=10543"}],"version-history":[{"count":9,"href":"https:\/\/www.usp-research.com\/de\/wp-json\/wp\/v2\/pages\/10543\/revisions"}],"predecessor-version":[{"id":13576,"href":"https:\/\/www.usp-research.com\/de\/wp-json\/wp\/v2\/pages\/10543\/revisions\/13576"}],"up":[{"embeddable":true,"href":"https:\/\/www.usp-research.com\/de\/wp-json\/wp\/v2\/pages\/10536"}],"wp:featuredmedia":[{"embeddable":true,"href":"https:\/\/www.usp-research.com\/de\/wp-json\/wp\/v2\/media\/10545"}],"wp:attachment":[{"href":"https:\/\/www.usp-research.com\/de\/wp-json\/wp\/v2\/media?parent=10543"}],"curies":[{"name":"wp","href":"https:\/\/api.w.org\/{rel}","templated":true}]}}