{"id":10489,"date":"2023-09-15T05:45:05","date_gmt":"2023-09-15T05:45:05","guid":{"rendered":"https:\/\/www.usp-research.com\/privacy-policy\/"},"modified":"2025-03-05T13:00:46","modified_gmt":"2025-03-05T13:00:46","slug":"datenschutzrichtlinien","status":"publish","type":"page","link":"https:\/\/www.usp-research.com\/de\/datenschutzrichtlinien\/","title":{"rendered":"Datenschutzrichtlinien"},"content":{"rendered":"<h3>Bei USP sind Ihre (personenbezogenen) Daten in sicheren H\u00e4nden<\/h3>\n<p>Die USP Marketing Consultancy BV (USP) ist ein Marktforschungsunternehmen mit Sitz in Rotterdam, Niederlande. Seit fast 30 Jahren f\u00fchrt USP Marktforschung durch, um die Dienstleistungen und Produkte seiner Kunden noch besser an die richtigen Zielgruppen anzupassen. USP ist Mitglied des niederl\u00e4ndischen Marktforschungsverbands MOA und h\u00e4lt sich an die Vorschriften der DSGVO zum Schutz personenbezogener Daten. Bei USP wird zwischen der Verarbeitung personenbezogener Daten von Befragten (Marktforschung) und von Kunden und Interessenten (Website und Newsletter) unterschieden.<\/p>\n<p><strong>1. Marktforschung<\/strong><\/p>\n<p>Als Marktforschungsagentur legt USP gro\u00dfen Wert auf die korrekte und sichere Verarbeitung Ihrer (personenbezogenen) Daten. USP befolgt die DSGVO und die Fair Data-Richtlinien des Marktforschungsverbands MOA. Die Daten, die wir von unseren Kunden erhalten, werden niemals f\u00fcr andere Zwecke als die vereinbarte Forschung verwendet. In der Einladung zur Teilnahme an der Forschung teilen wir den Zweck und, falls gew\u00fcnscht, den Kunden mit. Der Kunde ist f\u00fcr die rechtm\u00e4\u00dfige Verarbeitung der Daten verantwortlich. Die DSGVO erlaubt die Verwendung personenbezogener Daten zu statistischen Zwecken, auch wenn die Daten f\u00fcr einen anderen Zweck erhoben wurden. Wir d\u00fcrfen Ihre Daten daher f\u00fcr Marktforschung nutzen, auch wenn Sie daf\u00fcr keine ausdr\u00fcckliche Erlaubnis gegeben haben. Die Teilnahme an unseren Forschungserhebungen ist vollkommen freiwillig.<\/p>\n<p>Wir erheben nicht mehr Daten als f\u00fcr den Zweck der Untersuchung notwendig und nicht l\u00e4nger in identifizierbarer Form als erforderlich f\u00fcr das Ziel der Forschung. Wir berichten niemals \u00fcber individuelle Ergebnisse mit identifizierbaren Daten, es sei denn, es wurde eine ausdr\u00fcckliche Zustimmung gegeben. USP verwendet tempor\u00e4re Cookies bei der Durchf\u00fchrung von Online-Recherchen. Diese Cookies dienen lediglich der technischen Unterst\u00fctzung, um Ihnen eine direkte Navigation zur richtigen Anfrage zu erm\u00f6glichen, falls Sie die Untersuchung vorzeitig abgebrochen haben. Unsere Mitarbeiter sind geschult, die Richtlinien zum Schutz personenbezogener Daten zu befolgen, und unsere IT-Abteilung sorgt f\u00fcr eine sichere Netzwerkumgebung. Dar\u00fcber hinaus hat USP einen Datenschutzbeauftragten ernannt, um sicherzustellen, dass USP und seine Unterauftragnehmer im Einklang mit der DSGVO arbeiten.<\/p>\n<p><strong>2. Website und Newsletter<\/strong><\/p>\n<p>USP verarbeitet Ihre personenbezogenen Daten f\u00fcr eigene Marketingzwecke, wie z.B. Newsletter, Brosch\u00fcren und Informationen \u00fcber relevante Produkte und Dienstleistungen. Wir verwenden auch Ihre Telefonnummer, um Sie zu kontaktieren und Ihnen unsere Dienstleistungen zu erkl\u00e4ren. USP verarbeitet Ihre personenbezogenen Daten durch die Nutzung unserer Dienstleistungen und\/oder weil Sie uns diese selbst bereitstellen. Wir verwenden Marketing-Automatisierungssoftware und speichern Ihre Daten in Rechenzentren innerhalb der EU. USP speichert Ihre personenbezogenen Daten nicht l\u00e4nger als unbedingt erforderlich, um die Zwecke zu realisieren, f\u00fcr die Ihre Daten erhoben werden. USP gibt Ihre Daten nur an Dritte weiter, wenn dies f\u00fcr die Durchf\u00fchrung unseres Vertrags mit Ihnen notwendig ist oder um einer gesetzlichen Verpflichtung nachzukommen. Wir beziehen Webhosting und Verarbeitungssoftware von Euroart. Euroart verarbeitet personenbezogene Daten in unserem Auftrag und verwendet Ihre Daten nicht f\u00fcr eigene Zwecke. Diese Partei kann jedoch Metadaten \u00fcber die Nutzung der Dienstleistungen erfassen. Diese sind keine personenbezogenen Daten. Euroart hat geeignete technische und organisatorische Ma\u00dfnahmen ergriffen, um den Verlust und die unbefugte Nutzung Ihrer personenbezogenen Daten zu verhindern.<\/p>\n<p>&nbsp;<\/p>\n<p><strong>Besondere und\/oder sensible personenbezogene Daten, die wir verarbeiten<\/strong><\/p>\n<p>Unsere Website und\/oder Dienstleistung ist nicht darauf ausgelegt, Daten von Website-Besuchern unter 16 Jahren zu erfassen, es sei denn, sie haben die Erlaubnis von Eltern oder Erziehungsberechtigten. Wir k\u00f6nnen jedoch nicht \u00fcberpr\u00fcfen, ob ein Besucher \u00fcber 16 Jahre alt ist. Wir raten daher Eltern, sich an den Online-Aktivit\u00e4ten ihrer Kinder zu beteiligen, um zu verhindern, dass Daten \u00fcber Kinder ohne elterliche Zustimmung gesammelt werden. Wenn Sie der Meinung sind, dass wir personenbezogene Informationen \u00fcber einen Minderj\u00e4hrigen ohne diese Zustimmung gesammelt haben, kontaktieren Sie uns bitte unter <a href=\"mailto:data.privacy@usp-mc.nl\">data.privacy@usp-mc.nl<\/a>; wir werden diese Informationen l\u00f6schen.<\/p>\n<p><strong>Daten einsehen, \u00e4ndern oder l\u00f6schen<\/strong><\/p>\n<p>Sie haben das Recht, Ihre personenbezogenen Daten einzusehen, zu korrigieren oder zu l\u00f6schen. Dar\u00fcber hinaus haben Sie das Recht, Ihre m\u00f6gliche Einwilligung zur Datenverarbeitung zu widerrufen oder der Verarbeitung Ihrer personenbezogenen Daten durch USP zu widersprechen, und Sie haben das Recht auf Daten\u00fcbertragbarkeit. Das bedeutet, dass Sie uns einen Antrag stellen k\u00f6nnen, um die personenbezogenen Daten, die wir \u00fcber Sie gespeichert haben, in einer Datei an Sie oder eine andere von Ihnen genannte Organisation zu senden. Sie k\u00f6nnen einen Antrag auf Zugang, Berichtigung, L\u00f6schung, Widerruf der Datenverarbeitung Ihrer personenbezogenen Daten oder einen Antrag auf Widerruf Ihrer Zustimmung oder Widerspruch gegen die Verarbeitung Ihrer personenbezogenen Daten an <a href=\"mailto:data.privacy@usp-mc.nl\">data.privacy@usp-mc.nl<\/a> senden. Um sicherzustellen, dass die Anfrage auf Zugang von Ihnen gestellt wurde, bitten wir Sie, eine Kopie Ihres Ausweises beizuf\u00fcgen. Wir werden so schnell wie m\u00f6glich, jedoch innerhalb von vier Wochen, auf Ihre Anfrage reagieren.<\/p>\n<p><strong>Kontaktieren Sie uns oder reichen Sie eine Beschwerde ein<\/strong><\/p>\n<p>USP Marketing Consultancy nimmt den Schutz Ihrer Daten ernst und ergreift angemessene Ma\u00dfnahmen, um Missbrauch, Verlust, unbefugten Zugriff, unerw\u00fcnschte Offenlegung und unbefugte \u00c4nderung zu verhindern. Wenn Sie den Eindruck haben, dass Ihre Daten nicht sicher sind oder es Hinweise auf Missbrauch gibt, kontaktieren Sie uns bitte unter <a href=\"mailto:data.privacy@usp-mc.nl\">data.privacy@usp-mc.nl<\/a>. Wir sind zuversichtlich, dass wir Sie unterst\u00fctzen k\u00f6nnen, um sicherzustellen, dass Ihre Daten in sicheren H\u00e4nden sind. Sollten Sie jedoch den Eindruck haben, dass USP die erforderlichen Vorschriften bez\u00fcglich Ihrer personenbezogenen Daten nicht einh\u00e4lt, k\u00f6nnen Sie eine Beschwerde bei der Autoriteit Persoonsgegevens in den Niederlanden einreichen.<\/p>\n<p>&nbsp;<\/p>\n<p>Rotterdam, Januar 2024<\/p>\n<p>Gerwin Sjollema<\/p>\n<p>Datenschutzbeauftragter<\/p>\n<p>USP Marketing Consultancy<\/p>\n<p>&nbsp;<\/p>\n","protected":false},"excerpt":{"rendered":"<p>Bei USP sind Ihre (personenbezogenen) Daten in sicheren H\u00e4nden Die USP Marketing Consultancy BV (USP) ist ein Marktforschungsunternehmen mit Sitz in Rotterdam, Niederlande. Seit fast 30 Jahren f\u00fchrt USP Marktforschung durch, um die Dienstleistungen und Produkte seiner Kunden noch besser an die richtigen Zielgruppen anzupassen. USP ist Mitglied des niederl\u00e4ndischen Marktforschungsverbands MOA und h\u00e4lt sich [&hellip;]<\/p>\n","protected":false},"author":1,"featured_media":0,"parent":0,"menu_order":333,"comment_status":"closed","ping_status":"closed","template":"tpl-privacy-policy.php","meta":{"_acf_changed":false,"footnotes":""},"class_list":["post-10489","page","type-page","status-publish","hentry"],"acf":[],"yoast_head":"<!-- This site is optimized with the Yoast SEO plugin v27.0 - https:\/\/yoast.com\/product\/yoast-seo-wordpress\/ -->\n<title>Datenschutzrichtlinien - Usp<\/title>\n<meta name=\"robots\" content=\"index, follow, max-snippet:-1, max-image-preview:large, max-video-preview:-1\" \/>\n<meta property=\"og:locale\" content=\"de_DE\" \/>\n<meta property=\"og:type\" content=\"article\" \/>\n<meta property=\"og:title\" content=\"Datenschutzrichtlinien - Usp\" \/>\n<meta property=\"og:description\" content=\"Bei USP sind Ihre (personenbezogenen) Daten in sicheren H\u00e4nden Die USP Marketing Consultancy BV (USP) ist ein Marktforschungsunternehmen mit Sitz in Rotterdam, Niederlande. Seit fast 30 Jahren f\u00fchrt USP Marktforschung durch, um die Dienstleistungen und Produkte seiner Kunden noch besser an die richtigen Zielgruppen anzupassen. USP ist Mitglied des niederl\u00e4ndischen Marktforschungsverbands MOA und h\u00e4lt sich [&hellip;]\" \/>\n<meta property=\"og:url\" content=\"https:\/\/www.usp-research.com\/de\/datenschutzrichtlinien\/\" \/>\n<meta property=\"og:site_name\" content=\"Usp\" \/>\n<meta property=\"article:modified_time\" content=\"2025-03-05T13:00:46+00:00\" \/>\n<meta name=\"twitter:card\" content=\"summary_large_image\" \/>\n<meta name=\"twitter:label1\" content=\"Gesch\u00e4tzte Lesezeit\" \/>\n\t<meta name=\"twitter:data1\" content=\"4\u00a0Minuten\" \/>\n<script type=\"application\/ld+json\" class=\"yoast-schema-graph\">{\"@context\":\"https:\/\/schema.org\",\"@graph\":[{\"@type\":\"WebPage\",\"@id\":\"https:\/\/www.usp-research.com\/de\/datenschutzrichtlinien\/\",\"url\":\"https:\/\/www.usp-research.com\/de\/datenschutzrichtlinien\/\",\"name\":\"Datenschutzrichtlinien - Usp\",\"isPartOf\":{\"@id\":\"https:\/\/www.usp-research.com\/#website\"},\"datePublished\":\"2023-09-15T05:45:05+00:00\",\"dateModified\":\"2025-03-05T13:00:46+00:00\",\"breadcrumb\":{\"@id\":\"https:\/\/www.usp-research.com\/de\/datenschutzrichtlinien\/#breadcrumb\"},\"inLanguage\":\"de\",\"potentialAction\":[{\"@type\":\"ReadAction\",\"target\":[\"https:\/\/www.usp-research.com\/de\/datenschutzrichtlinien\/\"]}]},{\"@type\":\"BreadcrumbList\",\"@id\":\"https:\/\/www.usp-research.com\/de\/datenschutzrichtlinien\/#breadcrumb\",\"itemListElement\":[{\"@type\":\"ListItem\",\"position\":1,\"name\":\"Home\",\"item\":\"https:\/\/www.usp-research.com\/de\/\"},{\"@type\":\"ListItem\",\"position\":2,\"name\":\"Datenschutzrichtlinien\"}]},{\"@type\":\"WebSite\",\"@id\":\"https:\/\/www.usp-research.com\/#website\",\"url\":\"https:\/\/www.usp-research.com\/\",\"name\":\"Usp\",\"description\":\"\",\"publisher\":{\"@id\":\"https:\/\/www.usp-research.com\/#organization\"},\"potentialAction\":[{\"@type\":\"SearchAction\",\"target\":{\"@type\":\"EntryPoint\",\"urlTemplate\":\"https:\/\/www.usp-research.com\/?s={search_term_string}\"},\"query-input\":{\"@type\":\"PropertyValueSpecification\",\"valueRequired\":true,\"valueName\":\"search_term_string\"}}],\"inLanguage\":\"de\"},{\"@type\":\"Organization\",\"@id\":\"https:\/\/www.usp-research.com\/#organization\",\"name\":\"USP Marketing Consultancy\",\"alternateName\":\"USP Research\",\"url\":\"https:\/\/www.usp-research.com\/\",\"logo\":{\"@type\":\"ImageObject\",\"inLanguage\":\"de\",\"@id\":\"https:\/\/www.usp-research.com\/#\/schema\/logo\/image\/\",\"url\":\"https:\/\/www.usp-research.com\/wp-content\/uploads\/2024\/02\/usp-marketing-logo.png\",\"contentUrl\":\"https:\/\/www.usp-research.com\/wp-content\/uploads\/2024\/02\/usp-marketing-logo.png\",\"width\":600,\"height\":315,\"caption\":\"USP Marketing Consultancy\"},\"image\":{\"@id\":\"https:\/\/www.usp-research.com\/#\/schema\/logo\/image\/\"},\"sameAs\":[\"https:\/\/www.linkedin.com\/company\/usp-marketing-consultancy\/\",\"https:\/\/www.youtube.com\/@marketingconsultancy\"]}]}<\/script>\n<!-- \/ Yoast SEO plugin. -->","yoast_head_json":{"title":"Datenschutzrichtlinien - Usp","robots":{"index":"index","follow":"follow","max-snippet":"max-snippet:-1","max-image-preview":"max-image-preview:large","max-video-preview":"max-video-preview:-1"},"og_locale":"de_DE","og_type":"article","og_title":"Datenschutzrichtlinien - Usp","og_description":"Bei USP sind Ihre (personenbezogenen) Daten in sicheren H\u00e4nden Die USP Marketing Consultancy BV (USP) ist ein Marktforschungsunternehmen mit Sitz in Rotterdam, Niederlande. Seit fast 30 Jahren f\u00fchrt USP Marktforschung durch, um die Dienstleistungen und Produkte seiner Kunden noch besser an die richtigen Zielgruppen anzupassen. USP ist Mitglied des niederl\u00e4ndischen Marktforschungsverbands MOA und h\u00e4lt sich [&hellip;]","og_url":"https:\/\/www.usp-research.com\/de\/datenschutzrichtlinien\/","og_site_name":"Usp","article_modified_time":"2025-03-05T13:00:46+00:00","twitter_card":"summary_large_image","twitter_misc":{"Gesch\u00e4tzte Lesezeit":"4\u00a0Minuten"},"schema":{"@context":"https:\/\/schema.org","@graph":[{"@type":"WebPage","@id":"https:\/\/www.usp-research.com\/de\/datenschutzrichtlinien\/","url":"https:\/\/www.usp-research.com\/de\/datenschutzrichtlinien\/","name":"Datenschutzrichtlinien - Usp","isPartOf":{"@id":"https:\/\/www.usp-research.com\/#website"},"datePublished":"2023-09-15T05:45:05+00:00","dateModified":"2025-03-05T13:00:46+00:00","breadcrumb":{"@id":"https:\/\/www.usp-research.com\/de\/datenschutzrichtlinien\/#breadcrumb"},"inLanguage":"de","potentialAction":[{"@type":"ReadAction","target":["https:\/\/www.usp-research.com\/de\/datenschutzrichtlinien\/"]}]},{"@type":"BreadcrumbList","@id":"https:\/\/www.usp-research.com\/de\/datenschutzrichtlinien\/#breadcrumb","itemListElement":[{"@type":"ListItem","position":1,"name":"Home","item":"https:\/\/www.usp-research.com\/de\/"},{"@type":"ListItem","position":2,"name":"Datenschutzrichtlinien"}]},{"@type":"WebSite","@id":"https:\/\/www.usp-research.com\/#website","url":"https:\/\/www.usp-research.com\/","name":"Usp","description":"","publisher":{"@id":"https:\/\/www.usp-research.com\/#organization"},"potentialAction":[{"@type":"SearchAction","target":{"@type":"EntryPoint","urlTemplate":"https:\/\/www.usp-research.com\/?s={search_term_string}"},"query-input":{"@type":"PropertyValueSpecification","valueRequired":true,"valueName":"search_term_string"}}],"inLanguage":"de"},{"@type":"Organization","@id":"https:\/\/www.usp-research.com\/#organization","name":"USP Marketing Consultancy","alternateName":"USP Research","url":"https:\/\/www.usp-research.com\/","logo":{"@type":"ImageObject","inLanguage":"de","@id":"https:\/\/www.usp-research.com\/#\/schema\/logo\/image\/","url":"https:\/\/www.usp-research.com\/wp-content\/uploads\/2024\/02\/usp-marketing-logo.png","contentUrl":"https:\/\/www.usp-research.com\/wp-content\/uploads\/2024\/02\/usp-marketing-logo.png","width":600,"height":315,"caption":"USP Marketing Consultancy"},"image":{"@id":"https:\/\/www.usp-research.com\/#\/schema\/logo\/image\/"},"sameAs":["https:\/\/www.linkedin.com\/company\/usp-marketing-consultancy\/","https:\/\/www.youtube.com\/@marketingconsultancy"]}]}},"_links":{"self":[{"href":"https:\/\/www.usp-research.com\/de\/wp-json\/wp\/v2\/pages\/10489","targetHints":{"allow":["GET"]}}],"collection":[{"href":"https:\/\/www.usp-research.com\/de\/wp-json\/wp\/v2\/pages"}],"about":[{"href":"https:\/\/www.usp-research.com\/de\/wp-json\/wp\/v2\/types\/page"}],"author":[{"embeddable":true,"href":"https:\/\/www.usp-research.com\/de\/wp-json\/wp\/v2\/users\/1"}],"replies":[{"embeddable":true,"href":"https:\/\/www.usp-research.com\/de\/wp-json\/wp\/v2\/comments?post=10489"}],"version-history":[{"count":3,"href":"https:\/\/www.usp-research.com\/de\/wp-json\/wp\/v2\/pages\/10489\/revisions"}],"predecessor-version":[{"id":11049,"href":"https:\/\/www.usp-research.com\/de\/wp-json\/wp\/v2\/pages\/10489\/revisions\/11049"}],"wp:attachment":[{"href":"https:\/\/www.usp-research.com\/de\/wp-json\/wp\/v2\/media?parent=10489"}],"curies":[{"name":"wp","href":"https:\/\/api.w.org\/{rel}","templated":true}]}}