{"id":10459,"date":"2022-12-01T12:44:13","date_gmt":"2022-12-01T12:44:13","guid":{"rendered":"https:\/\/www.usp-research.com\/trends-in-material-usage-q2-2022\/"},"modified":"2025-04-09T09:36:43","modified_gmt":"2025-04-09T09:36:43","slug":"trends-im-materialverbrauch-q2-2022","status":"publish","type":"page","link":"https:\/\/www.usp-research.com\/de\/trends-im-materialverbrauch-q2-2022\/","title":{"rendered":"Trends im Materialverbrauch Q2 2022"},"content":{"rendered":"","protected":false},"excerpt":{"rendered":"<p>Entdecken Sie die sich entwickelnden Trends bei der Materialverwendung bei europ\u00e4ischen Architekten im zweiten Quartal 2022. Informieren Sie sich \u00fcber die Faktoren, die die Materialpr\u00e4ferenzen bestimmen, und \u00fcber die Auswirkungen auf die Bau\u00e4sthetik und Nachhaltigkeit.<\/p>\n","protected":false},"author":5,"featured_media":10460,"parent":0,"menu_order":343,"comment_status":"closed","ping_status":"closed","template":"tpl-market-reports-single.php","meta":{"_acf_changed":false,"footnotes":""},"class_list":["post-10459","page","type-page","status-publish","has-post-thumbnail","hentry"],"acf":[],"yoast_head":"<!-- This site is optimized with the Yoast SEO plugin v27.0 - https:\/\/yoast.com\/product\/yoast-seo-wordpress\/ -->\n<title>Trends bei der Materialverwendung durch europ\u00e4ische Architekten: Bericht zum 2. Quartal 2022 | USP<\/title>\n<meta name=\"description\" content=\"Entdecken Sie die sich entwickelnden Trends bei der Materialverwendung unter europ\u00e4ischen Architekten im zweiten Quartal 2022. Informieren Sie sich \u00fcber die Faktoren und Auswirkungen, die die Materialpr\u00e4ferenzen beeinflussen.\" \/>\n<meta name=\"robots\" content=\"index, follow, max-snippet:-1, max-image-preview:large, max-video-preview:-1\" \/>\n<meta property=\"og:locale\" content=\"de_DE\" \/>\n<meta property=\"og:type\" content=\"article\" \/>\n<meta property=\"og:title\" content=\"Trends bei der Materialverwendung durch europ\u00e4ische Architekten: Bericht zum 2. Quartal 2022 | USP\" \/>\n<meta property=\"og:description\" content=\"Entdecken Sie die sich entwickelnden Trends bei der Materialverwendung unter europ\u00e4ischen Architekten im zweiten Quartal 2022. Informieren Sie sich \u00fcber die Faktoren und Auswirkungen, die die Materialpr\u00e4ferenzen beeinflussen.\" \/>\n<meta property=\"og:url\" content=\"https:\/\/www.usp-research.com\/de\/trends-im-materialverbrauch-q2-2022\/\" \/>\n<meta property=\"og:site_name\" content=\"Usp\" \/>\n<meta property=\"article:modified_time\" content=\"2025-04-09T09:36:43+00:00\" \/>\n<meta property=\"og:image\" content=\"https:\/\/www.usp-research.com\/wp-content\/uploads\/2024\/01\/EAB-Q2-2022-1.png\" \/>\n\t<meta property=\"og:image:width\" content=\"1275\" \/>\n\t<meta property=\"og:image:height\" content=\"718\" \/>\n\t<meta property=\"og:image:type\" content=\"image\/png\" \/>\n<meta name=\"twitter:card\" content=\"summary_large_image\" \/>\n<meta name=\"twitter:label1\" content=\"Gesch\u00e4tzte Lesezeit\" \/>\n\t<meta name=\"twitter:data1\" content=\"1\u00a0Minute\" \/>\n<script type=\"application\/ld+json\" class=\"yoast-schema-graph\">{\"@context\":\"https:\/\/schema.org\",\"@graph\":[{\"@type\":\"WebPage\",\"@id\":\"https:\/\/www.usp-research.com\/de\/trends-im-materialverbrauch-q2-2022\/\",\"url\":\"https:\/\/www.usp-research.com\/de\/trends-im-materialverbrauch-q2-2022\/\",\"name\":\"Trends bei der Materialverwendung durch europ\u00e4ische Architekten: Bericht zum 2. Quartal 2022 | USP\",\"isPartOf\":{\"@id\":\"https:\/\/www.usp-research.com\/#website\"},\"primaryImageOfPage\":{\"@id\":\"https:\/\/www.usp-research.com\/de\/trends-im-materialverbrauch-q2-2022\/#primaryimage\"},\"image\":{\"@id\":\"https:\/\/www.usp-research.com\/de\/trends-im-materialverbrauch-q2-2022\/#primaryimage\"},\"thumbnailUrl\":\"https:\/\/www.usp-research.com\/wp-content\/uploads\/2024\/01\/EAB-Q2-2022-1.png\",\"datePublished\":\"2022-12-01T12:44:13+00:00\",\"dateModified\":\"2025-04-09T09:36:43+00:00\",\"description\":\"Entdecken Sie die sich entwickelnden Trends bei der Materialverwendung unter europ\u00e4ischen Architekten im zweiten Quartal 2022. Informieren Sie sich \u00fcber die Faktoren und Auswirkungen, die die Materialpr\u00e4ferenzen beeinflussen.\",\"breadcrumb\":{\"@id\":\"https:\/\/www.usp-research.com\/de\/trends-im-materialverbrauch-q2-2022\/#breadcrumb\"},\"inLanguage\":\"de\",\"potentialAction\":[{\"@type\":\"ReadAction\",\"target\":[\"https:\/\/www.usp-research.com\/de\/trends-im-materialverbrauch-q2-2022\/\"]}]},{\"@type\":\"ImageObject\",\"inLanguage\":\"de\",\"@id\":\"https:\/\/www.usp-research.com\/de\/trends-im-materialverbrauch-q2-2022\/#primaryimage\",\"url\":\"https:\/\/www.usp-research.com\/wp-content\/uploads\/2024\/01\/EAB-Q2-2022-1.png\",\"contentUrl\":\"https:\/\/www.usp-research.com\/wp-content\/uploads\/2024\/01\/EAB-Q2-2022-1.png\",\"width\":1275,\"height\":718},{\"@type\":\"BreadcrumbList\",\"@id\":\"https:\/\/www.usp-research.com\/de\/trends-im-materialverbrauch-q2-2022\/#breadcrumb\",\"itemListElement\":[{\"@type\":\"ListItem\",\"position\":1,\"name\":\"Home\",\"item\":\"https:\/\/www.usp-research.com\/de\/\"},{\"@type\":\"ListItem\",\"position\":2,\"name\":\"Trends im Materialverbrauch Q2 2022\"}]},{\"@type\":\"WebSite\",\"@id\":\"https:\/\/www.usp-research.com\/#website\",\"url\":\"https:\/\/www.usp-research.com\/\",\"name\":\"Usp\",\"description\":\"\",\"publisher\":{\"@id\":\"https:\/\/www.usp-research.com\/#organization\"},\"potentialAction\":[{\"@type\":\"SearchAction\",\"target\":{\"@type\":\"EntryPoint\",\"urlTemplate\":\"https:\/\/www.usp-research.com\/?s={search_term_string}\"},\"query-input\":{\"@type\":\"PropertyValueSpecification\",\"valueRequired\":true,\"valueName\":\"search_term_string\"}}],\"inLanguage\":\"de\"},{\"@type\":\"Organization\",\"@id\":\"https:\/\/www.usp-research.com\/#organization\",\"name\":\"USP Marketing Consultancy\",\"alternateName\":\"USP Research\",\"url\":\"https:\/\/www.usp-research.com\/\",\"logo\":{\"@type\":\"ImageObject\",\"inLanguage\":\"de\",\"@id\":\"https:\/\/www.usp-research.com\/#\/schema\/logo\/image\/\",\"url\":\"https:\/\/www.usp-research.com\/wp-content\/uploads\/2024\/02\/usp-marketing-logo.png\",\"contentUrl\":\"https:\/\/www.usp-research.com\/wp-content\/uploads\/2024\/02\/usp-marketing-logo.png\",\"width\":600,\"height\":315,\"caption\":\"USP Marketing Consultancy\"},\"image\":{\"@id\":\"https:\/\/www.usp-research.com\/#\/schema\/logo\/image\/\"},\"sameAs\":[\"https:\/\/www.linkedin.com\/company\/usp-marketing-consultancy\/\",\"https:\/\/www.youtube.com\/@marketingconsultancy\"]}]}<\/script>\n<!-- \/ Yoast SEO plugin. -->","yoast_head_json":{"title":"Trends bei der Materialverwendung durch europ\u00e4ische Architekten: Bericht zum 2. Quartal 2022 | USP","description":"Entdecken Sie die sich entwickelnden Trends bei der Materialverwendung unter europ\u00e4ischen Architekten im zweiten Quartal 2022. Informieren Sie sich \u00fcber die Faktoren und Auswirkungen, die die Materialpr\u00e4ferenzen beeinflussen.","robots":{"index":"index","follow":"follow","max-snippet":"max-snippet:-1","max-image-preview":"max-image-preview:large","max-video-preview":"max-video-preview:-1"},"og_locale":"de_DE","og_type":"article","og_title":"Trends bei der Materialverwendung durch europ\u00e4ische Architekten: Bericht zum 2. Quartal 2022 | USP","og_description":"Entdecken Sie die sich entwickelnden Trends bei der Materialverwendung unter europ\u00e4ischen Architekten im zweiten Quartal 2022. Informieren Sie sich \u00fcber die Faktoren und Auswirkungen, die die Materialpr\u00e4ferenzen beeinflussen.","og_url":"https:\/\/www.usp-research.com\/de\/trends-im-materialverbrauch-q2-2022\/","og_site_name":"Usp","article_modified_time":"2025-04-09T09:36:43+00:00","og_image":[{"width":1275,"height":718,"url":"https:\/\/www.usp-research.com\/wp-content\/uploads\/2024\/01\/EAB-Q2-2022-1.png","type":"image\/png"}],"twitter_card":"summary_large_image","twitter_misc":{"Gesch\u00e4tzte Lesezeit":"1\u00a0Minute"},"schema":{"@context":"https:\/\/schema.org","@graph":[{"@type":"WebPage","@id":"https:\/\/www.usp-research.com\/de\/trends-im-materialverbrauch-q2-2022\/","url":"https:\/\/www.usp-research.com\/de\/trends-im-materialverbrauch-q2-2022\/","name":"Trends bei der Materialverwendung durch europ\u00e4ische Architekten: Bericht zum 2. Quartal 2022 | USP","isPartOf":{"@id":"https:\/\/www.usp-research.com\/#website"},"primaryImageOfPage":{"@id":"https:\/\/www.usp-research.com\/de\/trends-im-materialverbrauch-q2-2022\/#primaryimage"},"image":{"@id":"https:\/\/www.usp-research.com\/de\/trends-im-materialverbrauch-q2-2022\/#primaryimage"},"thumbnailUrl":"https:\/\/www.usp-research.com\/wp-content\/uploads\/2024\/01\/EAB-Q2-2022-1.png","datePublished":"2022-12-01T12:44:13+00:00","dateModified":"2025-04-09T09:36:43+00:00","description":"Entdecken Sie die sich entwickelnden Trends bei der Materialverwendung unter europ\u00e4ischen Architekten im zweiten Quartal 2022. Informieren Sie sich \u00fcber die Faktoren und Auswirkungen, die die Materialpr\u00e4ferenzen beeinflussen.","breadcrumb":{"@id":"https:\/\/www.usp-research.com\/de\/trends-im-materialverbrauch-q2-2022\/#breadcrumb"},"inLanguage":"de","potentialAction":[{"@type":"ReadAction","target":["https:\/\/www.usp-research.com\/de\/trends-im-materialverbrauch-q2-2022\/"]}]},{"@type":"ImageObject","inLanguage":"de","@id":"https:\/\/www.usp-research.com\/de\/trends-im-materialverbrauch-q2-2022\/#primaryimage","url":"https:\/\/www.usp-research.com\/wp-content\/uploads\/2024\/01\/EAB-Q2-2022-1.png","contentUrl":"https:\/\/www.usp-research.com\/wp-content\/uploads\/2024\/01\/EAB-Q2-2022-1.png","width":1275,"height":718},{"@type":"BreadcrumbList","@id":"https:\/\/www.usp-research.com\/de\/trends-im-materialverbrauch-q2-2022\/#breadcrumb","itemListElement":[{"@type":"ListItem","position":1,"name":"Home","item":"https:\/\/www.usp-research.com\/de\/"},{"@type":"ListItem","position":2,"name":"Trends im Materialverbrauch Q2 2022"}]},{"@type":"WebSite","@id":"https:\/\/www.usp-research.com\/#website","url":"https:\/\/www.usp-research.com\/","name":"Usp","description":"","publisher":{"@id":"https:\/\/www.usp-research.com\/#organization"},"potentialAction":[{"@type":"SearchAction","target":{"@type":"EntryPoint","urlTemplate":"https:\/\/www.usp-research.com\/?s={search_term_string}"},"query-input":{"@type":"PropertyValueSpecification","valueRequired":true,"valueName":"search_term_string"}}],"inLanguage":"de"},{"@type":"Organization","@id":"https:\/\/www.usp-research.com\/#organization","name":"USP Marketing Consultancy","alternateName":"USP Research","url":"https:\/\/www.usp-research.com\/","logo":{"@type":"ImageObject","inLanguage":"de","@id":"https:\/\/www.usp-research.com\/#\/schema\/logo\/image\/","url":"https:\/\/www.usp-research.com\/wp-content\/uploads\/2024\/02\/usp-marketing-logo.png","contentUrl":"https:\/\/www.usp-research.com\/wp-content\/uploads\/2024\/02\/usp-marketing-logo.png","width":600,"height":315,"caption":"USP Marketing Consultancy"},"image":{"@id":"https:\/\/www.usp-research.com\/#\/schema\/logo\/image\/"},"sameAs":["https:\/\/www.linkedin.com\/company\/usp-marketing-consultancy\/","https:\/\/www.youtube.com\/@marketingconsultancy"]}]}},"_links":{"self":[{"href":"https:\/\/www.usp-research.com\/de\/wp-json\/wp\/v2\/pages\/10459","targetHints":{"allow":["GET"]}}],"collection":[{"href":"https:\/\/www.usp-research.com\/de\/wp-json\/wp\/v2\/pages"}],"about":[{"href":"https:\/\/www.usp-research.com\/de\/wp-json\/wp\/v2\/types\/page"}],"author":[{"embeddable":true,"href":"https:\/\/www.usp-research.com\/de\/wp-json\/wp\/v2\/users\/5"}],"replies":[{"embeddable":true,"href":"https:\/\/www.usp-research.com\/de\/wp-json\/wp\/v2\/comments?post=10459"}],"version-history":[{"count":5,"href":"https:\/\/www.usp-research.com\/de\/wp-json\/wp\/v2\/pages\/10459\/revisions"}],"predecessor-version":[{"id":13641,"href":"https:\/\/www.usp-research.com\/de\/wp-json\/wp\/v2\/pages\/10459\/revisions\/13641"}],"wp:featuredmedia":[{"embeddable":true,"href":"https:\/\/www.usp-research.com\/de\/wp-json\/wp\/v2\/media\/10460"}],"wp:attachment":[{"href":"https:\/\/www.usp-research.com\/de\/wp-json\/wp\/v2\/media?parent=10459"}],"curies":[{"name":"wp","href":"https:\/\/api.w.org\/{rel}","templated":true}]}}