{"id":10439,"date":"2023-12-01T14:28:17","date_gmt":"2023-12-01T14:28:17","guid":{"rendered":"https:\/\/www.usp-research.com\/market-reports\/european-mechanical-installation-monitor\/"},"modified":"2025-04-07T13:53:13","modified_gmt":"2025-04-07T13:53:13","slug":"europaeischer-shk-installationsmonitor","status":"publish","type":"page","link":"https:\/\/www.usp-research.com\/de\/fertige-berichte\/europaeischer-shk-installationsmonitor\/","title":{"rendered":"Europ\u00e4ischer SHK-Installationsmonitor"},"content":{"rendered":"","protected":false},"excerpt":{"rendered":"<p>Der Europ\u00e4ische SHK-Installationsmonitor ist eine viertelj\u00e4hrlich ver\u00f6ffentlichte Publikation, die sich auf europ\u00e4ische SHK-Installateure in 7 europ\u00e4ischen L\u00e4ndern konzentriert. Jeder Bericht behandelt ein spezifisches Thema, wie z. B. Mediennutzung, Kaufkan\u00e4le, intelligente Geb\u00e4ude, Nachhaltigkeit und mehr. Dar\u00fcber hinaus werden in jedem Bericht die Auftragslage und die Umsatzentwicklungen bei SHK-Installationsunternehmen behandelt.<\/p>\n","protected":false},"author":5,"featured_media":8761,"parent":10153,"menu_order":183,"comment_status":"closed","ping_status":"closed","template":"tpl-market-reports-category.php","meta":{"_acf_changed":false,"footnotes":""},"class_list":["post-10439","page","type-page","status-publish","has-post-thumbnail","hentry"],"acf":[],"yoast_head":"<!-- This site is optimized with the Yoast SEO plugin v27.0 - https:\/\/yoast.com\/product\/yoast-seo-wordpress\/ -->\n<title>Europ\u00e4ischer Elektroinstallationsmonitor: Markttrends und Einblicke | USP<\/title>\n<meta name=\"description\" content=\"Erhalten Sie datengesteuerte Einblicke in den europ\u00e4ischen Elektroinstallationsmarkt. Der USP-Bericht behandelt Trends, Marken und Installateurverhalten.\" \/>\n<meta name=\"robots\" content=\"index, follow, max-snippet:-1, max-image-preview:large, max-video-preview:-1\" \/>\n<meta property=\"og:locale\" content=\"de_DE\" \/>\n<meta property=\"og:type\" content=\"article\" \/>\n<meta property=\"og:title\" content=\"Europ\u00e4ischer Elektroinstallationsmonitor: Markttrends und Einblicke | USP\" \/>\n<meta property=\"og:description\" content=\"Erhalten Sie datengesteuerte Einblicke in den europ\u00e4ischen Elektroinstallationsmarkt. Der USP-Bericht behandelt Trends, Marken und Installateurverhalten.\" \/>\n<meta property=\"og:url\" content=\"https:\/\/www.usp-research.com\/de\/fertige-berichte\/europaeischer-shk-installationsmonitor\/\" \/>\n<meta property=\"og:site_name\" content=\"Usp\" \/>\n<meta property=\"article:modified_time\" content=\"2025-04-07T13:53:13+00:00\" \/>\n<meta property=\"og:image\" content=\"https:\/\/www.usp-research.com\/wp-content\/uploads\/2024\/02\/4-700x350-1.jpg\" \/>\n\t<meta property=\"og:image:width\" content=\"700\" \/>\n\t<meta property=\"og:image:height\" content=\"350\" \/>\n\t<meta property=\"og:image:type\" content=\"image\/jpeg\" \/>\n<meta name=\"twitter:card\" content=\"summary_large_image\" \/>\n<meta name=\"twitter:label1\" content=\"Gesch\u00e4tzte Lesezeit\" \/>\n\t<meta name=\"twitter:data1\" content=\"1\u00a0Minute\" \/>\n<script type=\"application\/ld+json\" class=\"yoast-schema-graph\">{\"@context\":\"https:\/\/schema.org\",\"@graph\":[{\"@type\":\"WebPage\",\"@id\":\"https:\/\/www.usp-research.com\/de\/fertige-berichte\/europaeischer-shk-installationsmonitor\/\",\"url\":\"https:\/\/www.usp-research.com\/de\/fertige-berichte\/europaeischer-shk-installationsmonitor\/\",\"name\":\"Europ\u00e4ischer Elektroinstallationsmonitor: Markttrends und Einblicke | USP\",\"isPartOf\":{\"@id\":\"https:\/\/www.usp-research.com\/#website\"},\"primaryImageOfPage\":{\"@id\":\"https:\/\/www.usp-research.com\/de\/fertige-berichte\/europaeischer-shk-installationsmonitor\/#primaryimage\"},\"image\":{\"@id\":\"https:\/\/www.usp-research.com\/de\/fertige-berichte\/europaeischer-shk-installationsmonitor\/#primaryimage\"},\"thumbnailUrl\":\"https:\/\/www.usp-research.com\/wp-content\/uploads\/2024\/02\/4-700x350-1.jpg\",\"datePublished\":\"2023-12-01T14:28:17+00:00\",\"dateModified\":\"2025-04-07T13:53:13+00:00\",\"description\":\"Erhalten Sie datengesteuerte Einblicke in den europ\u00e4ischen Elektroinstallationsmarkt. Der USP-Bericht behandelt Trends, Marken und Installateurverhalten.\",\"breadcrumb\":{\"@id\":\"https:\/\/www.usp-research.com\/de\/fertige-berichte\/europaeischer-shk-installationsmonitor\/#breadcrumb\"},\"inLanguage\":\"de\",\"potentialAction\":[{\"@type\":\"ReadAction\",\"target\":[\"https:\/\/www.usp-research.com\/de\/fertige-berichte\/europaeischer-shk-installationsmonitor\/\"]}]},{\"@type\":\"ImageObject\",\"inLanguage\":\"de\",\"@id\":\"https:\/\/www.usp-research.com\/de\/fertige-berichte\/europaeischer-shk-installationsmonitor\/#primaryimage\",\"url\":\"https:\/\/www.usp-research.com\/wp-content\/uploads\/2024\/02\/4-700x350-1.jpg\",\"contentUrl\":\"https:\/\/www.usp-research.com\/wp-content\/uploads\/2024\/02\/4-700x350-1.jpg\",\"width\":700,\"height\":350},{\"@type\":\"BreadcrumbList\",\"@id\":\"https:\/\/www.usp-research.com\/de\/fertige-berichte\/europaeischer-shk-installationsmonitor\/#breadcrumb\",\"itemListElement\":[{\"@type\":\"ListItem\",\"position\":1,\"name\":\"Home\",\"item\":\"https:\/\/www.usp-research.com\/de\/\"},{\"@type\":\"ListItem\",\"position\":2,\"name\":\"Fertige Berichte\",\"item\":\"https:\/\/www.usp-research.com\/de\/fertige-berichte\/\"},{\"@type\":\"ListItem\",\"position\":3,\"name\":\"Europ\u00e4ischer SHK-Installationsmonitor\"}]},{\"@type\":\"WebSite\",\"@id\":\"https:\/\/www.usp-research.com\/#website\",\"url\":\"https:\/\/www.usp-research.com\/\",\"name\":\"Usp\",\"description\":\"\",\"publisher\":{\"@id\":\"https:\/\/www.usp-research.com\/#organization\"},\"potentialAction\":[{\"@type\":\"SearchAction\",\"target\":{\"@type\":\"EntryPoint\",\"urlTemplate\":\"https:\/\/www.usp-research.com\/?s={search_term_string}\"},\"query-input\":{\"@type\":\"PropertyValueSpecification\",\"valueRequired\":true,\"valueName\":\"search_term_string\"}}],\"inLanguage\":\"de\"},{\"@type\":\"Organization\",\"@id\":\"https:\/\/www.usp-research.com\/#organization\",\"name\":\"USP Marketing Consultancy\",\"alternateName\":\"USP Research\",\"url\":\"https:\/\/www.usp-research.com\/\",\"logo\":{\"@type\":\"ImageObject\",\"inLanguage\":\"de\",\"@id\":\"https:\/\/www.usp-research.com\/#\/schema\/logo\/image\/\",\"url\":\"https:\/\/www.usp-research.com\/wp-content\/uploads\/2024\/02\/usp-marketing-logo.png\",\"contentUrl\":\"https:\/\/www.usp-research.com\/wp-content\/uploads\/2024\/02\/usp-marketing-logo.png\",\"width\":600,\"height\":315,\"caption\":\"USP Marketing Consultancy\"},\"image\":{\"@id\":\"https:\/\/www.usp-research.com\/#\/schema\/logo\/image\/\"},\"sameAs\":[\"https:\/\/www.linkedin.com\/company\/usp-marketing-consultancy\/\",\"https:\/\/www.youtube.com\/@marketingconsultancy\"]}]}<\/script>\n<!-- \/ Yoast SEO plugin. -->","yoast_head_json":{"title":"Europ\u00e4ischer Elektroinstallationsmonitor: Markttrends und Einblicke | USP","description":"Erhalten Sie datengesteuerte Einblicke in den europ\u00e4ischen Elektroinstallationsmarkt. Der USP-Bericht behandelt Trends, Marken und Installateurverhalten.","robots":{"index":"index","follow":"follow","max-snippet":"max-snippet:-1","max-image-preview":"max-image-preview:large","max-video-preview":"max-video-preview:-1"},"og_locale":"de_DE","og_type":"article","og_title":"Europ\u00e4ischer Elektroinstallationsmonitor: Markttrends und Einblicke | USP","og_description":"Erhalten Sie datengesteuerte Einblicke in den europ\u00e4ischen Elektroinstallationsmarkt. Der USP-Bericht behandelt Trends, Marken und Installateurverhalten.","og_url":"https:\/\/www.usp-research.com\/de\/fertige-berichte\/europaeischer-shk-installationsmonitor\/","og_site_name":"Usp","article_modified_time":"2025-04-07T13:53:13+00:00","og_image":[{"width":700,"height":350,"url":"https:\/\/www.usp-research.com\/wp-content\/uploads\/2024\/02\/4-700x350-1.jpg","type":"image\/jpeg"}],"twitter_card":"summary_large_image","twitter_misc":{"Gesch\u00e4tzte Lesezeit":"1\u00a0Minute"},"schema":{"@context":"https:\/\/schema.org","@graph":[{"@type":"WebPage","@id":"https:\/\/www.usp-research.com\/de\/fertige-berichte\/europaeischer-shk-installationsmonitor\/","url":"https:\/\/www.usp-research.com\/de\/fertige-berichte\/europaeischer-shk-installationsmonitor\/","name":"Europ\u00e4ischer Elektroinstallationsmonitor: Markttrends und Einblicke | USP","isPartOf":{"@id":"https:\/\/www.usp-research.com\/#website"},"primaryImageOfPage":{"@id":"https:\/\/www.usp-research.com\/de\/fertige-berichte\/europaeischer-shk-installationsmonitor\/#primaryimage"},"image":{"@id":"https:\/\/www.usp-research.com\/de\/fertige-berichte\/europaeischer-shk-installationsmonitor\/#primaryimage"},"thumbnailUrl":"https:\/\/www.usp-research.com\/wp-content\/uploads\/2024\/02\/4-700x350-1.jpg","datePublished":"2023-12-01T14:28:17+00:00","dateModified":"2025-04-07T13:53:13+00:00","description":"Erhalten Sie datengesteuerte Einblicke in den europ\u00e4ischen Elektroinstallationsmarkt. Der USP-Bericht behandelt Trends, Marken und Installateurverhalten.","breadcrumb":{"@id":"https:\/\/www.usp-research.com\/de\/fertige-berichte\/europaeischer-shk-installationsmonitor\/#breadcrumb"},"inLanguage":"de","potentialAction":[{"@type":"ReadAction","target":["https:\/\/www.usp-research.com\/de\/fertige-berichte\/europaeischer-shk-installationsmonitor\/"]}]},{"@type":"ImageObject","inLanguage":"de","@id":"https:\/\/www.usp-research.com\/de\/fertige-berichte\/europaeischer-shk-installationsmonitor\/#primaryimage","url":"https:\/\/www.usp-research.com\/wp-content\/uploads\/2024\/02\/4-700x350-1.jpg","contentUrl":"https:\/\/www.usp-research.com\/wp-content\/uploads\/2024\/02\/4-700x350-1.jpg","width":700,"height":350},{"@type":"BreadcrumbList","@id":"https:\/\/www.usp-research.com\/de\/fertige-berichte\/europaeischer-shk-installationsmonitor\/#breadcrumb","itemListElement":[{"@type":"ListItem","position":1,"name":"Home","item":"https:\/\/www.usp-research.com\/de\/"},{"@type":"ListItem","position":2,"name":"Fertige Berichte","item":"https:\/\/www.usp-research.com\/de\/fertige-berichte\/"},{"@type":"ListItem","position":3,"name":"Europ\u00e4ischer SHK-Installationsmonitor"}]},{"@type":"WebSite","@id":"https:\/\/www.usp-research.com\/#website","url":"https:\/\/www.usp-research.com\/","name":"Usp","description":"","publisher":{"@id":"https:\/\/www.usp-research.com\/#organization"},"potentialAction":[{"@type":"SearchAction","target":{"@type":"EntryPoint","urlTemplate":"https:\/\/www.usp-research.com\/?s={search_term_string}"},"query-input":{"@type":"PropertyValueSpecification","valueRequired":true,"valueName":"search_term_string"}}],"inLanguage":"de"},{"@type":"Organization","@id":"https:\/\/www.usp-research.com\/#organization","name":"USP Marketing Consultancy","alternateName":"USP Research","url":"https:\/\/www.usp-research.com\/","logo":{"@type":"ImageObject","inLanguage":"de","@id":"https:\/\/www.usp-research.com\/#\/schema\/logo\/image\/","url":"https:\/\/www.usp-research.com\/wp-content\/uploads\/2024\/02\/usp-marketing-logo.png","contentUrl":"https:\/\/www.usp-research.com\/wp-content\/uploads\/2024\/02\/usp-marketing-logo.png","width":600,"height":315,"caption":"USP Marketing Consultancy"},"image":{"@id":"https:\/\/www.usp-research.com\/#\/schema\/logo\/image\/"},"sameAs":["https:\/\/www.linkedin.com\/company\/usp-marketing-consultancy\/","https:\/\/www.youtube.com\/@marketingconsultancy"]}]}},"_links":{"self":[{"href":"https:\/\/www.usp-research.com\/de\/wp-json\/wp\/v2\/pages\/10439","targetHints":{"allow":["GET"]}}],"collection":[{"href":"https:\/\/www.usp-research.com\/de\/wp-json\/wp\/v2\/pages"}],"about":[{"href":"https:\/\/www.usp-research.com\/de\/wp-json\/wp\/v2\/types\/page"}],"author":[{"embeddable":true,"href":"https:\/\/www.usp-research.com\/de\/wp-json\/wp\/v2\/users\/5"}],"replies":[{"embeddable":true,"href":"https:\/\/www.usp-research.com\/de\/wp-json\/wp\/v2\/comments?post=10439"}],"version-history":[{"count":9,"href":"https:\/\/www.usp-research.com\/de\/wp-json\/wp\/v2\/pages\/10439\/revisions"}],"predecessor-version":[{"id":13492,"href":"https:\/\/www.usp-research.com\/de\/wp-json\/wp\/v2\/pages\/10439\/revisions\/13492"}],"up":[{"embeddable":true,"href":"https:\/\/www.usp-research.com\/de\/wp-json\/wp\/v2\/pages\/10153"}],"wp:featuredmedia":[{"embeddable":true,"href":"https:\/\/www.usp-research.com\/de\/wp-json\/wp\/v2\/media\/8761"}],"wp:attachment":[{"href":"https:\/\/www.usp-research.com\/de\/wp-json\/wp\/v2\/media?parent=10439"}],"curies":[{"name":"wp","href":"https:\/\/api.w.org\/{rel}","templated":true}]}}