{"id":10320,"date":"2024-07-18T09:55:41","date_gmt":"2024-07-18T09:55:41","guid":{"rendered":"https:\/\/www.usp-research.com\/market-reports\/european-home-improvement-monitor\/purchase-channels-q2-2024\/"},"modified":"2025-04-07T14:13:03","modified_gmt":"2025-04-07T14:13:03","slug":"einkaufskanaele-q2-2024","status":"publish","type":"page","link":"https:\/\/www.usp-research.com\/de\/fertige-berichte\/europaeischer-heimwerker-monitor\/einkaufskanaele-q2-2024\/","title":{"rendered":"Einkaufskan\u00e4le Q2 2024"},"content":{"rendered":"","protected":false},"excerpt":{"rendered":"<p>Der Europ\u00e4ische Heimwerker-Monitor bietet wertvolle Einblicke in die Einkaufskan\u00e4le der europ\u00e4ischen Heimwerkerbranche und untersucht die sich entwickelnden Pr\u00e4ferenzen und Verhaltensweisen der Verbraucher in traditionellen Einzelhandelsgesch\u00e4ften sowie auf aufkommenden Online-Plattformen.<\/p>\n","protected":false},"author":9,"featured_media":10322,"parent":10304,"menu_order":74,"comment_status":"closed","ping_status":"closed","template":"tpl-market-reports-single.php","meta":{"_acf_changed":false,"footnotes":""},"class_list":["post-10320","page","type-page","status-publish","has-post-thumbnail","hentry"],"acf":[],"yoast_head":"<!-- This site is optimized with the Yoast SEO plugin v27.0 - https:\/\/yoast.com\/product\/yoast-seo-wordpress\/ -->\n<title>European Home Improvement Monitor: Kaufkan\u00e4le Q2 2024 | USP<\/title>\n<meta name=\"description\" content=\"Gewinnen Sie Einblicke in das Kaufverhalten der Verbraucher auf dem europ\u00e4ischen Heimwerkermarkt. Entdecken Sie Online- und physische Shop-Pr\u00e4ferenzen, Kaufgewohnheiten und mehr.\" \/>\n<meta name=\"robots\" content=\"index, follow, max-snippet:-1, max-image-preview:large, max-video-preview:-1\" \/>\n<meta property=\"og:locale\" content=\"de_DE\" \/>\n<meta property=\"og:type\" content=\"article\" \/>\n<meta property=\"og:title\" content=\"European Home Improvement Monitor: Kaufkan\u00e4le Q2 2024 | USP\" \/>\n<meta property=\"og:description\" content=\"Gewinnen Sie Einblicke in das Kaufverhalten der Verbraucher auf dem europ\u00e4ischen Heimwerkermarkt. Entdecken Sie Online- und physische Shop-Pr\u00e4ferenzen, Kaufgewohnheiten und mehr.\" \/>\n<meta property=\"og:url\" content=\"https:\/\/www.usp-research.com\/de\/fertige-berichte\/europaeischer-heimwerker-monitor\/einkaufskanaele-q2-2024\/\" \/>\n<meta property=\"og:site_name\" content=\"Usp\" \/>\n<meta property=\"article:modified_time\" content=\"2025-04-07T14:13:03+00:00\" \/>\n<meta property=\"og:image\" content=\"https:\/\/www.usp-research.com\/wp-content\/uploads\/2024\/09\/Screenshot-2024-09-10-141821.jpg\" \/>\n\t<meta property=\"og:image:width\" content=\"1666\" \/>\n\t<meta property=\"og:image:height\" content=\"912\" \/>\n\t<meta property=\"og:image:type\" content=\"image\/jpeg\" \/>\n<meta name=\"twitter:card\" content=\"summary_large_image\" \/>\n<meta name=\"twitter:label1\" content=\"Gesch\u00e4tzte Lesezeit\" \/>\n\t<meta name=\"twitter:data1\" content=\"1\u00a0Minute\" \/>\n<script type=\"application\/ld+json\" class=\"yoast-schema-graph\">{\"@context\":\"https:\/\/schema.org\",\"@graph\":[{\"@type\":\"WebPage\",\"@id\":\"https:\/\/www.usp-research.com\/de\/fertige-berichte\/europaeischer-heimwerker-monitor\/einkaufskanaele-q2-2024\/\",\"url\":\"https:\/\/www.usp-research.com\/de\/fertige-berichte\/europaeischer-heimwerker-monitor\/einkaufskanaele-q2-2024\/\",\"name\":\"European Home Improvement Monitor: Kaufkan\u00e4le Q2 2024 | USP\",\"isPartOf\":{\"@id\":\"https:\/\/www.usp-research.com\/#website\"},\"primaryImageOfPage\":{\"@id\":\"https:\/\/www.usp-research.com\/de\/fertige-berichte\/europaeischer-heimwerker-monitor\/einkaufskanaele-q2-2024\/#primaryimage\"},\"image\":{\"@id\":\"https:\/\/www.usp-research.com\/de\/fertige-berichte\/europaeischer-heimwerker-monitor\/einkaufskanaele-q2-2024\/#primaryimage\"},\"thumbnailUrl\":\"https:\/\/www.usp-research.com\/wp-content\/uploads\/2024\/09\/Screenshot-2024-09-10-141821.jpg\",\"datePublished\":\"2024-07-18T09:55:41+00:00\",\"dateModified\":\"2025-04-07T14:13:03+00:00\",\"description\":\"Gewinnen Sie Einblicke in das Kaufverhalten der Verbraucher auf dem europ\u00e4ischen Heimwerkermarkt. Entdecken Sie Online- und physische Shop-Pr\u00e4ferenzen, Kaufgewohnheiten und mehr.\",\"breadcrumb\":{\"@id\":\"https:\/\/www.usp-research.com\/de\/fertige-berichte\/europaeischer-heimwerker-monitor\/einkaufskanaele-q2-2024\/#breadcrumb\"},\"inLanguage\":\"de\",\"potentialAction\":[{\"@type\":\"ReadAction\",\"target\":[\"https:\/\/www.usp-research.com\/de\/fertige-berichte\/europaeischer-heimwerker-monitor\/einkaufskanaele-q2-2024\/\"]}]},{\"@type\":\"ImageObject\",\"inLanguage\":\"de\",\"@id\":\"https:\/\/www.usp-research.com\/de\/fertige-berichte\/europaeischer-heimwerker-monitor\/einkaufskanaele-q2-2024\/#primaryimage\",\"url\":\"https:\/\/www.usp-research.com\/wp-content\/uploads\/2024\/09\/Screenshot-2024-09-10-141821.jpg\",\"contentUrl\":\"https:\/\/www.usp-research.com\/wp-content\/uploads\/2024\/09\/Screenshot-2024-09-10-141821.jpg\",\"width\":1666,\"height\":912},{\"@type\":\"BreadcrumbList\",\"@id\":\"https:\/\/www.usp-research.com\/de\/fertige-berichte\/europaeischer-heimwerker-monitor\/einkaufskanaele-q2-2024\/#breadcrumb\",\"itemListElement\":[{\"@type\":\"ListItem\",\"position\":1,\"name\":\"Home\",\"item\":\"https:\/\/www.usp-research.com\/de\/\"},{\"@type\":\"ListItem\",\"position\":2,\"name\":\"Fertige Berichte\",\"item\":\"https:\/\/www.usp-research.com\/de\/fertige-berichte\/\"},{\"@type\":\"ListItem\",\"position\":3,\"name\":\"Europ\u00e4ischer Heimwerker-Monitor\",\"item\":\"https:\/\/www.usp-research.com\/de\/fertige-berichte\/europaeischer-heimwerker-monitor\/\"},{\"@type\":\"ListItem\",\"position\":4,\"name\":\"Einkaufskan\u00e4le Q2 2024\"}]},{\"@type\":\"WebSite\",\"@id\":\"https:\/\/www.usp-research.com\/#website\",\"url\":\"https:\/\/www.usp-research.com\/\",\"name\":\"Usp\",\"description\":\"\",\"publisher\":{\"@id\":\"https:\/\/www.usp-research.com\/#organization\"},\"potentialAction\":[{\"@type\":\"SearchAction\",\"target\":{\"@type\":\"EntryPoint\",\"urlTemplate\":\"https:\/\/www.usp-research.com\/?s={search_term_string}\"},\"query-input\":{\"@type\":\"PropertyValueSpecification\",\"valueRequired\":true,\"valueName\":\"search_term_string\"}}],\"inLanguage\":\"de\"},{\"@type\":\"Organization\",\"@id\":\"https:\/\/www.usp-research.com\/#organization\",\"name\":\"USP Marketing Consultancy\",\"alternateName\":\"USP Research\",\"url\":\"https:\/\/www.usp-research.com\/\",\"logo\":{\"@type\":\"ImageObject\",\"inLanguage\":\"de\",\"@id\":\"https:\/\/www.usp-research.com\/#\/schema\/logo\/image\/\",\"url\":\"https:\/\/www.usp-research.com\/wp-content\/uploads\/2024\/02\/usp-marketing-logo.png\",\"contentUrl\":\"https:\/\/www.usp-research.com\/wp-content\/uploads\/2024\/02\/usp-marketing-logo.png\",\"width\":600,\"height\":315,\"caption\":\"USP Marketing Consultancy\"},\"image\":{\"@id\":\"https:\/\/www.usp-research.com\/#\/schema\/logo\/image\/\"},\"sameAs\":[\"https:\/\/www.linkedin.com\/company\/usp-marketing-consultancy\/\",\"https:\/\/www.youtube.com\/@marketingconsultancy\"]}]}<\/script>\n<!-- \/ Yoast SEO plugin. -->","yoast_head_json":{"title":"European Home Improvement Monitor: Kaufkan\u00e4le Q2 2024 | USP","description":"Gewinnen Sie Einblicke in das Kaufverhalten der Verbraucher auf dem europ\u00e4ischen Heimwerkermarkt. Entdecken Sie Online- und physische Shop-Pr\u00e4ferenzen, Kaufgewohnheiten und mehr.","robots":{"index":"index","follow":"follow","max-snippet":"max-snippet:-1","max-image-preview":"max-image-preview:large","max-video-preview":"max-video-preview:-1"},"og_locale":"de_DE","og_type":"article","og_title":"European Home Improvement Monitor: Kaufkan\u00e4le Q2 2024 | USP","og_description":"Gewinnen Sie Einblicke in das Kaufverhalten der Verbraucher auf dem europ\u00e4ischen Heimwerkermarkt. Entdecken Sie Online- und physische Shop-Pr\u00e4ferenzen, Kaufgewohnheiten und mehr.","og_url":"https:\/\/www.usp-research.com\/de\/fertige-berichte\/europaeischer-heimwerker-monitor\/einkaufskanaele-q2-2024\/","og_site_name":"Usp","article_modified_time":"2025-04-07T14:13:03+00:00","og_image":[{"width":1666,"height":912,"url":"https:\/\/www.usp-research.com\/wp-content\/uploads\/2024\/09\/Screenshot-2024-09-10-141821.jpg","type":"image\/jpeg"}],"twitter_card":"summary_large_image","twitter_misc":{"Gesch\u00e4tzte Lesezeit":"1\u00a0Minute"},"schema":{"@context":"https:\/\/schema.org","@graph":[{"@type":"WebPage","@id":"https:\/\/www.usp-research.com\/de\/fertige-berichte\/europaeischer-heimwerker-monitor\/einkaufskanaele-q2-2024\/","url":"https:\/\/www.usp-research.com\/de\/fertige-berichte\/europaeischer-heimwerker-monitor\/einkaufskanaele-q2-2024\/","name":"European Home Improvement Monitor: Kaufkan\u00e4le Q2 2024 | USP","isPartOf":{"@id":"https:\/\/www.usp-research.com\/#website"},"primaryImageOfPage":{"@id":"https:\/\/www.usp-research.com\/de\/fertige-berichte\/europaeischer-heimwerker-monitor\/einkaufskanaele-q2-2024\/#primaryimage"},"image":{"@id":"https:\/\/www.usp-research.com\/de\/fertige-berichte\/europaeischer-heimwerker-monitor\/einkaufskanaele-q2-2024\/#primaryimage"},"thumbnailUrl":"https:\/\/www.usp-research.com\/wp-content\/uploads\/2024\/09\/Screenshot-2024-09-10-141821.jpg","datePublished":"2024-07-18T09:55:41+00:00","dateModified":"2025-04-07T14:13:03+00:00","description":"Gewinnen Sie Einblicke in das Kaufverhalten der Verbraucher auf dem europ\u00e4ischen Heimwerkermarkt. Entdecken Sie Online- und physische Shop-Pr\u00e4ferenzen, Kaufgewohnheiten und mehr.","breadcrumb":{"@id":"https:\/\/www.usp-research.com\/de\/fertige-berichte\/europaeischer-heimwerker-monitor\/einkaufskanaele-q2-2024\/#breadcrumb"},"inLanguage":"de","potentialAction":[{"@type":"ReadAction","target":["https:\/\/www.usp-research.com\/de\/fertige-berichte\/europaeischer-heimwerker-monitor\/einkaufskanaele-q2-2024\/"]}]},{"@type":"ImageObject","inLanguage":"de","@id":"https:\/\/www.usp-research.com\/de\/fertige-berichte\/europaeischer-heimwerker-monitor\/einkaufskanaele-q2-2024\/#primaryimage","url":"https:\/\/www.usp-research.com\/wp-content\/uploads\/2024\/09\/Screenshot-2024-09-10-141821.jpg","contentUrl":"https:\/\/www.usp-research.com\/wp-content\/uploads\/2024\/09\/Screenshot-2024-09-10-141821.jpg","width":1666,"height":912},{"@type":"BreadcrumbList","@id":"https:\/\/www.usp-research.com\/de\/fertige-berichte\/europaeischer-heimwerker-monitor\/einkaufskanaele-q2-2024\/#breadcrumb","itemListElement":[{"@type":"ListItem","position":1,"name":"Home","item":"https:\/\/www.usp-research.com\/de\/"},{"@type":"ListItem","position":2,"name":"Fertige Berichte","item":"https:\/\/www.usp-research.com\/de\/fertige-berichte\/"},{"@type":"ListItem","position":3,"name":"Europ\u00e4ischer Heimwerker-Monitor","item":"https:\/\/www.usp-research.com\/de\/fertige-berichte\/europaeischer-heimwerker-monitor\/"},{"@type":"ListItem","position":4,"name":"Einkaufskan\u00e4le Q2 2024"}]},{"@type":"WebSite","@id":"https:\/\/www.usp-research.com\/#website","url":"https:\/\/www.usp-research.com\/","name":"Usp","description":"","publisher":{"@id":"https:\/\/www.usp-research.com\/#organization"},"potentialAction":[{"@type":"SearchAction","target":{"@type":"EntryPoint","urlTemplate":"https:\/\/www.usp-research.com\/?s={search_term_string}"},"query-input":{"@type":"PropertyValueSpecification","valueRequired":true,"valueName":"search_term_string"}}],"inLanguage":"de"},{"@type":"Organization","@id":"https:\/\/www.usp-research.com\/#organization","name":"USP Marketing Consultancy","alternateName":"USP Research","url":"https:\/\/www.usp-research.com\/","logo":{"@type":"ImageObject","inLanguage":"de","@id":"https:\/\/www.usp-research.com\/#\/schema\/logo\/image\/","url":"https:\/\/www.usp-research.com\/wp-content\/uploads\/2024\/02\/usp-marketing-logo.png","contentUrl":"https:\/\/www.usp-research.com\/wp-content\/uploads\/2024\/02\/usp-marketing-logo.png","width":600,"height":315,"caption":"USP Marketing Consultancy"},"image":{"@id":"https:\/\/www.usp-research.com\/#\/schema\/logo\/image\/"},"sameAs":["https:\/\/www.linkedin.com\/company\/usp-marketing-consultancy\/","https:\/\/www.youtube.com\/@marketingconsultancy"]}]}},"_links":{"self":[{"href":"https:\/\/www.usp-research.com\/de\/wp-json\/wp\/v2\/pages\/10320","targetHints":{"allow":["GET"]}}],"collection":[{"href":"https:\/\/www.usp-research.com\/de\/wp-json\/wp\/v2\/pages"}],"about":[{"href":"https:\/\/www.usp-research.com\/de\/wp-json\/wp\/v2\/types\/page"}],"author":[{"embeddable":true,"href":"https:\/\/www.usp-research.com\/de\/wp-json\/wp\/v2\/users\/9"}],"replies":[{"embeddable":true,"href":"https:\/\/www.usp-research.com\/de\/wp-json\/wp\/v2\/comments?post=10320"}],"version-history":[{"count":9,"href":"https:\/\/www.usp-research.com\/de\/wp-json\/wp\/v2\/pages\/10320\/revisions"}],"predecessor-version":[{"id":13518,"href":"https:\/\/www.usp-research.com\/de\/wp-json\/wp\/v2\/pages\/10320\/revisions\/13518"}],"up":[{"embeddable":true,"href":"https:\/\/www.usp-research.com\/de\/wp-json\/wp\/v2\/pages\/10304"}],"wp:featuredmedia":[{"embeddable":true,"href":"https:\/\/www.usp-research.com\/de\/wp-json\/wp\/v2\/media\/10322"}],"wp:attachment":[{"href":"https:\/\/www.usp-research.com\/de\/wp-json\/wp\/v2\/media?parent=10320"}],"curies":[{"name":"wp","href":"https:\/\/api.w.org\/{rel}","templated":true}]}}