{"id":10240,"date":"2022-12-01T14:57:16","date_gmt":"2022-12-01T14:57:16","guid":{"rendered":"https:\/\/www.usp-research.com\/market-reports\/european-electrical-installation-monitor\/brand-scan-q4-2022\/"},"modified":"2025-04-08T15:53:04","modified_gmt":"2025-04-08T15:53:04","slug":"markenscan-q4-2022","status":"publish","type":"page","link":"https:\/\/www.usp-research.com\/de\/fertige-berichte\/europaeischer-elektroinstallationsmonitor\/markenscan-q4-2022\/","title":{"rendered":"Markenscan Q4 2022"},"content":{"rendered":"","protected":false},"excerpt":{"rendered":"<p>Dieser Bericht bietet einen umfassenden \u00dcberblick \u00fcber den Status von Marken f\u00fcr Elektroinstallationen in Europa. Im Bericht finden Sie Informationen zur spontanen Bekanntheit, zur Markenverwendung und zur Markenpr\u00e4ferenz, sowohl f\u00fcr allgemeine Marken als auch f\u00fcr spezifische Kategorien von Elektroprodukten, mit detaillierten Einblicken f\u00fcr jedes Land: das Vereinigte K\u00f6nigreich, Deutschland, Frankreich, Polen, Belgien, die Niederlande und Spanien.<\/p>\n","protected":false},"author":5,"featured_media":10242,"parent":10189,"menu_order":148,"comment_status":"closed","ping_status":"closed","template":"tpl-market-reports-single.php","meta":{"_acf_changed":false,"footnotes":""},"class_list":["post-10240","page","type-page","status-publish","has-post-thumbnail","hentry"],"acf":[],"yoast_head":"<!-- This site is optimized with the Yoast SEO plugin v27.0 - https:\/\/yoast.com\/product\/yoast-seo-wordpress\/ -->\n<title>Beliebte Marken f\u00fcr Elektroinstallateure (EU): Bericht Q4 2022 | USP<\/title>\n<meta name=\"description\" content=\"Dieser Bericht bietet einen umfassenden \u00dcberblick \u00fcber den Status von Elektroinstallationsmarken bei Installateuren in Europa.\" \/>\n<meta name=\"robots\" content=\"index, follow, max-snippet:-1, max-image-preview:large, max-video-preview:-1\" \/>\n<meta property=\"og:locale\" content=\"de_DE\" \/>\n<meta property=\"og:type\" content=\"article\" \/>\n<meta property=\"og:title\" content=\"Beliebte Marken f\u00fcr Elektroinstallateure (EU): Bericht Q4 2022 | USP\" \/>\n<meta property=\"og:description\" content=\"Dieser Bericht bietet einen umfassenden \u00dcberblick \u00fcber den Status von Elektroinstallationsmarken bei Installateuren in Europa.\" \/>\n<meta property=\"og:url\" content=\"https:\/\/www.usp-research.com\/de\/fertige-berichte\/europaeischer-elektroinstallationsmonitor\/markenscan-q4-2022\/\" \/>\n<meta property=\"og:site_name\" content=\"Usp\" \/>\n<meta property=\"article:modified_time\" content=\"2025-04-08T15:53:04+00:00\" \/>\n<meta property=\"og:image\" content=\"https:\/\/www.usp-research.com\/wp-content\/uploads\/2024\/01\/EEIM-Q4-2022-1.png\" \/>\n\t<meta property=\"og:image:width\" content=\"1269\" \/>\n\t<meta property=\"og:image:height\" content=\"717\" \/>\n\t<meta property=\"og:image:type\" content=\"image\/png\" \/>\n<meta name=\"twitter:card\" content=\"summary_large_image\" \/>\n<meta name=\"twitter:label1\" content=\"Gesch\u00e4tzte Lesezeit\" \/>\n\t<meta name=\"twitter:data1\" content=\"1\u00a0Minute\" \/>\n<script type=\"application\/ld+json\" class=\"yoast-schema-graph\">{\"@context\":\"https:\/\/schema.org\",\"@graph\":[{\"@type\":\"WebPage\",\"@id\":\"https:\/\/www.usp-research.com\/de\/fertige-berichte\/europaeischer-elektroinstallationsmonitor\/markenscan-q4-2022\/\",\"url\":\"https:\/\/www.usp-research.com\/de\/fertige-berichte\/europaeischer-elektroinstallationsmonitor\/markenscan-q4-2022\/\",\"name\":\"Beliebte Marken f\u00fcr Elektroinstallateure (EU): Bericht Q4 2022 | USP\",\"isPartOf\":{\"@id\":\"https:\/\/www.usp-research.com\/#website\"},\"primaryImageOfPage\":{\"@id\":\"https:\/\/www.usp-research.com\/de\/fertige-berichte\/europaeischer-elektroinstallationsmonitor\/markenscan-q4-2022\/#primaryimage\"},\"image\":{\"@id\":\"https:\/\/www.usp-research.com\/de\/fertige-berichte\/europaeischer-elektroinstallationsmonitor\/markenscan-q4-2022\/#primaryimage\"},\"thumbnailUrl\":\"https:\/\/www.usp-research.com\/wp-content\/uploads\/2024\/01\/EEIM-Q4-2022-1.png\",\"datePublished\":\"2022-12-01T14:57:16+00:00\",\"dateModified\":\"2025-04-08T15:53:04+00:00\",\"description\":\"Dieser Bericht bietet einen umfassenden \u00dcberblick \u00fcber den Status von Elektroinstallationsmarken bei Installateuren in Europa.\",\"breadcrumb\":{\"@id\":\"https:\/\/www.usp-research.com\/de\/fertige-berichte\/europaeischer-elektroinstallationsmonitor\/markenscan-q4-2022\/#breadcrumb\"},\"inLanguage\":\"de\",\"potentialAction\":[{\"@type\":\"ReadAction\",\"target\":[\"https:\/\/www.usp-research.com\/de\/fertige-berichte\/europaeischer-elektroinstallationsmonitor\/markenscan-q4-2022\/\"]}]},{\"@type\":\"ImageObject\",\"inLanguage\":\"de\",\"@id\":\"https:\/\/www.usp-research.com\/de\/fertige-berichte\/europaeischer-elektroinstallationsmonitor\/markenscan-q4-2022\/#primaryimage\",\"url\":\"https:\/\/www.usp-research.com\/wp-content\/uploads\/2024\/01\/EEIM-Q4-2022-1.png\",\"contentUrl\":\"https:\/\/www.usp-research.com\/wp-content\/uploads\/2024\/01\/EEIM-Q4-2022-1.png\",\"width\":1269,\"height\":717},{\"@type\":\"BreadcrumbList\",\"@id\":\"https:\/\/www.usp-research.com\/de\/fertige-berichte\/europaeischer-elektroinstallationsmonitor\/markenscan-q4-2022\/#breadcrumb\",\"itemListElement\":[{\"@type\":\"ListItem\",\"position\":1,\"name\":\"Home\",\"item\":\"https:\/\/www.usp-research.com\/de\/\"},{\"@type\":\"ListItem\",\"position\":2,\"name\":\"Fertige Berichte\",\"item\":\"https:\/\/www.usp-research.com\/de\/fertige-berichte\/\"},{\"@type\":\"ListItem\",\"position\":3,\"name\":\"Europ\u00e4ischer Elektroinstallationsmonitor\",\"item\":\"https:\/\/www.usp-research.com\/de\/fertige-berichte\/europaeischer-elektroinstallationsmonitor\/\"},{\"@type\":\"ListItem\",\"position\":4,\"name\":\"Markenscan Q4 2022\"}]},{\"@type\":\"WebSite\",\"@id\":\"https:\/\/www.usp-research.com\/#website\",\"url\":\"https:\/\/www.usp-research.com\/\",\"name\":\"Usp\",\"description\":\"\",\"publisher\":{\"@id\":\"https:\/\/www.usp-research.com\/#organization\"},\"potentialAction\":[{\"@type\":\"SearchAction\",\"target\":{\"@type\":\"EntryPoint\",\"urlTemplate\":\"https:\/\/www.usp-research.com\/?s={search_term_string}\"},\"query-input\":{\"@type\":\"PropertyValueSpecification\",\"valueRequired\":true,\"valueName\":\"search_term_string\"}}],\"inLanguage\":\"de\"},{\"@type\":\"Organization\",\"@id\":\"https:\/\/www.usp-research.com\/#organization\",\"name\":\"USP Marketing Consultancy\",\"alternateName\":\"USP Research\",\"url\":\"https:\/\/www.usp-research.com\/\",\"logo\":{\"@type\":\"ImageObject\",\"inLanguage\":\"de\",\"@id\":\"https:\/\/www.usp-research.com\/#\/schema\/logo\/image\/\",\"url\":\"https:\/\/www.usp-research.com\/wp-content\/uploads\/2024\/02\/usp-marketing-logo.png\",\"contentUrl\":\"https:\/\/www.usp-research.com\/wp-content\/uploads\/2024\/02\/usp-marketing-logo.png\",\"width\":600,\"height\":315,\"caption\":\"USP Marketing Consultancy\"},\"image\":{\"@id\":\"https:\/\/www.usp-research.com\/#\/schema\/logo\/image\/\"},\"sameAs\":[\"https:\/\/www.linkedin.com\/company\/usp-marketing-consultancy\/\",\"https:\/\/www.youtube.com\/@marketingconsultancy\"]}]}<\/script>\n<!-- \/ Yoast SEO plugin. -->","yoast_head_json":{"title":"Beliebte Marken f\u00fcr Elektroinstallateure (EU): Bericht Q4 2022 | USP","description":"Dieser Bericht bietet einen umfassenden \u00dcberblick \u00fcber den Status von Elektroinstallationsmarken bei Installateuren in Europa.","robots":{"index":"index","follow":"follow","max-snippet":"max-snippet:-1","max-image-preview":"max-image-preview:large","max-video-preview":"max-video-preview:-1"},"og_locale":"de_DE","og_type":"article","og_title":"Beliebte Marken f\u00fcr Elektroinstallateure (EU): Bericht Q4 2022 | USP","og_description":"Dieser Bericht bietet einen umfassenden \u00dcberblick \u00fcber den Status von Elektroinstallationsmarken bei Installateuren in Europa.","og_url":"https:\/\/www.usp-research.com\/de\/fertige-berichte\/europaeischer-elektroinstallationsmonitor\/markenscan-q4-2022\/","og_site_name":"Usp","article_modified_time":"2025-04-08T15:53:04+00:00","og_image":[{"width":1269,"height":717,"url":"https:\/\/www.usp-research.com\/wp-content\/uploads\/2024\/01\/EEIM-Q4-2022-1.png","type":"image\/png"}],"twitter_card":"summary_large_image","twitter_misc":{"Gesch\u00e4tzte Lesezeit":"1\u00a0Minute"},"schema":{"@context":"https:\/\/schema.org","@graph":[{"@type":"WebPage","@id":"https:\/\/www.usp-research.com\/de\/fertige-berichte\/europaeischer-elektroinstallationsmonitor\/markenscan-q4-2022\/","url":"https:\/\/www.usp-research.com\/de\/fertige-berichte\/europaeischer-elektroinstallationsmonitor\/markenscan-q4-2022\/","name":"Beliebte Marken f\u00fcr Elektroinstallateure (EU): Bericht Q4 2022 | USP","isPartOf":{"@id":"https:\/\/www.usp-research.com\/#website"},"primaryImageOfPage":{"@id":"https:\/\/www.usp-research.com\/de\/fertige-berichte\/europaeischer-elektroinstallationsmonitor\/markenscan-q4-2022\/#primaryimage"},"image":{"@id":"https:\/\/www.usp-research.com\/de\/fertige-berichte\/europaeischer-elektroinstallationsmonitor\/markenscan-q4-2022\/#primaryimage"},"thumbnailUrl":"https:\/\/www.usp-research.com\/wp-content\/uploads\/2024\/01\/EEIM-Q4-2022-1.png","datePublished":"2022-12-01T14:57:16+00:00","dateModified":"2025-04-08T15:53:04+00:00","description":"Dieser Bericht bietet einen umfassenden \u00dcberblick \u00fcber den Status von Elektroinstallationsmarken bei Installateuren in Europa.","breadcrumb":{"@id":"https:\/\/www.usp-research.com\/de\/fertige-berichte\/europaeischer-elektroinstallationsmonitor\/markenscan-q4-2022\/#breadcrumb"},"inLanguage":"de","potentialAction":[{"@type":"ReadAction","target":["https:\/\/www.usp-research.com\/de\/fertige-berichte\/europaeischer-elektroinstallationsmonitor\/markenscan-q4-2022\/"]}]},{"@type":"ImageObject","inLanguage":"de","@id":"https:\/\/www.usp-research.com\/de\/fertige-berichte\/europaeischer-elektroinstallationsmonitor\/markenscan-q4-2022\/#primaryimage","url":"https:\/\/www.usp-research.com\/wp-content\/uploads\/2024\/01\/EEIM-Q4-2022-1.png","contentUrl":"https:\/\/www.usp-research.com\/wp-content\/uploads\/2024\/01\/EEIM-Q4-2022-1.png","width":1269,"height":717},{"@type":"BreadcrumbList","@id":"https:\/\/www.usp-research.com\/de\/fertige-berichte\/europaeischer-elektroinstallationsmonitor\/markenscan-q4-2022\/#breadcrumb","itemListElement":[{"@type":"ListItem","position":1,"name":"Home","item":"https:\/\/www.usp-research.com\/de\/"},{"@type":"ListItem","position":2,"name":"Fertige Berichte","item":"https:\/\/www.usp-research.com\/de\/fertige-berichte\/"},{"@type":"ListItem","position":3,"name":"Europ\u00e4ischer Elektroinstallationsmonitor","item":"https:\/\/www.usp-research.com\/de\/fertige-berichte\/europaeischer-elektroinstallationsmonitor\/"},{"@type":"ListItem","position":4,"name":"Markenscan Q4 2022"}]},{"@type":"WebSite","@id":"https:\/\/www.usp-research.com\/#website","url":"https:\/\/www.usp-research.com\/","name":"Usp","description":"","publisher":{"@id":"https:\/\/www.usp-research.com\/#organization"},"potentialAction":[{"@type":"SearchAction","target":{"@type":"EntryPoint","urlTemplate":"https:\/\/www.usp-research.com\/?s={search_term_string}"},"query-input":{"@type":"PropertyValueSpecification","valueRequired":true,"valueName":"search_term_string"}}],"inLanguage":"de"},{"@type":"Organization","@id":"https:\/\/www.usp-research.com\/#organization","name":"USP Marketing Consultancy","alternateName":"USP Research","url":"https:\/\/www.usp-research.com\/","logo":{"@type":"ImageObject","inLanguage":"de","@id":"https:\/\/www.usp-research.com\/#\/schema\/logo\/image\/","url":"https:\/\/www.usp-research.com\/wp-content\/uploads\/2024\/02\/usp-marketing-logo.png","contentUrl":"https:\/\/www.usp-research.com\/wp-content\/uploads\/2024\/02\/usp-marketing-logo.png","width":600,"height":315,"caption":"USP Marketing Consultancy"},"image":{"@id":"https:\/\/www.usp-research.com\/#\/schema\/logo\/image\/"},"sameAs":["https:\/\/www.linkedin.com\/company\/usp-marketing-consultancy\/","https:\/\/www.youtube.com\/@marketingconsultancy"]}]}},"_links":{"self":[{"href":"https:\/\/www.usp-research.com\/de\/wp-json\/wp\/v2\/pages\/10240","targetHints":{"allow":["GET"]}}],"collection":[{"href":"https:\/\/www.usp-research.com\/de\/wp-json\/wp\/v2\/pages"}],"about":[{"href":"https:\/\/www.usp-research.com\/de\/wp-json\/wp\/v2\/types\/page"}],"author":[{"embeddable":true,"href":"https:\/\/www.usp-research.com\/de\/wp-json\/wp\/v2\/users\/5"}],"replies":[{"embeddable":true,"href":"https:\/\/www.usp-research.com\/de\/wp-json\/wp\/v2\/comments?post=10240"}],"version-history":[{"count":9,"href":"https:\/\/www.usp-research.com\/de\/wp-json\/wp\/v2\/pages\/10240\/revisions"}],"predecessor-version":[{"id":13568,"href":"https:\/\/www.usp-research.com\/de\/wp-json\/wp\/v2\/pages\/10240\/revisions\/13568"}],"up":[{"embeddable":true,"href":"https:\/\/www.usp-research.com\/de\/wp-json\/wp\/v2\/pages\/10189"}],"wp:featuredmedia":[{"embeddable":true,"href":"https:\/\/www.usp-research.com\/de\/wp-json\/wp\/v2\/media\/10242"}],"wp:attachment":[{"href":"https:\/\/www.usp-research.com\/de\/wp-json\/wp\/v2\/media?parent=10240"}],"curies":[{"name":"wp","href":"https:\/\/api.w.org\/{rel}","templated":true}]}}