{"id":10228,"date":"2023-12-01T14:37:06","date_gmt":"2023-12-01T14:37:06","guid":{"rendered":"https:\/\/www.usp-research.com\/market-reports\/european-electrical-installation-monitor\/q1-2023-theme-topic-media-orientation\/"},"modified":"2025-04-08T16:01:45","modified_gmt":"2025-04-08T16:01:45","slug":"medienorientierung-q1-2023","status":"publish","type":"page","link":"https:\/\/www.usp-research.com\/de\/fertige-berichte\/europaeischer-elektroinstallationsmonitor\/medienorientierung-q1-2023\/","title":{"rendered":"Medienorientierung Q1 2023"},"content":{"rendered":"","protected":false},"excerpt":{"rendered":"<p>Das Verst\u00e4ndnis der Medienorientierung ist entscheidend f\u00fcr Unternehmen, die im Bereich der Elektroinstallation t\u00e4tig sind. In der heutigen digitalen \u00c4ra, in der sich die Medienkan\u00e4le st\u00e4ndig weiterentwickeln, ist es unerl\u00e4sslich, die effektivsten Plattformen zu identifizieren, um Zielgruppen zu erreichen und zu engagieren. Dieser Bericht bietet eine umfassende Analyse der Mediennutzung in der Branche und liefert umsetzbare Erkenntnisse, die wirkungsvolle Marketingkampagnen vorantreiben k\u00f6nnen.<\/p>\n","protected":false},"author":5,"featured_media":10229,"parent":10189,"menu_order":208,"comment_status":"closed","ping_status":"closed","template":"tpl-market-reports-single.php","meta":{"_acf_changed":false,"footnotes":""},"class_list":["post-10228","page","type-page","status-publish","has-post-thumbnail","hentry"],"acf":[],"yoast_head":"<!-- This site is optimized with the Yoast SEO plugin v27.0 - https:\/\/yoast.com\/product\/yoast-seo-wordpress\/ -->\n<title>Mediengewohnheiten von Elektroinstallateuren in Europa (Bericht Q1 2023) | USP<\/title>\n<meta name=\"description\" content=\"Entdecken Sie, wie europ\u00e4ische Elektroinstallateure Medien verbrauchen (USP: Electrical Installation Monitor \u2013 Q1 2023).\" \/>\n<meta name=\"robots\" content=\"index, follow, max-snippet:-1, max-image-preview:large, max-video-preview:-1\" \/>\n<meta property=\"og:locale\" content=\"de_DE\" \/>\n<meta property=\"og:type\" content=\"article\" \/>\n<meta property=\"og:title\" content=\"Mediengewohnheiten von Elektroinstallateuren in Europa (Bericht Q1 2023) | USP\" \/>\n<meta property=\"og:description\" content=\"Entdecken Sie, wie europ\u00e4ische Elektroinstallateure Medien verbrauchen (USP: Electrical Installation Monitor \u2013 Q1 2023).\" \/>\n<meta property=\"og:url\" content=\"https:\/\/www.usp-research.com\/de\/fertige-berichte\/europaeischer-elektroinstallationsmonitor\/medienorientierung-q1-2023\/\" \/>\n<meta property=\"og:site_name\" content=\"Usp\" \/>\n<meta property=\"article:modified_time\" content=\"2025-04-08T16:01:45+00:00\" \/>\n<meta property=\"og:image\" content=\"https:\/\/www.usp-research.com\/wp-content\/uploads\/2024\/01\/EEIM-Q1-1.png\" \/>\n\t<meta property=\"og:image:width\" content=\"1272\" \/>\n\t<meta property=\"og:image:height\" content=\"714\" \/>\n\t<meta property=\"og:image:type\" content=\"image\/png\" \/>\n<meta name=\"twitter:card\" content=\"summary_large_image\" \/>\n<meta name=\"twitter:label1\" content=\"Gesch\u00e4tzte Lesezeit\" \/>\n\t<meta name=\"twitter:data1\" content=\"1\u00a0Minute\" \/>\n<script type=\"application\/ld+json\" class=\"yoast-schema-graph\">{\"@context\":\"https:\/\/schema.org\",\"@graph\":[{\"@type\":\"WebPage\",\"@id\":\"https:\/\/www.usp-research.com\/de\/fertige-berichte\/europaeischer-elektroinstallationsmonitor\/medienorientierung-q1-2023\/\",\"url\":\"https:\/\/www.usp-research.com\/de\/fertige-berichte\/europaeischer-elektroinstallationsmonitor\/medienorientierung-q1-2023\/\",\"name\":\"Mediengewohnheiten von Elektroinstallateuren in Europa (Bericht Q1 2023) | USP\",\"isPartOf\":{\"@id\":\"https:\/\/www.usp-research.com\/#website\"},\"primaryImageOfPage\":{\"@id\":\"https:\/\/www.usp-research.com\/de\/fertige-berichte\/europaeischer-elektroinstallationsmonitor\/medienorientierung-q1-2023\/#primaryimage\"},\"image\":{\"@id\":\"https:\/\/www.usp-research.com\/de\/fertige-berichte\/europaeischer-elektroinstallationsmonitor\/medienorientierung-q1-2023\/#primaryimage\"},\"thumbnailUrl\":\"https:\/\/www.usp-research.com\/wp-content\/uploads\/2024\/01\/EEIM-Q1-1.png\",\"datePublished\":\"2023-12-01T14:37:06+00:00\",\"dateModified\":\"2025-04-08T16:01:45+00:00\",\"description\":\"Entdecken Sie, wie europ\u00e4ische Elektroinstallateure Medien verbrauchen (USP: Electrical Installation Monitor \u2013 Q1 2023).\",\"breadcrumb\":{\"@id\":\"https:\/\/www.usp-research.com\/de\/fertige-berichte\/europaeischer-elektroinstallationsmonitor\/medienorientierung-q1-2023\/#breadcrumb\"},\"inLanguage\":\"de\",\"potentialAction\":[{\"@type\":\"ReadAction\",\"target\":[\"https:\/\/www.usp-research.com\/de\/fertige-berichte\/europaeischer-elektroinstallationsmonitor\/medienorientierung-q1-2023\/\"]}]},{\"@type\":\"ImageObject\",\"inLanguage\":\"de\",\"@id\":\"https:\/\/www.usp-research.com\/de\/fertige-berichte\/europaeischer-elektroinstallationsmonitor\/medienorientierung-q1-2023\/#primaryimage\",\"url\":\"https:\/\/www.usp-research.com\/wp-content\/uploads\/2024\/01\/EEIM-Q1-1.png\",\"contentUrl\":\"https:\/\/www.usp-research.com\/wp-content\/uploads\/2024\/01\/EEIM-Q1-1.png\",\"width\":1272,\"height\":714},{\"@type\":\"BreadcrumbList\",\"@id\":\"https:\/\/www.usp-research.com\/de\/fertige-berichte\/europaeischer-elektroinstallationsmonitor\/medienorientierung-q1-2023\/#breadcrumb\",\"itemListElement\":[{\"@type\":\"ListItem\",\"position\":1,\"name\":\"Home\",\"item\":\"https:\/\/www.usp-research.com\/de\/\"},{\"@type\":\"ListItem\",\"position\":2,\"name\":\"Fertige Berichte\",\"item\":\"https:\/\/www.usp-research.com\/de\/fertige-berichte\/\"},{\"@type\":\"ListItem\",\"position\":3,\"name\":\"Europ\u00e4ischer Elektroinstallationsmonitor\",\"item\":\"https:\/\/www.usp-research.com\/de\/fertige-berichte\/europaeischer-elektroinstallationsmonitor\/\"},{\"@type\":\"ListItem\",\"position\":4,\"name\":\"Medienorientierung Q1 2023\"}]},{\"@type\":\"WebSite\",\"@id\":\"https:\/\/www.usp-research.com\/#website\",\"url\":\"https:\/\/www.usp-research.com\/\",\"name\":\"Usp\",\"description\":\"\",\"publisher\":{\"@id\":\"https:\/\/www.usp-research.com\/#organization\"},\"potentialAction\":[{\"@type\":\"SearchAction\",\"target\":{\"@type\":\"EntryPoint\",\"urlTemplate\":\"https:\/\/www.usp-research.com\/?s={search_term_string}\"},\"query-input\":{\"@type\":\"PropertyValueSpecification\",\"valueRequired\":true,\"valueName\":\"search_term_string\"}}],\"inLanguage\":\"de\"},{\"@type\":\"Organization\",\"@id\":\"https:\/\/www.usp-research.com\/#organization\",\"name\":\"USP Marketing Consultancy\",\"alternateName\":\"USP Research\",\"url\":\"https:\/\/www.usp-research.com\/\",\"logo\":{\"@type\":\"ImageObject\",\"inLanguage\":\"de\",\"@id\":\"https:\/\/www.usp-research.com\/#\/schema\/logo\/image\/\",\"url\":\"https:\/\/www.usp-research.com\/wp-content\/uploads\/2024\/02\/usp-marketing-logo.png\",\"contentUrl\":\"https:\/\/www.usp-research.com\/wp-content\/uploads\/2024\/02\/usp-marketing-logo.png\",\"width\":600,\"height\":315,\"caption\":\"USP Marketing Consultancy\"},\"image\":{\"@id\":\"https:\/\/www.usp-research.com\/#\/schema\/logo\/image\/\"},\"sameAs\":[\"https:\/\/www.linkedin.com\/company\/usp-marketing-consultancy\/\",\"https:\/\/www.youtube.com\/@marketingconsultancy\"]}]}<\/script>\n<!-- \/ Yoast SEO plugin. -->","yoast_head_json":{"title":"Mediengewohnheiten von Elektroinstallateuren in Europa (Bericht Q1 2023) | USP","description":"Entdecken Sie, wie europ\u00e4ische Elektroinstallateure Medien verbrauchen (USP: Electrical Installation Monitor \u2013 Q1 2023).","robots":{"index":"index","follow":"follow","max-snippet":"max-snippet:-1","max-image-preview":"max-image-preview:large","max-video-preview":"max-video-preview:-1"},"og_locale":"de_DE","og_type":"article","og_title":"Mediengewohnheiten von Elektroinstallateuren in Europa (Bericht Q1 2023) | USP","og_description":"Entdecken Sie, wie europ\u00e4ische Elektroinstallateure Medien verbrauchen (USP: Electrical Installation Monitor \u2013 Q1 2023).","og_url":"https:\/\/www.usp-research.com\/de\/fertige-berichte\/europaeischer-elektroinstallationsmonitor\/medienorientierung-q1-2023\/","og_site_name":"Usp","article_modified_time":"2025-04-08T16:01:45+00:00","og_image":[{"width":1272,"height":714,"url":"https:\/\/www.usp-research.com\/wp-content\/uploads\/2024\/01\/EEIM-Q1-1.png","type":"image\/png"}],"twitter_card":"summary_large_image","twitter_misc":{"Gesch\u00e4tzte Lesezeit":"1\u00a0Minute"},"schema":{"@context":"https:\/\/schema.org","@graph":[{"@type":"WebPage","@id":"https:\/\/www.usp-research.com\/de\/fertige-berichte\/europaeischer-elektroinstallationsmonitor\/medienorientierung-q1-2023\/","url":"https:\/\/www.usp-research.com\/de\/fertige-berichte\/europaeischer-elektroinstallationsmonitor\/medienorientierung-q1-2023\/","name":"Mediengewohnheiten von Elektroinstallateuren in Europa (Bericht Q1 2023) | USP","isPartOf":{"@id":"https:\/\/www.usp-research.com\/#website"},"primaryImageOfPage":{"@id":"https:\/\/www.usp-research.com\/de\/fertige-berichte\/europaeischer-elektroinstallationsmonitor\/medienorientierung-q1-2023\/#primaryimage"},"image":{"@id":"https:\/\/www.usp-research.com\/de\/fertige-berichte\/europaeischer-elektroinstallationsmonitor\/medienorientierung-q1-2023\/#primaryimage"},"thumbnailUrl":"https:\/\/www.usp-research.com\/wp-content\/uploads\/2024\/01\/EEIM-Q1-1.png","datePublished":"2023-12-01T14:37:06+00:00","dateModified":"2025-04-08T16:01:45+00:00","description":"Entdecken Sie, wie europ\u00e4ische Elektroinstallateure Medien verbrauchen (USP: Electrical Installation Monitor \u2013 Q1 2023).","breadcrumb":{"@id":"https:\/\/www.usp-research.com\/de\/fertige-berichte\/europaeischer-elektroinstallationsmonitor\/medienorientierung-q1-2023\/#breadcrumb"},"inLanguage":"de","potentialAction":[{"@type":"ReadAction","target":["https:\/\/www.usp-research.com\/de\/fertige-berichte\/europaeischer-elektroinstallationsmonitor\/medienorientierung-q1-2023\/"]}]},{"@type":"ImageObject","inLanguage":"de","@id":"https:\/\/www.usp-research.com\/de\/fertige-berichte\/europaeischer-elektroinstallationsmonitor\/medienorientierung-q1-2023\/#primaryimage","url":"https:\/\/www.usp-research.com\/wp-content\/uploads\/2024\/01\/EEIM-Q1-1.png","contentUrl":"https:\/\/www.usp-research.com\/wp-content\/uploads\/2024\/01\/EEIM-Q1-1.png","width":1272,"height":714},{"@type":"BreadcrumbList","@id":"https:\/\/www.usp-research.com\/de\/fertige-berichte\/europaeischer-elektroinstallationsmonitor\/medienorientierung-q1-2023\/#breadcrumb","itemListElement":[{"@type":"ListItem","position":1,"name":"Home","item":"https:\/\/www.usp-research.com\/de\/"},{"@type":"ListItem","position":2,"name":"Fertige Berichte","item":"https:\/\/www.usp-research.com\/de\/fertige-berichte\/"},{"@type":"ListItem","position":3,"name":"Europ\u00e4ischer Elektroinstallationsmonitor","item":"https:\/\/www.usp-research.com\/de\/fertige-berichte\/europaeischer-elektroinstallationsmonitor\/"},{"@type":"ListItem","position":4,"name":"Medienorientierung Q1 2023"}]},{"@type":"WebSite","@id":"https:\/\/www.usp-research.com\/#website","url":"https:\/\/www.usp-research.com\/","name":"Usp","description":"","publisher":{"@id":"https:\/\/www.usp-research.com\/#organization"},"potentialAction":[{"@type":"SearchAction","target":{"@type":"EntryPoint","urlTemplate":"https:\/\/www.usp-research.com\/?s={search_term_string}"},"query-input":{"@type":"PropertyValueSpecification","valueRequired":true,"valueName":"search_term_string"}}],"inLanguage":"de"},{"@type":"Organization","@id":"https:\/\/www.usp-research.com\/#organization","name":"USP Marketing Consultancy","alternateName":"USP Research","url":"https:\/\/www.usp-research.com\/","logo":{"@type":"ImageObject","inLanguage":"de","@id":"https:\/\/www.usp-research.com\/#\/schema\/logo\/image\/","url":"https:\/\/www.usp-research.com\/wp-content\/uploads\/2024\/02\/usp-marketing-logo.png","contentUrl":"https:\/\/www.usp-research.com\/wp-content\/uploads\/2024\/02\/usp-marketing-logo.png","width":600,"height":315,"caption":"USP Marketing Consultancy"},"image":{"@id":"https:\/\/www.usp-research.com\/#\/schema\/logo\/image\/"},"sameAs":["https:\/\/www.linkedin.com\/company\/usp-marketing-consultancy\/","https:\/\/www.youtube.com\/@marketingconsultancy"]}]}},"_links":{"self":[{"href":"https:\/\/www.usp-research.com\/de\/wp-json\/wp\/v2\/pages\/10228","targetHints":{"allow":["GET"]}}],"collection":[{"href":"https:\/\/www.usp-research.com\/de\/wp-json\/wp\/v2\/pages"}],"about":[{"href":"https:\/\/www.usp-research.com\/de\/wp-json\/wp\/v2\/types\/page"}],"author":[{"embeddable":true,"href":"https:\/\/www.usp-research.com\/de\/wp-json\/wp\/v2\/users\/5"}],"replies":[{"embeddable":true,"href":"https:\/\/www.usp-research.com\/de\/wp-json\/wp\/v2\/comments?post=10228"}],"version-history":[{"count":5,"href":"https:\/\/www.usp-research.com\/de\/wp-json\/wp\/v2\/pages\/10228\/revisions"}],"predecessor-version":[{"id":13504,"href":"https:\/\/www.usp-research.com\/de\/wp-json\/wp\/v2\/pages\/10228\/revisions\/13504"}],"up":[{"embeddable":true,"href":"https:\/\/www.usp-research.com\/de\/wp-json\/wp\/v2\/pages\/10189"}],"wp:featuredmedia":[{"embeddable":true,"href":"https:\/\/www.usp-research.com\/de\/wp-json\/wp\/v2\/media\/10229"}],"wp:attachment":[{"href":"https:\/\/www.usp-research.com\/de\/wp-json\/wp\/v2\/media?parent=10228"}],"curies":[{"name":"wp","href":"https:\/\/api.w.org\/{rel}","templated":true}]}}