{"id":10218,"date":"2023-12-01T14:51:47","date_gmt":"2023-12-01T14:51:47","guid":{"rendered":"https:\/\/www.usp-research.com\/market-reports\/european-electrical-installation-monitor\/q3-2023-bim\/"},"modified":"2025-04-07T14:00:52","modified_gmt":"2025-04-07T14:00:52","slug":"bim-q3-2023","status":"publish","type":"page","link":"https:\/\/www.usp-research.com\/de\/fertige-berichte\/europaeischer-elektroinstallationsmonitor\/bim-q3-2023\/","title":{"rendered":"BIM Q3 2023"},"content":{"rendered":"","protected":false},"excerpt":{"rendered":"<p>Dieser Bericht bietet einen umfassenden \u00dcberblick \u00fcber den Stand der BIM-Adaption unter Elektroinstallateuren in Europa. Im Bericht finden Sie Informationen \u00fcber die europ\u00e4ischen L\u00e4nder, in denen BIM unter Installateuren am meisten und am wenigsten genutzt wird, sowie Details zu den Arten von Projekten, bei denen BIM \u00fcberwiegend eingesetzt wird, und den Einnahmen aus BIM-bezogenen Projekten.<\/p>\n","protected":false},"author":5,"featured_media":10220,"parent":10189,"menu_order":173,"comment_status":"closed","ping_status":"closed","template":"tpl-market-reports-single.php","meta":{"_acf_changed":false,"footnotes":""},"class_list":["post-10218","page","type-page","status-publish","has-post-thumbnail","hentry"],"acf":[],"yoast_head":"<!-- This site is optimized with the Yoast SEO plugin v27.0 - https:\/\/yoast.com\/product\/yoast-seo-wordpress\/ -->\n<title>BIM-Einf\u00fchrung bei Elektroinstallateuren (Europa): Bericht Q3 2023 | USP<\/title>\n<meta name=\"description\" content=\"Entdecken Sie die BIM-Einf\u00fchrungsraten und Projekttypen bei europ\u00e4ischen Elektroinstallateuren sowie die erzielten Einnahmen (USP Q3 2023 Report)\" \/>\n<meta name=\"robots\" content=\"index, follow, max-snippet:-1, max-image-preview:large, max-video-preview:-1\" \/>\n<meta property=\"og:locale\" content=\"de_DE\" \/>\n<meta property=\"og:type\" content=\"article\" \/>\n<meta property=\"og:title\" content=\"BIM-Einf\u00fchrung bei Elektroinstallateuren (Europa): Bericht Q3 2023 | USP\" \/>\n<meta property=\"og:description\" content=\"Entdecken Sie die BIM-Einf\u00fchrungsraten und Projekttypen bei europ\u00e4ischen Elektroinstallateuren sowie die erzielten Einnahmen (USP Q3 2023 Report)\" \/>\n<meta property=\"og:url\" content=\"https:\/\/www.usp-research.com\/de\/fertige-berichte\/europaeischer-elektroinstallationsmonitor\/bim-q3-2023\/\" \/>\n<meta property=\"og:site_name\" content=\"Usp\" \/>\n<meta property=\"article:modified_time\" content=\"2025-04-07T14:00:52+00:00\" \/>\n<meta property=\"og:image\" content=\"https:\/\/www.usp-research.com\/wp-content\/uploads\/2024\/01\/EEIM-Q3-2023-1-3.png\" \/>\n\t<meta property=\"og:image:width\" content=\"1274\" \/>\n\t<meta property=\"og:image:height\" content=\"717\" \/>\n\t<meta property=\"og:image:type\" content=\"image\/png\" \/>\n<meta name=\"twitter:card\" content=\"summary_large_image\" \/>\n<meta name=\"twitter:label1\" content=\"Gesch\u00e4tzte Lesezeit\" \/>\n\t<meta name=\"twitter:data1\" content=\"1\u00a0Minute\" \/>\n<script type=\"application\/ld+json\" class=\"yoast-schema-graph\">{\"@context\":\"https:\/\/schema.org\",\"@graph\":[{\"@type\":\"WebPage\",\"@id\":\"https:\/\/www.usp-research.com\/de\/fertige-berichte\/europaeischer-elektroinstallationsmonitor\/bim-q3-2023\/\",\"url\":\"https:\/\/www.usp-research.com\/de\/fertige-berichte\/europaeischer-elektroinstallationsmonitor\/bim-q3-2023\/\",\"name\":\"BIM-Einf\u00fchrung bei Elektroinstallateuren (Europa): Bericht Q3 2023 | USP\",\"isPartOf\":{\"@id\":\"https:\/\/www.usp-research.com\/#website\"},\"primaryImageOfPage\":{\"@id\":\"https:\/\/www.usp-research.com\/de\/fertige-berichte\/europaeischer-elektroinstallationsmonitor\/bim-q3-2023\/#primaryimage\"},\"image\":{\"@id\":\"https:\/\/www.usp-research.com\/de\/fertige-berichte\/europaeischer-elektroinstallationsmonitor\/bim-q3-2023\/#primaryimage\"},\"thumbnailUrl\":\"https:\/\/www.usp-research.com\/wp-content\/uploads\/2024\/01\/EEIM-Q3-2023-1-3.png\",\"datePublished\":\"2023-12-01T14:51:47+00:00\",\"dateModified\":\"2025-04-07T14:00:52+00:00\",\"description\":\"Entdecken Sie die BIM-Einf\u00fchrungsraten und Projekttypen bei europ\u00e4ischen Elektroinstallateuren sowie die erzielten Einnahmen (USP Q3 2023 Report)\",\"breadcrumb\":{\"@id\":\"https:\/\/www.usp-research.com\/de\/fertige-berichte\/europaeischer-elektroinstallationsmonitor\/bim-q3-2023\/#breadcrumb\"},\"inLanguage\":\"de\",\"potentialAction\":[{\"@type\":\"ReadAction\",\"target\":[\"https:\/\/www.usp-research.com\/de\/fertige-berichte\/europaeischer-elektroinstallationsmonitor\/bim-q3-2023\/\"]}]},{\"@type\":\"ImageObject\",\"inLanguage\":\"de\",\"@id\":\"https:\/\/www.usp-research.com\/de\/fertige-berichte\/europaeischer-elektroinstallationsmonitor\/bim-q3-2023\/#primaryimage\",\"url\":\"https:\/\/www.usp-research.com\/wp-content\/uploads\/2024\/01\/EEIM-Q3-2023-1-3.png\",\"contentUrl\":\"https:\/\/www.usp-research.com\/wp-content\/uploads\/2024\/01\/EEIM-Q3-2023-1-3.png\",\"width\":1274,\"height\":717},{\"@type\":\"BreadcrumbList\",\"@id\":\"https:\/\/www.usp-research.com\/de\/fertige-berichte\/europaeischer-elektroinstallationsmonitor\/bim-q3-2023\/#breadcrumb\",\"itemListElement\":[{\"@type\":\"ListItem\",\"position\":1,\"name\":\"Home\",\"item\":\"https:\/\/www.usp-research.com\/de\/\"},{\"@type\":\"ListItem\",\"position\":2,\"name\":\"Fertige Berichte\",\"item\":\"https:\/\/www.usp-research.com\/de\/fertige-berichte\/\"},{\"@type\":\"ListItem\",\"position\":3,\"name\":\"Europ\u00e4ischer Elektroinstallationsmonitor\",\"item\":\"https:\/\/www.usp-research.com\/de\/fertige-berichte\/europaeischer-elektroinstallationsmonitor\/\"},{\"@type\":\"ListItem\",\"position\":4,\"name\":\"BIM Q3 2023\"}]},{\"@type\":\"WebSite\",\"@id\":\"https:\/\/www.usp-research.com\/#website\",\"url\":\"https:\/\/www.usp-research.com\/\",\"name\":\"Usp\",\"description\":\"\",\"publisher\":{\"@id\":\"https:\/\/www.usp-research.com\/#organization\"},\"potentialAction\":[{\"@type\":\"SearchAction\",\"target\":{\"@type\":\"EntryPoint\",\"urlTemplate\":\"https:\/\/www.usp-research.com\/?s={search_term_string}\"},\"query-input\":{\"@type\":\"PropertyValueSpecification\",\"valueRequired\":true,\"valueName\":\"search_term_string\"}}],\"inLanguage\":\"de\"},{\"@type\":\"Organization\",\"@id\":\"https:\/\/www.usp-research.com\/#organization\",\"name\":\"USP Marketing Consultancy\",\"alternateName\":\"USP Research\",\"url\":\"https:\/\/www.usp-research.com\/\",\"logo\":{\"@type\":\"ImageObject\",\"inLanguage\":\"de\",\"@id\":\"https:\/\/www.usp-research.com\/#\/schema\/logo\/image\/\",\"url\":\"https:\/\/www.usp-research.com\/wp-content\/uploads\/2024\/02\/usp-marketing-logo.png\",\"contentUrl\":\"https:\/\/www.usp-research.com\/wp-content\/uploads\/2024\/02\/usp-marketing-logo.png\",\"width\":600,\"height\":315,\"caption\":\"USP Marketing Consultancy\"},\"image\":{\"@id\":\"https:\/\/www.usp-research.com\/#\/schema\/logo\/image\/\"},\"sameAs\":[\"https:\/\/www.linkedin.com\/company\/usp-marketing-consultancy\/\",\"https:\/\/www.youtube.com\/@marketingconsultancy\"]}]}<\/script>\n<!-- \/ Yoast SEO plugin. -->","yoast_head_json":{"title":"BIM-Einf\u00fchrung bei Elektroinstallateuren (Europa): Bericht Q3 2023 | USP","description":"Entdecken Sie die BIM-Einf\u00fchrungsraten und Projekttypen bei europ\u00e4ischen Elektroinstallateuren sowie die erzielten Einnahmen (USP Q3 2023 Report)","robots":{"index":"index","follow":"follow","max-snippet":"max-snippet:-1","max-image-preview":"max-image-preview:large","max-video-preview":"max-video-preview:-1"},"og_locale":"de_DE","og_type":"article","og_title":"BIM-Einf\u00fchrung bei Elektroinstallateuren (Europa): Bericht Q3 2023 | USP","og_description":"Entdecken Sie die BIM-Einf\u00fchrungsraten und Projekttypen bei europ\u00e4ischen Elektroinstallateuren sowie die erzielten Einnahmen (USP Q3 2023 Report)","og_url":"https:\/\/www.usp-research.com\/de\/fertige-berichte\/europaeischer-elektroinstallationsmonitor\/bim-q3-2023\/","og_site_name":"Usp","article_modified_time":"2025-04-07T14:00:52+00:00","og_image":[{"width":1274,"height":717,"url":"https:\/\/www.usp-research.com\/wp-content\/uploads\/2024\/01\/EEIM-Q3-2023-1-3.png","type":"image\/png"}],"twitter_card":"summary_large_image","twitter_misc":{"Gesch\u00e4tzte Lesezeit":"1\u00a0Minute"},"schema":{"@context":"https:\/\/schema.org","@graph":[{"@type":"WebPage","@id":"https:\/\/www.usp-research.com\/de\/fertige-berichte\/europaeischer-elektroinstallationsmonitor\/bim-q3-2023\/","url":"https:\/\/www.usp-research.com\/de\/fertige-berichte\/europaeischer-elektroinstallationsmonitor\/bim-q3-2023\/","name":"BIM-Einf\u00fchrung bei Elektroinstallateuren (Europa): Bericht Q3 2023 | USP","isPartOf":{"@id":"https:\/\/www.usp-research.com\/#website"},"primaryImageOfPage":{"@id":"https:\/\/www.usp-research.com\/de\/fertige-berichte\/europaeischer-elektroinstallationsmonitor\/bim-q3-2023\/#primaryimage"},"image":{"@id":"https:\/\/www.usp-research.com\/de\/fertige-berichte\/europaeischer-elektroinstallationsmonitor\/bim-q3-2023\/#primaryimage"},"thumbnailUrl":"https:\/\/www.usp-research.com\/wp-content\/uploads\/2024\/01\/EEIM-Q3-2023-1-3.png","datePublished":"2023-12-01T14:51:47+00:00","dateModified":"2025-04-07T14:00:52+00:00","description":"Entdecken Sie die BIM-Einf\u00fchrungsraten und Projekttypen bei europ\u00e4ischen Elektroinstallateuren sowie die erzielten Einnahmen (USP Q3 2023 Report)","breadcrumb":{"@id":"https:\/\/www.usp-research.com\/de\/fertige-berichte\/europaeischer-elektroinstallationsmonitor\/bim-q3-2023\/#breadcrumb"},"inLanguage":"de","potentialAction":[{"@type":"ReadAction","target":["https:\/\/www.usp-research.com\/de\/fertige-berichte\/europaeischer-elektroinstallationsmonitor\/bim-q3-2023\/"]}]},{"@type":"ImageObject","inLanguage":"de","@id":"https:\/\/www.usp-research.com\/de\/fertige-berichte\/europaeischer-elektroinstallationsmonitor\/bim-q3-2023\/#primaryimage","url":"https:\/\/www.usp-research.com\/wp-content\/uploads\/2024\/01\/EEIM-Q3-2023-1-3.png","contentUrl":"https:\/\/www.usp-research.com\/wp-content\/uploads\/2024\/01\/EEIM-Q3-2023-1-3.png","width":1274,"height":717},{"@type":"BreadcrumbList","@id":"https:\/\/www.usp-research.com\/de\/fertige-berichte\/europaeischer-elektroinstallationsmonitor\/bim-q3-2023\/#breadcrumb","itemListElement":[{"@type":"ListItem","position":1,"name":"Home","item":"https:\/\/www.usp-research.com\/de\/"},{"@type":"ListItem","position":2,"name":"Fertige Berichte","item":"https:\/\/www.usp-research.com\/de\/fertige-berichte\/"},{"@type":"ListItem","position":3,"name":"Europ\u00e4ischer Elektroinstallationsmonitor","item":"https:\/\/www.usp-research.com\/de\/fertige-berichte\/europaeischer-elektroinstallationsmonitor\/"},{"@type":"ListItem","position":4,"name":"BIM Q3 2023"}]},{"@type":"WebSite","@id":"https:\/\/www.usp-research.com\/#website","url":"https:\/\/www.usp-research.com\/","name":"Usp","description":"","publisher":{"@id":"https:\/\/www.usp-research.com\/#organization"},"potentialAction":[{"@type":"SearchAction","target":{"@type":"EntryPoint","urlTemplate":"https:\/\/www.usp-research.com\/?s={search_term_string}"},"query-input":{"@type":"PropertyValueSpecification","valueRequired":true,"valueName":"search_term_string"}}],"inLanguage":"de"},{"@type":"Organization","@id":"https:\/\/www.usp-research.com\/#organization","name":"USP Marketing Consultancy","alternateName":"USP Research","url":"https:\/\/www.usp-research.com\/","logo":{"@type":"ImageObject","inLanguage":"de","@id":"https:\/\/www.usp-research.com\/#\/schema\/logo\/image\/","url":"https:\/\/www.usp-research.com\/wp-content\/uploads\/2024\/02\/usp-marketing-logo.png","contentUrl":"https:\/\/www.usp-research.com\/wp-content\/uploads\/2024\/02\/usp-marketing-logo.png","width":600,"height":315,"caption":"USP Marketing Consultancy"},"image":{"@id":"https:\/\/www.usp-research.com\/#\/schema\/logo\/image\/"},"sameAs":["https:\/\/www.linkedin.com\/company\/usp-marketing-consultancy\/","https:\/\/www.youtube.com\/@marketingconsultancy"]}]}},"_links":{"self":[{"href":"https:\/\/www.usp-research.com\/de\/wp-json\/wp\/v2\/pages\/10218","targetHints":{"allow":["GET"]}}],"collection":[{"href":"https:\/\/www.usp-research.com\/de\/wp-json\/wp\/v2\/pages"}],"about":[{"href":"https:\/\/www.usp-research.com\/de\/wp-json\/wp\/v2\/types\/page"}],"author":[{"embeddable":true,"href":"https:\/\/www.usp-research.com\/de\/wp-json\/wp\/v2\/users\/5"}],"replies":[{"embeddable":true,"href":"https:\/\/www.usp-research.com\/de\/wp-json\/wp\/v2\/comments?post=10218"}],"version-history":[{"count":7,"href":"https:\/\/www.usp-research.com\/de\/wp-json\/wp\/v2\/pages\/10218\/revisions"}],"predecessor-version":[{"id":13498,"href":"https:\/\/www.usp-research.com\/de\/wp-json\/wp\/v2\/pages\/10218\/revisions\/13498"}],"up":[{"embeddable":true,"href":"https:\/\/www.usp-research.com\/de\/wp-json\/wp\/v2\/pages\/10189"}],"wp:featuredmedia":[{"embeddable":true,"href":"https:\/\/www.usp-research.com\/de\/wp-json\/wp\/v2\/media\/10220"}],"wp:attachment":[{"href":"https:\/\/www.usp-research.com\/de\/wp-json\/wp\/v2\/media?parent=10218"}],"curies":[{"name":"wp","href":"https:\/\/api.w.org\/{rel}","templated":true}]}}