{"id":10189,"date":"2023-12-01T13:04:27","date_gmt":"2023-12-01T13:04:27","guid":{"rendered":"https:\/\/www.usp-research.com\/market-reports\/european-electrical-installation-monitor\/"},"modified":"2025-04-07T14:23:06","modified_gmt":"2025-04-07T14:23:06","slug":"europaeischer-elektroinstallationsmonitor","status":"publish","type":"page","link":"https:\/\/www.usp-research.com\/de\/fertige-berichte\/europaeischer-elektroinstallationsmonitor\/","title":{"rendered":"Europ\u00e4ischer Elektroinstallationsmonitor"},"content":{"rendered":"","protected":false},"excerpt":{"rendered":"<p>Der Europ\u00e4ische Elektroinstallationsmonitor ist eine viertelj\u00e4hrliche Forschung, die sich an europ\u00e4ische Elektroinstallateure richtet. Jedes Jahr werden 3.000 Telefoninterviews mit Elektroinstallateuren durchgef\u00fchrt und es werden 4 Berichte ver\u00f6ffentlicht. Jeder Bericht behandelt ein wichtiges Marketingthema, wie beispielsweise Mediennutzung, Einkaufskan\u00e4le, intelligente Geb\u00e4ude, Nachhaltigkeit und viele weitere. Neben den wichtigsten Einblicken in Markttrends enthalten die Berichte auch Informationen \u00fcber den Auftragsbestand und die Umsatzentwicklungen der Elektroinstallationsunternehmen.<\/p>\n","protected":false},"author":5,"featured_media":9366,"parent":10153,"menu_order":208,"comment_status":"closed","ping_status":"closed","template":"tpl-market-reports-category.php","meta":{"_acf_changed":false,"footnotes":""},"class_list":["post-10189","page","type-page","status-publish","has-post-thumbnail","hentry"],"acf":[],"yoast_head":"<!-- This site is optimized with the Yoast SEO plugin v27.0 - https:\/\/yoast.com\/product\/yoast-seo-wordpress\/ -->\n<title>Europ\u00e4ischer Elektroinstallationsmonitor: Marktforschungsbericht | USP<\/title>\n<meta name=\"description\" content=\"Der European Electrical Installation Monitor ist eine viertelj\u00e4hrlich erscheinende Studie, die sich an europ\u00e4ische Elektroinstallateure richtet. Entdecken Sie Trends und Erkenntnisse.\" \/>\n<meta name=\"robots\" content=\"index, follow, max-snippet:-1, max-image-preview:large, max-video-preview:-1\" \/>\n<meta property=\"og:locale\" content=\"de_DE\" \/>\n<meta property=\"og:type\" content=\"article\" \/>\n<meta property=\"og:title\" content=\"Europ\u00e4ischer Elektroinstallationsmonitor: Marktforschungsbericht | USP\" \/>\n<meta property=\"og:description\" content=\"Der European Electrical Installation Monitor ist eine viertelj\u00e4hrlich erscheinende Studie, die sich an europ\u00e4ische Elektroinstallateure richtet. Entdecken Sie Trends und Erkenntnisse.\" \/>\n<meta property=\"og:url\" content=\"https:\/\/www.usp-research.com\/de\/fertige-berichte\/europaeischer-elektroinstallationsmonitor\/\" \/>\n<meta property=\"og:site_name\" content=\"Usp\" \/>\n<meta property=\"article:modified_time\" content=\"2025-04-07T14:23:06+00:00\" \/>\n<meta property=\"og:image\" content=\"https:\/\/www.usp-research.com\/wp-content\/uploads\/2024\/02\/pexels-kindel-media-9875418-scaled.jpg\" \/>\n\t<meta property=\"og:image:width\" content=\"2560\" \/>\n\t<meta property=\"og:image:height\" content=\"1920\" \/>\n\t<meta property=\"og:image:type\" content=\"image\/jpeg\" \/>\n<meta name=\"twitter:card\" content=\"summary_large_image\" \/>\n<meta name=\"twitter:label1\" content=\"Gesch\u00e4tzte Lesezeit\" \/>\n\t<meta name=\"twitter:data1\" content=\"1\u00a0Minute\" \/>\n<script type=\"application\/ld+json\" class=\"yoast-schema-graph\">{\"@context\":\"https:\/\/schema.org\",\"@graph\":[{\"@type\":\"WebPage\",\"@id\":\"https:\/\/www.usp-research.com\/de\/fertige-berichte\/europaeischer-elektroinstallationsmonitor\/\",\"url\":\"https:\/\/www.usp-research.com\/de\/fertige-berichte\/europaeischer-elektroinstallationsmonitor\/\",\"name\":\"Europ\u00e4ischer Elektroinstallationsmonitor: Marktforschungsbericht | USP\",\"isPartOf\":{\"@id\":\"https:\/\/www.usp-research.com\/#website\"},\"primaryImageOfPage\":{\"@id\":\"https:\/\/www.usp-research.com\/de\/fertige-berichte\/europaeischer-elektroinstallationsmonitor\/#primaryimage\"},\"image\":{\"@id\":\"https:\/\/www.usp-research.com\/de\/fertige-berichte\/europaeischer-elektroinstallationsmonitor\/#primaryimage\"},\"thumbnailUrl\":\"https:\/\/www.usp-research.com\/wp-content\/uploads\/2024\/02\/pexels-kindel-media-9875418-scaled.jpg\",\"datePublished\":\"2023-12-01T13:04:27+00:00\",\"dateModified\":\"2025-04-07T14:23:06+00:00\",\"description\":\"Der European Electrical Installation Monitor ist eine viertelj\u00e4hrlich erscheinende Studie, die sich an europ\u00e4ische Elektroinstallateure richtet. Entdecken Sie Trends und Erkenntnisse.\",\"breadcrumb\":{\"@id\":\"https:\/\/www.usp-research.com\/de\/fertige-berichte\/europaeischer-elektroinstallationsmonitor\/#breadcrumb\"},\"inLanguage\":\"de\",\"potentialAction\":[{\"@type\":\"ReadAction\",\"target\":[\"https:\/\/www.usp-research.com\/de\/fertige-berichte\/europaeischer-elektroinstallationsmonitor\/\"]}]},{\"@type\":\"ImageObject\",\"inLanguage\":\"de\",\"@id\":\"https:\/\/www.usp-research.com\/de\/fertige-berichte\/europaeischer-elektroinstallationsmonitor\/#primaryimage\",\"url\":\"https:\/\/www.usp-research.com\/wp-content\/uploads\/2024\/02\/pexels-kindel-media-9875418-scaled.jpg\",\"contentUrl\":\"https:\/\/www.usp-research.com\/wp-content\/uploads\/2024\/02\/pexels-kindel-media-9875418-scaled.jpg\",\"width\":2560,\"height\":1920},{\"@type\":\"BreadcrumbList\",\"@id\":\"https:\/\/www.usp-research.com\/de\/fertige-berichte\/europaeischer-elektroinstallationsmonitor\/#breadcrumb\",\"itemListElement\":[{\"@type\":\"ListItem\",\"position\":1,\"name\":\"Home\",\"item\":\"https:\/\/www.usp-research.com\/de\/\"},{\"@type\":\"ListItem\",\"position\":2,\"name\":\"Fertige Berichte\",\"item\":\"https:\/\/www.usp-research.com\/de\/fertige-berichte\/\"},{\"@type\":\"ListItem\",\"position\":3,\"name\":\"Europ\u00e4ischer Elektroinstallationsmonitor\"}]},{\"@type\":\"WebSite\",\"@id\":\"https:\/\/www.usp-research.com\/#website\",\"url\":\"https:\/\/www.usp-research.com\/\",\"name\":\"Usp\",\"description\":\"\",\"publisher\":{\"@id\":\"https:\/\/www.usp-research.com\/#organization\"},\"potentialAction\":[{\"@type\":\"SearchAction\",\"target\":{\"@type\":\"EntryPoint\",\"urlTemplate\":\"https:\/\/www.usp-research.com\/?s={search_term_string}\"},\"query-input\":{\"@type\":\"PropertyValueSpecification\",\"valueRequired\":true,\"valueName\":\"search_term_string\"}}],\"inLanguage\":\"de\"},{\"@type\":\"Organization\",\"@id\":\"https:\/\/www.usp-research.com\/#organization\",\"name\":\"USP Marketing Consultancy\",\"alternateName\":\"USP Research\",\"url\":\"https:\/\/www.usp-research.com\/\",\"logo\":{\"@type\":\"ImageObject\",\"inLanguage\":\"de\",\"@id\":\"https:\/\/www.usp-research.com\/#\/schema\/logo\/image\/\",\"url\":\"https:\/\/www.usp-research.com\/wp-content\/uploads\/2024\/02\/usp-marketing-logo.png\",\"contentUrl\":\"https:\/\/www.usp-research.com\/wp-content\/uploads\/2024\/02\/usp-marketing-logo.png\",\"width\":600,\"height\":315,\"caption\":\"USP Marketing Consultancy\"},\"image\":{\"@id\":\"https:\/\/www.usp-research.com\/#\/schema\/logo\/image\/\"},\"sameAs\":[\"https:\/\/www.linkedin.com\/company\/usp-marketing-consultancy\/\",\"https:\/\/www.youtube.com\/@marketingconsultancy\"]}]}<\/script>\n<!-- \/ Yoast SEO plugin. -->","yoast_head_json":{"title":"Europ\u00e4ischer Elektroinstallationsmonitor: Marktforschungsbericht | USP","description":"Der European Electrical Installation Monitor ist eine viertelj\u00e4hrlich erscheinende Studie, die sich an europ\u00e4ische Elektroinstallateure richtet. Entdecken Sie Trends und Erkenntnisse.","robots":{"index":"index","follow":"follow","max-snippet":"max-snippet:-1","max-image-preview":"max-image-preview:large","max-video-preview":"max-video-preview:-1"},"og_locale":"de_DE","og_type":"article","og_title":"Europ\u00e4ischer Elektroinstallationsmonitor: Marktforschungsbericht | USP","og_description":"Der European Electrical Installation Monitor ist eine viertelj\u00e4hrlich erscheinende Studie, die sich an europ\u00e4ische Elektroinstallateure richtet. Entdecken Sie Trends und Erkenntnisse.","og_url":"https:\/\/www.usp-research.com\/de\/fertige-berichte\/europaeischer-elektroinstallationsmonitor\/","og_site_name":"Usp","article_modified_time":"2025-04-07T14:23:06+00:00","og_image":[{"width":2560,"height":1920,"url":"https:\/\/www.usp-research.com\/wp-content\/uploads\/2024\/02\/pexels-kindel-media-9875418-scaled.jpg","type":"image\/jpeg"}],"twitter_card":"summary_large_image","twitter_misc":{"Gesch\u00e4tzte Lesezeit":"1\u00a0Minute"},"schema":{"@context":"https:\/\/schema.org","@graph":[{"@type":"WebPage","@id":"https:\/\/www.usp-research.com\/de\/fertige-berichte\/europaeischer-elektroinstallationsmonitor\/","url":"https:\/\/www.usp-research.com\/de\/fertige-berichte\/europaeischer-elektroinstallationsmonitor\/","name":"Europ\u00e4ischer Elektroinstallationsmonitor: Marktforschungsbericht | USP","isPartOf":{"@id":"https:\/\/www.usp-research.com\/#website"},"primaryImageOfPage":{"@id":"https:\/\/www.usp-research.com\/de\/fertige-berichte\/europaeischer-elektroinstallationsmonitor\/#primaryimage"},"image":{"@id":"https:\/\/www.usp-research.com\/de\/fertige-berichte\/europaeischer-elektroinstallationsmonitor\/#primaryimage"},"thumbnailUrl":"https:\/\/www.usp-research.com\/wp-content\/uploads\/2024\/02\/pexels-kindel-media-9875418-scaled.jpg","datePublished":"2023-12-01T13:04:27+00:00","dateModified":"2025-04-07T14:23:06+00:00","description":"Der European Electrical Installation Monitor ist eine viertelj\u00e4hrlich erscheinende Studie, die sich an europ\u00e4ische Elektroinstallateure richtet. Entdecken Sie Trends und Erkenntnisse.","breadcrumb":{"@id":"https:\/\/www.usp-research.com\/de\/fertige-berichte\/europaeischer-elektroinstallationsmonitor\/#breadcrumb"},"inLanguage":"de","potentialAction":[{"@type":"ReadAction","target":["https:\/\/www.usp-research.com\/de\/fertige-berichte\/europaeischer-elektroinstallationsmonitor\/"]}]},{"@type":"ImageObject","inLanguage":"de","@id":"https:\/\/www.usp-research.com\/de\/fertige-berichte\/europaeischer-elektroinstallationsmonitor\/#primaryimage","url":"https:\/\/www.usp-research.com\/wp-content\/uploads\/2024\/02\/pexels-kindel-media-9875418-scaled.jpg","contentUrl":"https:\/\/www.usp-research.com\/wp-content\/uploads\/2024\/02\/pexels-kindel-media-9875418-scaled.jpg","width":2560,"height":1920},{"@type":"BreadcrumbList","@id":"https:\/\/www.usp-research.com\/de\/fertige-berichte\/europaeischer-elektroinstallationsmonitor\/#breadcrumb","itemListElement":[{"@type":"ListItem","position":1,"name":"Home","item":"https:\/\/www.usp-research.com\/de\/"},{"@type":"ListItem","position":2,"name":"Fertige Berichte","item":"https:\/\/www.usp-research.com\/de\/fertige-berichte\/"},{"@type":"ListItem","position":3,"name":"Europ\u00e4ischer Elektroinstallationsmonitor"}]},{"@type":"WebSite","@id":"https:\/\/www.usp-research.com\/#website","url":"https:\/\/www.usp-research.com\/","name":"Usp","description":"","publisher":{"@id":"https:\/\/www.usp-research.com\/#organization"},"potentialAction":[{"@type":"SearchAction","target":{"@type":"EntryPoint","urlTemplate":"https:\/\/www.usp-research.com\/?s={search_term_string}"},"query-input":{"@type":"PropertyValueSpecification","valueRequired":true,"valueName":"search_term_string"}}],"inLanguage":"de"},{"@type":"Organization","@id":"https:\/\/www.usp-research.com\/#organization","name":"USP Marketing Consultancy","alternateName":"USP Research","url":"https:\/\/www.usp-research.com\/","logo":{"@type":"ImageObject","inLanguage":"de","@id":"https:\/\/www.usp-research.com\/#\/schema\/logo\/image\/","url":"https:\/\/www.usp-research.com\/wp-content\/uploads\/2024\/02\/usp-marketing-logo.png","contentUrl":"https:\/\/www.usp-research.com\/wp-content\/uploads\/2024\/02\/usp-marketing-logo.png","width":600,"height":315,"caption":"USP Marketing Consultancy"},"image":{"@id":"https:\/\/www.usp-research.com\/#\/schema\/logo\/image\/"},"sameAs":["https:\/\/www.linkedin.com\/company\/usp-marketing-consultancy\/","https:\/\/www.youtube.com\/@marketingconsultancy"]}]}},"_links":{"self":[{"href":"https:\/\/www.usp-research.com\/de\/wp-json\/wp\/v2\/pages\/10189","targetHints":{"allow":["GET"]}}],"collection":[{"href":"https:\/\/www.usp-research.com\/de\/wp-json\/wp\/v2\/pages"}],"about":[{"href":"https:\/\/www.usp-research.com\/de\/wp-json\/wp\/v2\/types\/page"}],"author":[{"embeddable":true,"href":"https:\/\/www.usp-research.com\/de\/wp-json\/wp\/v2\/users\/5"}],"replies":[{"embeddable":true,"href":"https:\/\/www.usp-research.com\/de\/wp-json\/wp\/v2\/comments?post=10189"}],"version-history":[{"count":8,"href":"https:\/\/www.usp-research.com\/de\/wp-json\/wp\/v2\/pages\/10189\/revisions"}],"predecessor-version":[{"id":12288,"href":"https:\/\/www.usp-research.com\/de\/wp-json\/wp\/v2\/pages\/10189\/revisions\/12288"}],"up":[{"embeddable":true,"href":"https:\/\/www.usp-research.com\/de\/wp-json\/wp\/v2\/pages\/10153"}],"wp:featuredmedia":[{"embeddable":true,"href":"https:\/\/www.usp-research.com\/de\/wp-json\/wp\/v2\/media\/9366"}],"wp:attachment":[{"href":"https:\/\/www.usp-research.com\/de\/wp-json\/wp\/v2\/media?parent=10189"}],"curies":[{"name":"wp","href":"https:\/\/api.w.org\/{rel}","templated":true}]}}