{"id":10096,"date":"2024-08-13T11:07:18","date_gmt":"2024-08-13T11:07:18","guid":{"rendered":"https:\/\/www.usp-research.com\/terms-conditions\/"},"modified":"2025-04-14T07:15:22","modified_gmt":"2025-04-14T07:15:22","slug":"allgemeine-geschaeftsbedingungen","status":"publish","type":"page","link":"https:\/\/www.usp-research.com\/de\/allgemeine-geschaeftsbedingungen\/","title":{"rendered":"Allgemeine Gesch\u00e4ftsbedingungen"},"content":{"rendered":"<p><strong>Artikel 1 \u2013 Allgemeines<\/strong><\/p>\n<p>Diese allgemeinen Gesch\u00e4ftsbedingungen gelten f\u00fcr alle Auftr\u00e4ge von Auftraggebern, die von der USP Marketing Consultancy B.V. (\u201eUSP\u201c) angenommen werden.<\/p>\n<p><strong>Artikel 2 \u2013 Auftragsannahme<\/strong><\/p>\n<p>[1] USP f\u00fchrt im Auftrag exklusive Umfragen und Multi-Client-Umfragen durch.<\/p>\n<p>[2] Bevor USP einen Auftrag zur Durchf\u00fchrung einer exklusiven Umfrage annimmt, legt USP einen Umfragevorschlag vor. Dieser Umfragevorschlag besteht aus: einer Problembeschreibung, den Forschungsfragen, einem Aktionsplan, einem Zeitrahmen (aufgewendete Zeit) und den Kosten der Umfrage.<\/p>\n<p>[3] Der Forschungsantrag basiert auf den Informationen, die USP zur Verf\u00fcgung gestellt wurden. Der Auftraggeber garantiert, dass alle Informationen, die f\u00fcr die Erstellung des Forschungsantrags relevant sind, USP bereitgestellt wurden.<\/p>\n<p>[4] Der Forschungsantrag wird durch die Unterzeichnung durch den Auftraggeber akzeptiert. Damit beauftragt er die Durchf\u00fchrung einer exklusiven Umfrage.<\/p>\n<p>[5] Ein Auftraggeber beauftragt eine Multi-Client-Umfrage, indem er USP mittels eines Anmeldeformulars den Auftrag erteilt, eine solche Umfrage auch zu seinem Vorteil durchzuf\u00fchren.<\/p>\n<p><strong>Artikel 3 \u2013 Durchf\u00fchrung und Berichterstattung<\/strong><\/p>\n<p>[1] USP bem\u00fcht sich, seine Auftr\u00e4ge nach bestem Wissen und Gewissen auszuf\u00fchren. USP berichtet dem Auftraggeber die Ergebnisse seiner Forschung sowie seine Ratschl\u00e4ge und Schlussfolgerungen, die auf den Ergebnissen seiner Forschung basieren. Die Ergebnisse der Anwendung und Nutzung der Schlussfolgerungen, Ratschl\u00e4ge und Ergebnisse der von USP durchgef\u00fchrten Forschung h\u00e4ngen von vielen Faktoren ab, die au\u00dferhalb des Einflussbereichs von USP liegen. USP ist nicht an der Anwendung und Nutzung der Schlussfolgerungen, Ratschl\u00e4ge und Ergebnisse der Forschung oder der durch diese erzielten Ergebnisse beteiligt und tr\u00e4gt daf\u00fcr keine Verantwortung.<\/p>\n<p>[2] W\u00e4hrend der Durchf\u00fchrung eines exklusiven Auftrags kann es erforderlich sein, dass USP von dem Forschungsantrag abweichen muss, um den Auftrag nach bestem Wissen und Gewissen auszuf\u00fchren. In diesem Fall wird USP R\u00fccksprache mit dem Auftraggeber halten. Die Ausf\u00fchrung des Auftrags wird wieder aufgenommen, sobald der Auftraggeber einen ge\u00e4nderten Forschungsantrag gem\u00e4\u00df Artikel 1 akzeptiert hat. USP ist nicht verpflichtet und kann nicht zur Durchf\u00fchrung des Auftrags in seiner unver\u00e4nderten Form herangezogen werden.<\/p>\n<p>[3] Der Auftraggeber garantiert, dass alle Dokumente und Daten, die USP ben\u00f6tigt, um einen exklusiven Auftrag gem\u00e4\u00df der vereinbarten Planung durchzuf\u00fchren, rechtzeitig zur Verf\u00fcgung gestellt werden. Der Auftraggeber garantiert zudem die Verf\u00fcgbarkeit der an den Aktivit\u00e4ten beteiligten Mitarbeiter gem\u00e4\u00df der vereinbarten Planung.<\/p>\n<p>[4] Der Auftraggeber wird keine Dritten in die Durchf\u00fchrung eines Auftrags einbeziehen, es sei denn, dies wurde schriftlich mit USP vereinbart.<\/p>\n<p>[5] USP kann w\u00e4hrend der Durchf\u00fchrung des Auftrags die Zusammensetzung seines Forschungsteams \u00e4ndern, wenn dies f\u00fcr notwendig erachtet wird.<\/p>\n<p>[6] USP hat das Recht, Dritte (\u201eHilfspersonen\u201c) zur Durchf\u00fchrung des Auftrags heranzuziehen, ohne vorherige R\u00fccksprache mit dem Auftraggeber.<\/p>\n<p>[7] Sollte die Anzahl der Projektstunden die urspr\u00fcngliche Sch\u00e4tzung aufgrund zus\u00e4tzlicher Anforderungen um mehr als 10 % \u00fcbersteigen, m\u00fcssen wir die dadurch entstandenen Mehrkosten in Rechnung stellen. Wir werden solche F\u00e4lle stets mit Ihnen besprechen, um Transparenz und gegenseitiges Einvernehmen sicherzustellen.<\/p>\n<p><strong>Artikel 4 \u2013 Alle Rechnungen von USP m\u00fcssen innerhalb von 21 Tagen bezahlt werden<\/strong><\/p>\n<p>[1] USP f\u00fchrt Aktivit\u00e4ten im Rahmen der Auftragsausf\u00fchrung gegen Zahlung der Forschungskosten durch. Die Forschungskosten sind im Forschungsantrag oder Anmeldeformular von USP aufgef\u00fchrt und werden vom Auftraggeber bei Erteilung des Auftrags gem\u00e4\u00df Artikel 1 akzeptiert.<\/p>\n<p>[2] Die von USP im Rahmen der Forschung angewendeten Kosten sind exklusive Reise- und Unterkunftskosten, Kopierkosten, Literaturkosten, die im Rahmen des Auftrags anfallen, und exklusive MwSt. Diese Kosten (weitere Spezifikationen) und die MwSt. m\u00fcssen vom Auftraggeber zusammen mit den Forschungskosten an USP erstattet werden.<\/p>\n<p>[3] USP stellt 50 % bei Annahme des Vorschlags in Rechnung und 50 % nach Abschluss des Auftrags. F\u00fcr Projekte mit einem Projektwert von mehr als 50.000 \u20ac stellt USP 50 % bei Annahme des Vorschlags in Rechnung, 25 % w\u00e4hrend des Projekts und 25 % nach Abschluss des Auftrags. USP kann festlegen, dass ein anderer Prozentsatz der Forschungskosten im Voraus zu zahlen ist.<\/p>\n<p>[4] Bei versp\u00e4teter Zahlung ger\u00e4t der Auftraggeber in Verzug, und es wird Zinsen auf den Rechnungsbetrag gem\u00e4\u00df dem niederl\u00e4ndischen gesetzlichen Zinssatz berechnet.<\/p>\n<p>Wenn USP verpflichtet ist, dem Auftraggeber eine zweite Mahnung zu senden, ist USP berechtigt, dem Auftraggeber einen Betrag von 25 \u20ac f\u00fcr entstandene Verwaltungskosten in Rechnung zu stellen.<\/p>\n<p>Alle zus\u00e4tzlichen Kosten, wie Gerichts-, au\u00dfergerichtliche und Verwaltungskosten im Zusammenhang mit der Eintreibung der Forderung aufgrund versp\u00e4teter Zahlung, gehen zu Lasten des Auftraggebers. Die au\u00dfergerichtlichen Kosten, die im Zusammenhang mit der Eintreibung anfallen, betragen mindestens 15 % des Rechnungsbetrags, mit einem Mindestbetrag von 120 \u20ac.<\/p>\n<p><strong>Artikel 5 \u2013 (Vorzeitige) Beendigung<\/strong><\/p>\n<p>[1] USP hat das Recht, die Ausf\u00fchrung eines Auftrags vorzeitig zu beenden, wenn ein im Artikel 3 Absatz [3] genanntes Ereignis eintritt und der Auftraggeber den ge\u00e4nderten Forschungsantrag (gem\u00e4\u00df Artikel 1) nicht akzeptiert. USP hat zudem das Recht, die Ausf\u00fchrung eines Auftrags vorzeitig zu beenden, wenn der Auftraggeber die Anforderungen des Artikels 3 Absatz [4] nicht erf\u00fcllt.<\/p>\n<p>[2] USP und der Auftraggeber haben das Recht, die Ausf\u00fchrung eines Auftrags vorzeitig zu beenden, wenn die andere Partei schuldhaft bei der Erf\u00fcllung (einer ihrer) Verpflichtungen versagt und\/oder die andere Partei f\u00fcr zahlungsunf\u00e4hig erkl\u00e4rt wird oder eine Zahlungsunf\u00e4higkeit beantragt wird.<\/p>\n<p>[3] Im Falle einer vorzeitigen Beendigung der Ausf\u00fchrung eines Auftrags ist der Auftraggeber verpflichtet, USP die Kosten der Forschung und andere bis zum Zeitpunkt der Beendigung f\u00e4llige Kosten zu zahlen.<\/p>\n<p>[4] Die (Ausf\u00fchrung eines) Auftrags endet, wenn der endg\u00fcltige Bericht von USP an den Auftraggeber gesendet wird und \u2013 sofern vereinbart \u2013 die Pr\u00e4sentation durch USP stattgefunden hat.<\/p>\n<p><strong>Artikel 6 \u2013 Geistige Eigentumsrechte<\/strong><\/p>\n<p>[1] USP ist der ausschlie\u00dfliche Inhaber aller geistigen Eigentumsrechte (einschlie\u00dflich, aber nicht beschr\u00e4nkt auf: Urheberrechte, Datenbankrechte, Markenrechte, Patentrechte und Handelsnamensrechte) in Bezug auf Forschungsantr\u00e4ge, (Zwischen-)Berichte und andere von USP stammende Dokumente.<\/p>\n<p>[2] Die Durchf\u00fchrung von Aktivit\u00e4ten durch USP f\u00fcr den Auftraggeber zur Ausf\u00fchrung eines Auftrags bedeutet nicht, dass die geistigen Eigentumsrechte in Bezug auf diese Aktivit\u00e4ten oder deren Ergebnisse dem Auftraggeber zustehen oder an ihn lizenziert werden. Diese geistigen Eigentumsrechte verbleiben vollst\u00e4ndig bei USP, es sei denn, es wurde ausdr\u00fccklich schriftlich etwas anderes vereinbart. Falls ein Auftraggeber als \u00f6ffentliche Beh\u00f6rde im Sinne des \u00a7 15b Urheberrechtsgesetz 1912 angesehen werden kann, garantiert dieser Auftraggeber, dass das Urheberrecht ausdr\u00fccklich vorbehalten bleibt, sodass USP sich gegen eine weitere Offenlegung und\/oder Vervielf\u00e4ltigung wehren kann.<\/p>\n<p>[3] Der Auftraggeber wird ohne die ausdr\u00fcckliche schriftliche Genehmigung von USP keine Forschungsantr\u00e4ge, (Zwischen-)Berichte und andere Dokumente von USP ganz oder teilweise vervielf\u00e4ltigen und\/oder Dritten zur Verf\u00fcgung stellen und\/oder anderweitig offenlegen.<\/p>\n<p>[4] Der Auftraggeber wird innerhalb eines Jahres nach Abschluss eines Projekts oder Erhalt von Dienstleistungen von USP Marketing Consultancy keine Mitarbeiter von USP Marketing Consultancy f\u00fcr eine Rolle innerhalb seiner eigenen Organisation\/Tochtergesellschaften ansprechen, ohne die vorherige ausdr\u00fcckliche schriftliche Zustimmung von USP Marketing Consultancy.<\/p>\n<p><strong>Artikel 7 \u2013 Vertraulichkeit<\/strong><\/p>\n<p>[1] Wenn USP mit dem Auftraggeber vereinbart, dass es eine exklusive Umfrage durchf\u00fchrt, verpflichtet sich USP, die Vertraulichkeit aller Informationen und Daten zu wahren, die es im Rahmen der (Durchf\u00fchrung des) Auftrags vom Auftraggeber erh\u00e4lt. Alle vom Auftraggeber erhaltenen Informationen, wie Kundendaten, werden zudem nur im Rahmen der Forschung verwendet. USP wird seine (Zwischen-)Berichte in solchen Umfragen nur an den Auftraggeber weitergeben. Wenn USP gesetzlich verpflichtet ist, diese Informationen und Daten bereitzustellen, entf\u00e4llt diese Vertraulichkeit.<\/p>\n<p>[2] Wenn USP und der Auftraggeber vereinbaren, dass USP eine Multi-Client-Umfrage durchf\u00fchrt, gilt die vorgenannte Vertraulichkeitspflicht (Absatz [1]) nicht.<\/p>\n<p>[3] Der Auftraggeber wird ohne die ausdr\u00fcckliche und vorherige schriftliche Genehmigung von USP keine Aussagen gegen\u00fcber Dritten bez\u00fcglich der Vorgehensweise und Arbeitsmethoden von USP im Rahmen der (Durchf\u00fchrung des) Auftrags machen.<\/p>\n<p><strong>Artikel 8 \u2013 Haftung<\/strong><\/p>\n<p>[1] USP haftet nicht f\u00fcr Sch\u00e4den, die die direkte oder indirekte Folge seiner Aktivit\u00e4ten sind, es sei denn, es liegt grobe Fahrl\u00e4ssigkeit oder Vorsatz seitens USP vor. In jedem Fall ist die Haftung von USP auf einen Betrag beschr\u00e4nkt, der der Summe der Rechnungsbetr\u00e4ge aller von USP an den Auftraggeber im Zusammenhang mit dem spezifischen Auftrag gesendeten Rechnungen entspricht.<\/p>\n<p>[2] Der Auftraggeber stellt USP von allen Anspr\u00fcchen Dritter frei, die eine Schadensersatzforderung aufgrund der direkten oder indirekten Folge seiner Aktivit\u00e4ten betreffen.<\/p>\n<p><strong>Artikel 9 \u2013 Mehrere Auftraggeber<\/strong><\/p>\n<p>Falls mehrere Auftraggeber gemeinsam USP mit der Durchf\u00fchrung einer exklusiven Umfrage beauftragen, ist jeder Auftraggeber gesamtschuldnerisch verpflichtet, seine Verpflichtungen gegen\u00fcber USP zu erf\u00fcllen, und es gelten f\u00fcr jeden Auftraggeber separate Garantien. Jedes Ereignis oder Recht, das USP gegen\u00fcber einem der Auftraggeber geltend machen kann, kann auch gegen\u00fcber den anderen Auftraggebern geltend gemacht werden.<\/p>\n","protected":false},"excerpt":{"rendered":"<p>Artikel 1 \u2013 Allgemeines Diese allgemeinen Gesch\u00e4ftsbedingungen gelten f\u00fcr alle Auftr\u00e4ge von Auftraggebern, die von der USP Marketing Consultancy B.V. (\u201eUSP\u201c) angenommen werden. Artikel 2 \u2013 Auftragsannahme [1] USP f\u00fchrt im Auftrag exklusive Umfragen und Multi-Client-Umfragen durch. [2] Bevor USP einen Auftrag zur Durchf\u00fchrung einer exklusiven Umfrage annimmt, legt USP einen Umfragevorschlag vor. Dieser Umfragevorschlag [&hellip;]<\/p>\n","protected":false},"author":1,"featured_media":0,"parent":0,"menu_order":31,"comment_status":"closed","ping_status":"closed","template":"tpl-privacy-policy.php","meta":{"_acf_changed":false,"footnotes":""},"class_list":["post-10096","page","type-page","status-publish","hentry"],"acf":[],"yoast_head":"<!-- This site is optimized with the Yoast SEO plugin v27.0 - https:\/\/yoast.com\/product\/yoast-seo-wordpress\/ -->\n<title>Allgemeine Gesch\u00e4ftsbedingungen - Usp<\/title>\n<meta name=\"description\" content=\"\u00dcberpr\u00fcfen Sie unsere Allgemeinen Gesch\u00e4ftsbedingungen, um Einblicke in unsere Richtlinien und Benutzerpflichten zu erhalten. Ihr Verst\u00e4ndnis ist entscheidend f\u00fcr eine sichere und informierte Erfahrung.\" \/>\n<meta name=\"robots\" content=\"index, follow, max-snippet:-1, max-image-preview:large, max-video-preview:-1\" \/>\n<meta property=\"og:locale\" content=\"de_DE\" \/>\n<meta property=\"og:type\" content=\"article\" \/>\n<meta property=\"og:title\" content=\"Allgemeine Gesch\u00e4ftsbedingungen - Usp\" \/>\n<meta property=\"og:description\" content=\"\u00dcberpr\u00fcfen Sie unsere Allgemeinen Gesch\u00e4ftsbedingungen, um Einblicke in unsere Richtlinien und Benutzerpflichten zu erhalten. Ihr Verst\u00e4ndnis ist entscheidend f\u00fcr eine sichere und informierte Erfahrung.\" \/>\n<meta property=\"og:url\" content=\"https:\/\/www.usp-research.com\/de\/allgemeine-geschaeftsbedingungen\/\" \/>\n<meta property=\"og:site_name\" content=\"Usp\" \/>\n<meta property=\"article:modified_time\" content=\"2025-04-14T07:15:22+00:00\" \/>\n<meta name=\"twitter:card\" content=\"summary_large_image\" \/>\n<meta name=\"twitter:label1\" content=\"Gesch\u00e4tzte Lesezeit\" \/>\n\t<meta name=\"twitter:data1\" content=\"6\u00a0Minuten\" \/>\n<script type=\"application\/ld+json\" class=\"yoast-schema-graph\">{\"@context\":\"https:\/\/schema.org\",\"@graph\":[{\"@type\":\"WebPage\",\"@id\":\"https:\/\/www.usp-research.com\/de\/allgemeine-geschaeftsbedingungen\/\",\"url\":\"https:\/\/www.usp-research.com\/de\/allgemeine-geschaeftsbedingungen\/\",\"name\":\"Allgemeine Gesch\u00e4ftsbedingungen - Usp\",\"isPartOf\":{\"@id\":\"https:\/\/www.usp-research.com\/#website\"},\"datePublished\":\"2024-08-13T11:07:18+00:00\",\"dateModified\":\"2025-04-14T07:15:22+00:00\",\"description\":\"\u00dcberpr\u00fcfen Sie unsere Allgemeinen Gesch\u00e4ftsbedingungen, um Einblicke in unsere Richtlinien und Benutzerpflichten zu erhalten. Ihr Verst\u00e4ndnis ist entscheidend f\u00fcr eine sichere und informierte Erfahrung.\",\"breadcrumb\":{\"@id\":\"https:\/\/www.usp-research.com\/de\/allgemeine-geschaeftsbedingungen\/#breadcrumb\"},\"inLanguage\":\"de\",\"potentialAction\":[{\"@type\":\"ReadAction\",\"target\":[\"https:\/\/www.usp-research.com\/de\/allgemeine-geschaeftsbedingungen\/\"]}]},{\"@type\":\"BreadcrumbList\",\"@id\":\"https:\/\/www.usp-research.com\/de\/allgemeine-geschaeftsbedingungen\/#breadcrumb\",\"itemListElement\":[{\"@type\":\"ListItem\",\"position\":1,\"name\":\"Home\",\"item\":\"https:\/\/www.usp-research.com\/de\/\"},{\"@type\":\"ListItem\",\"position\":2,\"name\":\"Allgemeine Gesch\u00e4ftsbedingungen\"}]},{\"@type\":\"WebSite\",\"@id\":\"https:\/\/www.usp-research.com\/#website\",\"url\":\"https:\/\/www.usp-research.com\/\",\"name\":\"Usp\",\"description\":\"\",\"publisher\":{\"@id\":\"https:\/\/www.usp-research.com\/#organization\"},\"potentialAction\":[{\"@type\":\"SearchAction\",\"target\":{\"@type\":\"EntryPoint\",\"urlTemplate\":\"https:\/\/www.usp-research.com\/?s={search_term_string}\"},\"query-input\":{\"@type\":\"PropertyValueSpecification\",\"valueRequired\":true,\"valueName\":\"search_term_string\"}}],\"inLanguage\":\"de\"},{\"@type\":\"Organization\",\"@id\":\"https:\/\/www.usp-research.com\/#organization\",\"name\":\"USP Marketing Consultancy\",\"alternateName\":\"USP Research\",\"url\":\"https:\/\/www.usp-research.com\/\",\"logo\":{\"@type\":\"ImageObject\",\"inLanguage\":\"de\",\"@id\":\"https:\/\/www.usp-research.com\/#\/schema\/logo\/image\/\",\"url\":\"https:\/\/www.usp-research.com\/wp-content\/uploads\/2024\/02\/usp-marketing-logo.png\",\"contentUrl\":\"https:\/\/www.usp-research.com\/wp-content\/uploads\/2024\/02\/usp-marketing-logo.png\",\"width\":600,\"height\":315,\"caption\":\"USP Marketing Consultancy\"},\"image\":{\"@id\":\"https:\/\/www.usp-research.com\/#\/schema\/logo\/image\/\"},\"sameAs\":[\"https:\/\/www.linkedin.com\/company\/usp-marketing-consultancy\/\",\"https:\/\/www.youtube.com\/@marketingconsultancy\"]}]}<\/script>\n<!-- \/ Yoast SEO plugin. -->","yoast_head_json":{"title":"Allgemeine Gesch\u00e4ftsbedingungen - Usp","description":"\u00dcberpr\u00fcfen Sie unsere Allgemeinen Gesch\u00e4ftsbedingungen, um Einblicke in unsere Richtlinien und Benutzerpflichten zu erhalten. Ihr Verst\u00e4ndnis ist entscheidend f\u00fcr eine sichere und informierte Erfahrung.","robots":{"index":"index","follow":"follow","max-snippet":"max-snippet:-1","max-image-preview":"max-image-preview:large","max-video-preview":"max-video-preview:-1"},"og_locale":"de_DE","og_type":"article","og_title":"Allgemeine Gesch\u00e4ftsbedingungen - Usp","og_description":"\u00dcberpr\u00fcfen Sie unsere Allgemeinen Gesch\u00e4ftsbedingungen, um Einblicke in unsere Richtlinien und Benutzerpflichten zu erhalten. Ihr Verst\u00e4ndnis ist entscheidend f\u00fcr eine sichere und informierte Erfahrung.","og_url":"https:\/\/www.usp-research.com\/de\/allgemeine-geschaeftsbedingungen\/","og_site_name":"Usp","article_modified_time":"2025-04-14T07:15:22+00:00","twitter_card":"summary_large_image","twitter_misc":{"Gesch\u00e4tzte Lesezeit":"6\u00a0Minuten"},"schema":{"@context":"https:\/\/schema.org","@graph":[{"@type":"WebPage","@id":"https:\/\/www.usp-research.com\/de\/allgemeine-geschaeftsbedingungen\/","url":"https:\/\/www.usp-research.com\/de\/allgemeine-geschaeftsbedingungen\/","name":"Allgemeine Gesch\u00e4ftsbedingungen - Usp","isPartOf":{"@id":"https:\/\/www.usp-research.com\/#website"},"datePublished":"2024-08-13T11:07:18+00:00","dateModified":"2025-04-14T07:15:22+00:00","description":"\u00dcberpr\u00fcfen Sie unsere Allgemeinen Gesch\u00e4ftsbedingungen, um Einblicke in unsere Richtlinien und Benutzerpflichten zu erhalten. Ihr Verst\u00e4ndnis ist entscheidend f\u00fcr eine sichere und informierte Erfahrung.","breadcrumb":{"@id":"https:\/\/www.usp-research.com\/de\/allgemeine-geschaeftsbedingungen\/#breadcrumb"},"inLanguage":"de","potentialAction":[{"@type":"ReadAction","target":["https:\/\/www.usp-research.com\/de\/allgemeine-geschaeftsbedingungen\/"]}]},{"@type":"BreadcrumbList","@id":"https:\/\/www.usp-research.com\/de\/allgemeine-geschaeftsbedingungen\/#breadcrumb","itemListElement":[{"@type":"ListItem","position":1,"name":"Home","item":"https:\/\/www.usp-research.com\/de\/"},{"@type":"ListItem","position":2,"name":"Allgemeine Gesch\u00e4ftsbedingungen"}]},{"@type":"WebSite","@id":"https:\/\/www.usp-research.com\/#website","url":"https:\/\/www.usp-research.com\/","name":"Usp","description":"","publisher":{"@id":"https:\/\/www.usp-research.com\/#organization"},"potentialAction":[{"@type":"SearchAction","target":{"@type":"EntryPoint","urlTemplate":"https:\/\/www.usp-research.com\/?s={search_term_string}"},"query-input":{"@type":"PropertyValueSpecification","valueRequired":true,"valueName":"search_term_string"}}],"inLanguage":"de"},{"@type":"Organization","@id":"https:\/\/www.usp-research.com\/#organization","name":"USP Marketing Consultancy","alternateName":"USP Research","url":"https:\/\/www.usp-research.com\/","logo":{"@type":"ImageObject","inLanguage":"de","@id":"https:\/\/www.usp-research.com\/#\/schema\/logo\/image\/","url":"https:\/\/www.usp-research.com\/wp-content\/uploads\/2024\/02\/usp-marketing-logo.png","contentUrl":"https:\/\/www.usp-research.com\/wp-content\/uploads\/2024\/02\/usp-marketing-logo.png","width":600,"height":315,"caption":"USP Marketing Consultancy"},"image":{"@id":"https:\/\/www.usp-research.com\/#\/schema\/logo\/image\/"},"sameAs":["https:\/\/www.linkedin.com\/company\/usp-marketing-consultancy\/","https:\/\/www.youtube.com\/@marketingconsultancy"]}]}},"_links":{"self":[{"href":"https:\/\/www.usp-research.com\/de\/wp-json\/wp\/v2\/pages\/10096","targetHints":{"allow":["GET"]}}],"collection":[{"href":"https:\/\/www.usp-research.com\/de\/wp-json\/wp\/v2\/pages"}],"about":[{"href":"https:\/\/www.usp-research.com\/de\/wp-json\/wp\/v2\/types\/page"}],"author":[{"embeddable":true,"href":"https:\/\/www.usp-research.com\/de\/wp-json\/wp\/v2\/users\/1"}],"replies":[{"embeddable":true,"href":"https:\/\/www.usp-research.com\/de\/wp-json\/wp\/v2\/comments?post=10096"}],"version-history":[{"count":4,"href":"https:\/\/www.usp-research.com\/de\/wp-json\/wp\/v2\/pages\/10096\/revisions"}],"predecessor-version":[{"id":13671,"href":"https:\/\/www.usp-research.com\/de\/wp-json\/wp\/v2\/pages\/10096\/revisions\/13671"}],"wp:attachment":[{"href":"https:\/\/www.usp-research.com\/de\/wp-json\/wp\/v2\/media?parent=10096"}],"curies":[{"name":"wp","href":"https:\/\/api.w.org\/{rel}","templated":true}]}}